{"id":30745,"date":"2025-10-20T10:02:08","date_gmt":"2025-10-20T10:02:08","guid":{"rendered":"https:\/\/fushaco.com\/?post_type=product&#038;p=30745"},"modified":"2025-12-18T17:07:05","modified_gmt":"2025-12-18T17:07:05","slug":"fush-xk-003","status":"publish","type":"product","link":"https:\/\/fushaco.com\/sq\/produkt\/fush-xk-003\/","title":{"rendered":"Qirinj\u00eb Dekorativ\u00eb \u2013 FUSH-XK-003"},"content":{"rendered":"<p data-start=\"171\" data-end=\"463\">Ky qiri \u00ebsht\u00eb nj\u00eb kombinim i mrekulluesh\u00ebm i artit dhe ndjenj\u00ebs. I vendosur n\u00eb nj\u00eb <strong data-start=\"272\" data-end=\"297\">kup\u00eb elegante t\u00eb zez\u00eb<\/strong>, ky qiri p\u00ebrmban nj\u00eb <strong data-start=\"319\" data-end=\"342\">ariush roz\u00eb t\u00eb but\u00eb<\/strong>, <strong data-start=\"344\" data-end=\"370\">dy tr\u00ebndafila delikat\u00eb<\/strong> dhe nj\u00eb <strong data-start=\"379\" data-end=\"397\">zem\u00ebr t\u00eb \u00ebmb\u00ebl<\/strong>, duke krijuar nj\u00eb pamje t\u00eb ngroht\u00eb, romantike dhe plot dashuri.<\/p>\n<p data-start=\"465\" data-end=\"622\">Ky produkt \u00ebsht\u00eb ideal si <strong data-start=\"491\" data-end=\"541\">dhurat\u00eb p\u00ebr dit\u00eblindje, dit\u00ebn e t\u00eb dashuruarve<\/strong>, apo p\u00ebr t\u00eb sjell\u00eb nj\u00eb prekje luksi dhe relaksi n\u00eb ambientin tuaj t\u00eb sht\u00ebpis\u00eb.<\/p>","protected":false},"excerpt":{"rendered":"<p data-start=\"624\" data-end=\"652\"><strong data-start=\"626\" data-end=\"650\">Detajet e produktit:<\/strong><\/p>\n<ul data-start=\"653\" data-end=\"1036\">\n<li data-start=\"653\" data-end=\"718\">\n<p data-start=\"655\" data-end=\"718\"><strong data-start=\"655\" data-end=\"671\">Dizajn unik:<\/strong> Ariush roz\u00eb, tr\u00ebndafila dhe zem\u00ebr dekorative<\/p>\n<\/li>\n<li data-start=\"719\" data-end=\"768\">\n<p data-start=\"721\" data-end=\"768\"><strong data-start=\"721\" data-end=\"732\">Ngjyra:<\/strong> Roz\u00eb e but\u00eb &amp; en\u00eb e zez\u00eb elegante<\/p>\n<\/li>\n<li data-start=\"769\" data-end=\"825\">\n<p data-start=\"771\" data-end=\"825\"><strong data-start=\"771\" data-end=\"785\">Materiali:<\/strong> Dyell soje<\/p>\n<\/li>\n<li data-start=\"896\" data-end=\"934\">\n<p data-start=\"898\" data-end=\"934\"><strong data-start=\"898\" data-end=\"911\">Madh\u00ebsia:<\/strong> 9.00cm<\/p>\n<\/li>\n<li data-start=\"935\" data-end=\"994\">\n<p data-start=\"937\" data-end=\"994\"><strong data-start=\"937\" data-end=\"950\">P\u00ebrdorim:<\/strong> P\u00ebr dekor ose p\u00ebr aromatizim t\u00eb ambientit<\/p>\n<\/li>\n<li data-start=\"995\" data-end=\"1036\">\n<p data-start=\"997\" data-end=\"1036\"><strong data-start=\"997\" data-end=\"1016\">Paketim elegant<\/strong>, gati p\u00ebr dhurat\u00eb<\/p>\n<\/li>\n<\/ul>","protected":false},"featured_media":30692,"template":"","meta":[],"product_brand":[],"product_cat":[326],"product_tag":[],"class_list":{"0":"post-30745","1":"product","2":"type-product","3":"status-publish","4":"has-post-thumbnail","6":"product_cat-qirinje","8":"first","9":"instock","10":"taxable","11":"shipping-taxable","12":"purchasable","13":"product-type-simple"},"group_of_quantity":0,"min_quantity":0,"max_quantity":"","exclude_order_quantity_value_rules":"no","exclude_category_quantity_rules":"no","combine_variations":"no","jetpack_sharing_enabled":true,"_links":{"self":[{"href":"https:\/\/fushaco.com\/sq\/wp-json\/wp\/v2\/product\/30745","targetHints":{"allow":["GET"]}}],"collection":[{"href":"https:\/\/fushaco.com\/sq\/wp-json\/wp\/v2\/product"}],"about":[{"href":"https:\/\/fushaco.com\/sq\/wp-json\/wp\/v2\/types\/product"}],"version-history":[{"count":6,"href":"https:\/\/fushaco.com\/sq\/wp-json\/wp\/v2\/product\/30745\/revisions"}],"predecessor-version":[{"id":33364,"href":"https:\/\/fushaco.com\/sq\/wp-json\/wp\/v2\/product\/30745\/revisions\/33364"}],"wp:featuredmedia":[{"embeddable":true,"href":"https:\/\/fushaco.com\/sq\/wp-json\/wp\/v2\/media\/30692"}],"wp:attachment":[{"href":"https:\/\/fushaco.com\/sq\/wp-json\/wp\/v2\/media?parent=30745"}],"wp:term":[{"taxonomy":"product_brand","embeddable":true,"href":"https:\/\/fushaco.com\/sq\/wp-json\/wp\/v2\/product_brand?post=30745"},{"taxonomy":"product_cat","embeddable":true,"href":"https:\/\/fushaco.com\/sq\/wp-json\/wp\/v2\/product_cat?post=30745"},{"taxonomy":"product_tag","embeddable":true,"href":"https:\/\/fushaco.com\/sq\/wp-json\/wp\/v2\/product_tag?post=30745"}],"curies":[{"name":"wp","href":"https:\/\/api.w.org\/{rel}","templated":true}]}}