{"id":30748,"date":"2025-10-20T10:10:59","date_gmt":"2025-10-20T10:10:59","guid":{"rendered":"https:\/\/fushaco.com\/?post_type=product&#038;p=30748"},"modified":"2025-12-18T17:07:03","modified_gmt":"2025-12-18T17:07:03","slug":"fush-xk-009","status":"publish","type":"product","link":"https:\/\/fushaco.com\/sq\/produkt\/fush-xk-009\/","title":{"rendered":"Qirinj\u00eb Dekorativ\u00eb \u2013 FUSH-XK-009"},"content":{"rendered":"<p data-start=\"157\" data-end=\"422\">Ky qiri sjell ndjesin\u00eb e ngroht\u00ebsis\u00eb dhe rehatis\u00eb q\u00eb vet\u00ebm sht\u00ebpia mund t\u00eb ofroj\u00eb. Me dizajnin e tij t\u00eb ve\u00e7ant\u00eb n\u00eb form\u00ebn e nj\u00eb <strong data-start=\"299\" data-end=\"329\">sht\u00ebpize t\u00eb vog\u00ebl elegante<\/strong>, ky qiri \u00ebsht\u00eb perfekt p\u00ebr t\u00eb krijuar nj\u00eb atmosfer\u00eb t\u00eb qet\u00eb dhe mikprit\u00ebse n\u00eb \u00e7do ambient.<\/p>\n<p data-start=\"424\" data-end=\"619\">Ky model minimalist, me ngjyr\u00eb t\u00eb bardh\u00eb t\u00eb but\u00eb dhe detaje t\u00eb punuara me kujdes, e b\u00ebn nj\u00eb <strong data-start=\"516\" data-end=\"543\">aksesor dekorativ ideal<\/strong> p\u00ebr dhoma ndenjeje, zyre apo si dhurat\u00eb simbolike p\u00ebr miqt\u00eb dhe familjen.<\/p>","protected":false},"excerpt":{"rendered":"<p data-start=\"621\" data-end=\"649\"><strong data-start=\"623\" data-end=\"647\">Detajet e produktit:<\/strong><\/p>\n<ul data-start=\"650\" data-end=\"946\">\n<li data-start=\"650\" data-end=\"688\">\n<p data-start=\"652\" data-end=\"688\"><strong data-start=\"652\" data-end=\"662\">Forma:<\/strong> Sht\u00ebpi e vog\u00ebl me oxhak<\/p>\n<\/li>\n<li data-start=\"689\" data-end=\"722\">\n<p data-start=\"691\" data-end=\"722\"><strong data-start=\"691\" data-end=\"702\">Ngjyra:<\/strong> E bardh\u00eb e past\u00ebr<\/p>\n<\/li>\n<li data-start=\"723\" data-end=\"774\">\n<p data-start=\"725\" data-end=\"774\"><strong data-start=\"725\" data-end=\"739\">Materiali:<\/strong> Dyell soje<\/p>\n<\/li>\n<li data-start=\"809\" data-end=\"848\">\n<p data-start=\"811\" data-end=\"848\"><strong data-start=\"811\" data-end=\"824\">Madh\u00ebsia:<\/strong> 7.50cm<\/p>\n<\/li>\n<li data-start=\"849\" data-end=\"901\">\n<p data-start=\"851\" data-end=\"901\"><strong data-start=\"851\" data-end=\"864\">P\u00ebrdorim:<\/strong> Dekorativ<\/p>\n<\/li>\n<\/ul>","protected":false},"featured_media":30698,"template":"","meta":[],"product_brand":[],"product_cat":[326],"product_tag":[],"class_list":{"0":"post-30748","1":"product","2":"type-product","3":"status-publish","4":"has-post-thumbnail","6":"product_cat-qirinje","8":"first","9":"instock","10":"taxable","11":"shipping-taxable","12":"purchasable","13":"product-type-simple"},"group_of_quantity":0,"min_quantity":0,"max_quantity":"","exclude_order_quantity_value_rules":"no","exclude_category_quantity_rules":"no","combine_variations":"no","jetpack_sharing_enabled":true,"_links":{"self":[{"href":"https:\/\/fushaco.com\/sq\/wp-json\/wp\/v2\/product\/30748","targetHints":{"allow":["GET"]}}],"collection":[{"href":"https:\/\/fushaco.com\/sq\/wp-json\/wp\/v2\/product"}],"about":[{"href":"https:\/\/fushaco.com\/sq\/wp-json\/wp\/v2\/types\/product"}],"version-history":[{"count":4,"href":"https:\/\/fushaco.com\/sq\/wp-json\/wp\/v2\/product\/30748\/revisions"}],"predecessor-version":[{"id":33363,"href":"https:\/\/fushaco.com\/sq\/wp-json\/wp\/v2\/product\/30748\/revisions\/33363"}],"wp:featuredmedia":[{"embeddable":true,"href":"https:\/\/fushaco.com\/sq\/wp-json\/wp\/v2\/media\/30698"}],"wp:attachment":[{"href":"https:\/\/fushaco.com\/sq\/wp-json\/wp\/v2\/media?parent=30748"}],"wp:term":[{"taxonomy":"product_brand","embeddable":true,"href":"https:\/\/fushaco.com\/sq\/wp-json\/wp\/v2\/product_brand?post=30748"},{"taxonomy":"product_cat","embeddable":true,"href":"https:\/\/fushaco.com\/sq\/wp-json\/wp\/v2\/product_cat?post=30748"},{"taxonomy":"product_tag","embeddable":true,"href":"https:\/\/fushaco.com\/sq\/wp-json\/wp\/v2\/product_tag?post=30748"}],"curies":[{"name":"wp","href":"https:\/\/api.w.org\/{rel}","templated":true}]}}