{"id":30750,"date":"2025-10-20T10:05:48","date_gmt":"2025-10-20T10:05:48","guid":{"rendered":"https:\/\/fushaco.com\/?post_type=product&#038;p=30750"},"modified":"2025-12-18T17:06:59","modified_gmt":"2025-12-18T17:06:59","slug":"fush-xk-004","status":"publish","type":"product","link":"https:\/\/fushaco.com\/sq\/produkt\/fush-xk-004\/","title":{"rendered":"Qirinj\u00eb Dekorativ\u00eb \u2013 FUSH-XK-004"},"content":{"rendered":"<p data-start=\"157\" data-end=\"376\">Ky qiri p\u00ebrfaq\u00ebson stilin minimalist n\u00eb form\u00ebn m\u00eb t\u00eb \u00ebmb\u00ebl t\u00eb mundshme. Me dizajnin e tij t\u00eb past\u00ebr dhe form\u00ebn e nj\u00eb ariushi t\u00eb vog\u00ebl, ky qiri sjell <strong data-start=\"324\" data-end=\"358\">qet\u00ebsi, ngroht\u00ebsi dhe eleganc\u00eb<\/strong> n\u00eb \u00e7do ambient.<\/p>\n<p data-start=\"378\" data-end=\"551\">I punuar me kujdes nga materiale cil\u00ebsore, qiriu <strong data-start=\"427\" data-end=\"452\">nuk \u00ebsht\u00eb vet\u00ebm dekor<\/strong>, por edhe nj\u00eb simbol dashurie dhe kujdesi \u2014 perfekt p\u00ebr dhurata apo dekorime delikate n\u00eb sht\u00ebpi.<\/p>","protected":false},"excerpt":{"rendered":"<p data-start=\"553\" data-end=\"581\"><strong data-start=\"555\" data-end=\"579\">Detajet e produktit:<\/strong><\/p>\n<ul data-start=\"582\" data-end=\"871\">\n<li data-start=\"582\" data-end=\"614\">\n<p data-start=\"584\" data-end=\"614\"><strong data-start=\"584\" data-end=\"594\">Forma:<\/strong> Ariush minimalist<\/p>\n<\/li>\n<li data-start=\"615\" data-end=\"648\">\n<p data-start=\"617\" data-end=\"648\"><strong data-start=\"617\" data-end=\"628\">Ngjyra:<\/strong> E bardh\u00eb e past\u00ebr<\/p>\n<\/li>\n<li data-start=\"649\" data-end=\"700\">\n<p data-start=\"651\" data-end=\"700\"><strong data-start=\"651\" data-end=\"665\">Materiali:<\/strong> Dyell soje<\/p>\n<\/li>\n<li data-start=\"649\" data-end=\"700\">\n<p data-start=\"651\" data-end=\"700\"><strong data-start=\"737\" data-end=\"750\">Madh\u00ebsia:<\/strong> 4.00cm<\/p>\n<\/li>\n<li data-start=\"774\" data-end=\"826\">\n<p data-start=\"776\" data-end=\"826\"><strong data-start=\"776\" data-end=\"789\">P\u00ebrdorim:<\/strong> Dekorativ<\/p>\n<\/li>\n<li data-start=\"827\" data-end=\"871\">\n<p data-start=\"829\" data-end=\"871\"><strong data-start=\"829\" data-end=\"848\">Paketim elegant<\/strong>, perfekt p\u00ebr dhurat\u00eb<\/p>\n<\/li>\n<\/ul>","protected":false},"featured_media":30693,"template":"","meta":[],"product_brand":[],"product_cat":[326],"product_tag":[],"class_list":{"0":"post-30750","1":"product","2":"type-product","3":"status-publish","4":"has-post-thumbnail","6":"product_cat-qirinje","8":"first","9":"instock","10":"taxable","11":"shipping-taxable","12":"purchasable","13":"product-type-simple"},"group_of_quantity":0,"min_quantity":0,"max_quantity":"","exclude_order_quantity_value_rules":"no","exclude_category_quantity_rules":"no","combine_variations":"no","jetpack_sharing_enabled":true,"_links":{"self":[{"href":"https:\/\/fushaco.com\/sq\/wp-json\/wp\/v2\/product\/30750","targetHints":{"allow":["GET"]}}],"collection":[{"href":"https:\/\/fushaco.com\/sq\/wp-json\/wp\/v2\/product"}],"about":[{"href":"https:\/\/fushaco.com\/sq\/wp-json\/wp\/v2\/types\/product"}],"version-history":[{"count":5,"href":"https:\/\/fushaco.com\/sq\/wp-json\/wp\/v2\/product\/30750\/revisions"}],"predecessor-version":[{"id":33362,"href":"https:\/\/fushaco.com\/sq\/wp-json\/wp\/v2\/product\/30750\/revisions\/33362"}],"wp:featuredmedia":[{"embeddable":true,"href":"https:\/\/fushaco.com\/sq\/wp-json\/wp\/v2\/media\/30693"}],"wp:attachment":[{"href":"https:\/\/fushaco.com\/sq\/wp-json\/wp\/v2\/media?parent=30750"}],"wp:term":[{"taxonomy":"product_brand","embeddable":true,"href":"https:\/\/fushaco.com\/sq\/wp-json\/wp\/v2\/product_brand?post=30750"},{"taxonomy":"product_cat","embeddable":true,"href":"https:\/\/fushaco.com\/sq\/wp-json\/wp\/v2\/product_cat?post=30750"},{"taxonomy":"product_tag","embeddable":true,"href":"https:\/\/fushaco.com\/sq\/wp-json\/wp\/v2\/product_tag?post=30750"}],"curies":[{"name":"wp","href":"https:\/\/api.w.org\/{rel}","templated":true}]}}