{"id":30752,"date":"2025-10-20T10:06:32","date_gmt":"2025-10-20T10:06:32","guid":{"rendered":"https:\/\/fushaco.com\/?post_type=product&#038;p=30752"},"modified":"2026-03-28T14:53:09","modified_gmt":"2026-03-28T14:53:09","slug":"fush-xk-005","status":"publish","type":"product","link":"https:\/\/fushaco.com\/sq\/produkt\/fush-xk-005\/","title":{"rendered":"Qirinj\u00eb Dekorativ\u00eb &#8211; FUSH-XK-005"},"content":{"rendered":"<p data-start=\"173\" data-end=\"401\">Ky qiri \u00ebsht\u00eb nj\u00eb kombinim perfekt i \u00ebmb\u00eblsis\u00eb dhe eleganc\u00ebs. Me form\u00ebn e nj\u00eb ariushi t\u00eb bardh\u00eb t\u00eb but\u00eb dhe nj\u00eb <strong data-start=\"309\" data-end=\"333\">fjongo roz\u00eb delikate<\/strong>, ky qiri shton nj\u00eb prekje dashurie dhe ngroht\u00ebsie n\u00eb \u00e7do ambient.<\/p>\n<p data-start=\"403\" data-end=\"602\">Ky qiri \u00ebsht\u00eb ideal si <strong data-start=\"426\" data-end=\"473\">dhurat\u00eb p\u00ebr lindje, baby shower, dit\u00eblindje<\/strong> apo si nj\u00eb dekor i ve\u00e7ant\u00eb p\u00ebr sht\u00ebpin\u00eb tuaj. I punuar me kujdes n\u00eb \u00e7do detaj, ai p\u00ebrcjell ndjenj\u00ebn e qet\u00ebsis\u00eb dhe past\u00ebrtis\u00eb.<\/p>","protected":false},"excerpt":{"rendered":"<p data-start=\"604\" data-end=\"632\"><strong data-start=\"606\" data-end=\"630\">Detajet e produktit:<\/strong><\/p>\n<ul data-start=\"633\" data-end=\"944\">\n<li data-start=\"633\" data-end=\"680\">\n<p data-start=\"635\" data-end=\"680\"><strong data-start=\"635\" data-end=\"645\">Forma:<\/strong> Ariush me fjongo roz\u00eb dekorative<\/p>\n<\/li>\n<li data-start=\"681\" data-end=\"720\">\n<p data-start=\"683\" data-end=\"720\"><strong data-start=\"683\" data-end=\"694\">Ngjyra:<\/strong> E bardh\u00eb me fjongo roz\u00eb<\/p>\n<\/li>\n<li data-start=\"721\" data-end=\"772\">\n<p data-start=\"723\" data-end=\"772\"><strong data-start=\"723\" data-end=\"737\">Materiali:<\/strong> Dyell soje<\/p>\n<\/li>\n<li data-start=\"807\" data-end=\"846\">\n<p data-start=\"809\" data-end=\"846\"><strong data-start=\"809\" data-end=\"822\">Madh\u00ebsia:<\/strong> 4.50cm<\/p>\n<\/li>\n<li data-start=\"847\" data-end=\"899\">\n<p data-start=\"849\" data-end=\"899\"><strong data-start=\"849\" data-end=\"862\">P\u00ebrdorim:<\/strong> Dekorativ<\/p>\n<\/li>\n<li data-start=\"900\" data-end=\"944\">\n<p data-start=\"902\" data-end=\"944\"><strong data-start=\"902\" data-end=\"921\">Paketim elegant<\/strong>, perfekt p\u00ebr dhurat\u00eb<\/p>\n<\/li>\n<\/ul>","protected":false},"featured_media":30694,"template":"","meta":[],"product_brand":[],"product_cat":[326],"product_tag":[],"class_list":{"0":"post-30752","1":"product","2":"type-product","3":"status-publish","4":"has-post-thumbnail","6":"product_cat-qirinje","8":"first","9":"instock","10":"taxable","11":"shipping-taxable","12":"purchasable","13":"product-type-simple"},"group_of_quantity":0,"min_quantity":0,"max_quantity":"","exclude_order_quantity_value_rules":"no","exclude_category_quantity_rules":"no","combine_variations":"no","jetpack_sharing_enabled":true,"_links":{"self":[{"href":"https:\/\/fushaco.com\/sq\/wp-json\/wp\/v2\/product\/30752","targetHints":{"allow":["GET"]}}],"collection":[{"href":"https:\/\/fushaco.com\/sq\/wp-json\/wp\/v2\/product"}],"about":[{"href":"https:\/\/fushaco.com\/sq\/wp-json\/wp\/v2\/types\/product"}],"version-history":[{"count":5,"href":"https:\/\/fushaco.com\/sq\/wp-json\/wp\/v2\/product\/30752\/revisions"}],"predecessor-version":[{"id":33325,"href":"https:\/\/fushaco.com\/sq\/wp-json\/wp\/v2\/product\/30752\/revisions\/33325"}],"wp:featuredmedia":[{"embeddable":true,"href":"https:\/\/fushaco.com\/sq\/wp-json\/wp\/v2\/media\/30694"}],"wp:attachment":[{"href":"https:\/\/fushaco.com\/sq\/wp-json\/wp\/v2\/media?parent=30752"}],"wp:term":[{"taxonomy":"product_brand","embeddable":true,"href":"https:\/\/fushaco.com\/sq\/wp-json\/wp\/v2\/product_brand?post=30752"},{"taxonomy":"product_cat","embeddable":true,"href":"https:\/\/fushaco.com\/sq\/wp-json\/wp\/v2\/product_cat?post=30752"},{"taxonomy":"product_tag","embeddable":true,"href":"https:\/\/fushaco.com\/sq\/wp-json\/wp\/v2\/product_tag?post=30752"}],"curies":[{"name":"wp","href":"https:\/\/api.w.org\/{rel}","templated":true}]}}