{"id":30758,"date":"2025-10-20T10:09:38","date_gmt":"2025-10-20T10:09:38","guid":{"rendered":"https:\/\/fushaco.com\/?post_type=product&#038;p=30758"},"modified":"2025-12-18T17:06:50","modified_gmt":"2025-12-18T17:06:50","slug":"fush-xk-008","status":"publish","type":"product","link":"https:\/\/fushaco.com\/sq\/produkt\/fush-xk-008\/","title":{"rendered":"Qirinj\u00eb Dekorativ\u00eb \u2013 FUSH-XK-008"},"content":{"rendered":"<p data-start=\"170\" data-end=\"493\">Ky qiri \u00ebsht\u00eb nj\u00eb kryevep\u00ebr e \u00ebmb\u00ebl dhe romantike, q\u00eb paraqet dy arusha t\u00eb dashuruar duke mbajtur nj\u00eb <strong data-start=\"295\" data-end=\"335\">buket\u00eb t\u00eb mrekullueshme tr\u00ebndafilash<\/strong>. Ky dizajn unik sjell ndjesin\u00eb e dashuris\u00eb, but\u00ebsis\u00eb dhe ngroht\u00ebsis\u00eb \u2013 perfekt p\u00ebr t\u00eb dekoruar ambientet tuaja ose p\u00ebr ta b\u00ebr\u00eb dhurat\u00eb n\u00eb raste t\u00eb ve\u00e7anta.<\/p>\n<p data-start=\"495\" data-end=\"684\">Punuar me kujdes n\u00eb \u00e7do detaj, ky qiri dekorativ i bardh\u00eb p\u00ebrshtatet n\u00eb m\u00ebnyr\u00eb t\u00eb p\u00ebrkryer me <strong data-start=\"589\" data-end=\"635\">dizajnet moderne dhe romantike t\u00eb sht\u00ebpis\u00eb<\/strong>, duke shtuar nj\u00eb prekje elegance dhe dashurie.<\/p>","protected":false},"excerpt":{"rendered":"<p data-start=\"686\" data-end=\"714\"><strong data-start=\"688\" data-end=\"712\">Detajet e produktit:<\/strong><\/p>\n<ul data-start=\"715\" data-end=\"1032\">\n<li data-start=\"715\" data-end=\"773\">\n<p data-start=\"717\" data-end=\"773\"><strong data-start=\"717\" data-end=\"727\">Forma:<\/strong> Dy arusha q\u00eb mbajn\u00eb nj\u00eb buqet\u00eb tr\u00ebndafilash<\/p>\n<\/li>\n<li data-start=\"774\" data-end=\"807\">\n<p data-start=\"776\" data-end=\"807\"><strong data-start=\"776\" data-end=\"787\">Ngjyra:<\/strong> E bardh\u00eb e past\u00ebr<\/p>\n<\/li>\n<li data-start=\"808\" data-end=\"859\">\n<p data-start=\"810\" data-end=\"859\"><strong data-start=\"810\" data-end=\"824\">Materiali:<\/strong> Dyell soje<\/p>\n<\/li>\n<li data-start=\"894\" data-end=\"934\">\n<p data-start=\"896\" data-end=\"934\"><strong data-start=\"896\" data-end=\"909\">Madh\u00ebsia:<\/strong> 10.00cm<\/p>\n<\/li>\n<li data-start=\"935\" data-end=\"987\">\n<p data-start=\"937\" data-end=\"987\"><strong data-start=\"937\" data-end=\"950\">P\u00ebrdorim:<\/strong> Dekorativ<\/p>\n<\/li>\n<li data-start=\"988\" data-end=\"1032\">\n<p data-start=\"990\" data-end=\"1032\"><strong data-start=\"990\" data-end=\"1009\">Paketim elegant<\/strong>, perfekt p\u00ebr dhurat\u00eb<\/p>\n<\/li>\n<\/ul>","protected":false},"featured_media":30697,"template":"","meta":[],"product_brand":[],"product_cat":[326],"product_tag":[],"class_list":{"0":"post-30758","1":"product","2":"type-product","3":"status-publish","4":"has-post-thumbnail","6":"product_cat-qirinje","8":"first","9":"instock","10":"taxable","11":"shipping-taxable","12":"purchasable","13":"product-type-simple"},"group_of_quantity":0,"min_quantity":0,"max_quantity":"","exclude_order_quantity_value_rules":"no","exclude_category_quantity_rules":"no","combine_variations":"no","jetpack_sharing_enabled":true,"_links":{"self":[{"href":"https:\/\/fushaco.com\/sq\/wp-json\/wp\/v2\/product\/30758","targetHints":{"allow":["GET"]}}],"collection":[{"href":"https:\/\/fushaco.com\/sq\/wp-json\/wp\/v2\/product"}],"about":[{"href":"https:\/\/fushaco.com\/sq\/wp-json\/wp\/v2\/types\/product"}],"version-history":[{"count":4,"href":"https:\/\/fushaco.com\/sq\/wp-json\/wp\/v2\/product\/30758\/revisions"}],"predecessor-version":[{"id":33359,"href":"https:\/\/fushaco.com\/sq\/wp-json\/wp\/v2\/product\/30758\/revisions\/33359"}],"wp:featuredmedia":[{"embeddable":true,"href":"https:\/\/fushaco.com\/sq\/wp-json\/wp\/v2\/media\/30697"}],"wp:attachment":[{"href":"https:\/\/fushaco.com\/sq\/wp-json\/wp\/v2\/media?parent=30758"}],"wp:term":[{"taxonomy":"product_brand","embeddable":true,"href":"https:\/\/fushaco.com\/sq\/wp-json\/wp\/v2\/product_brand?post=30758"},{"taxonomy":"product_cat","embeddable":true,"href":"https:\/\/fushaco.com\/sq\/wp-json\/wp\/v2\/product_cat?post=30758"},{"taxonomy":"product_tag","embeddable":true,"href":"https:\/\/fushaco.com\/sq\/wp-json\/wp\/v2\/product_tag?post=30758"}],"curies":[{"name":"wp","href":"https:\/\/api.w.org\/{rel}","templated":true}]}}