{"id":30763,"date":"2025-10-20T10:12:39","date_gmt":"2025-10-20T10:12:39","guid":{"rendered":"https:\/\/fushaco.com\/?post_type=product&#038;p=30763"},"modified":"2025-12-18T17:06:47","modified_gmt":"2025-12-18T17:06:47","slug":"fush-xk-010","status":"publish","type":"product","link":"https:\/\/fushaco.com\/sq\/produkt\/fush-xk-010\/","title":{"rendered":"Qirinj\u00eb Dekorativ\u00eb \u2013 FUSH-XK-010"},"content":{"rendered":"<p data-start=\"165\" data-end=\"476\">Ky qiri \u00ebsht\u00eb nj\u00eb simbol i dashuris\u00eb dhe rafinimit, i dizajnuar n\u00eb form\u00ebn e nj\u00eb <strong data-start=\"262\" data-end=\"293\">buke tr\u00ebndafilash t\u00eb bardh\u00eb<\/strong> q\u00eb p\u00ebrfaq\u00ebson past\u00ebrti, dashuri dhe eleganc\u00eb. Punuar me kujdes n\u00eb \u00e7do detaj, ky qiri \u00ebsht\u00eb zgjedhja perfekte p\u00ebr <strong data-start=\"407\" data-end=\"474\">dasma, evente romantike, dhurata speciale apo dekorime festive.<\/strong><\/p>\n<p data-start=\"478\" data-end=\"594\">Dizajni i tij delikat dhe ngjyra e bardh\u00eb e but\u00eb krijojn\u00eb nj\u00eb atmosfer\u00eb t\u00eb qet\u00eb dhe t\u00eb sofistikuar n\u00eb \u00e7do ambient.<\/p>","protected":false},"excerpt":{"rendered":"<p data-start=\"596\" data-end=\"624\"><strong data-start=\"598\" data-end=\"622\">Detajet e produktit:<\/strong><\/p>\n<ul data-start=\"625\" data-end=\"941\">\n<li data-start=\"625\" data-end=\"683\">\n<p data-start=\"627\" data-end=\"683\"><strong data-start=\"627\" data-end=\"637\">Forma:<\/strong> Buket\u00eb tr\u00ebndafilash e punuar me detaje fine<\/p>\n<\/li>\n<li data-start=\"684\" data-end=\"717\">\n<p data-start=\"686\" data-end=\"717\"><strong data-start=\"686\" data-end=\"697\">Ngjyra:<\/strong> E bardh\u00eb e past\u00ebr<\/p>\n<\/li>\n<li data-start=\"718\" data-end=\"769\">\n<p data-start=\"720\" data-end=\"769\"><strong data-start=\"720\" data-end=\"734\">Materiali:<\/strong> Dyell soje<\/p>\n<\/li>\n<li data-start=\"804\" data-end=\"843\">\n<p data-start=\"806\" data-end=\"843\"><strong data-start=\"806\" data-end=\"819\">Madh\u00ebsia:<\/strong> 9.00cm<\/p>\n<\/li>\n<li data-start=\"804\" data-end=\"843\">\n<p data-start=\"806\" data-end=\"843\"><strong data-start=\"846\" data-end=\"859\">P\u00ebrdorim:<\/strong> Dekorativ<\/p>\n<\/li>\n<li data-start=\"897\" data-end=\"941\">\n<p data-start=\"899\" data-end=\"941\"><strong data-start=\"899\" data-end=\"918\">Paketim elegant<\/strong>, perfekt p\u00ebr dhurat\u00eb<\/p>\n<\/li>\n<\/ul>","protected":false},"featured_media":30699,"template":"","meta":[],"product_brand":[],"product_cat":[326],"product_tag":[],"class_list":{"0":"post-30763","1":"product","2":"type-product","3":"status-publish","4":"has-post-thumbnail","6":"product_cat-qirinje","8":"first","9":"instock","10":"taxable","11":"shipping-taxable","12":"purchasable","13":"product-type-simple"},"group_of_quantity":0,"min_quantity":0,"max_quantity":"","exclude_order_quantity_value_rules":"no","exclude_category_quantity_rules":"no","combine_variations":"no","jetpack_sharing_enabled":true,"_links":{"self":[{"href":"https:\/\/fushaco.com\/sq\/wp-json\/wp\/v2\/product\/30763","targetHints":{"allow":["GET"]}}],"collection":[{"href":"https:\/\/fushaco.com\/sq\/wp-json\/wp\/v2\/product"}],"about":[{"href":"https:\/\/fushaco.com\/sq\/wp-json\/wp\/v2\/types\/product"}],"version-history":[{"count":4,"href":"https:\/\/fushaco.com\/sq\/wp-json\/wp\/v2\/product\/30763\/revisions"}],"predecessor-version":[{"id":33358,"href":"https:\/\/fushaco.com\/sq\/wp-json\/wp\/v2\/product\/30763\/revisions\/33358"}],"wp:featuredmedia":[{"embeddable":true,"href":"https:\/\/fushaco.com\/sq\/wp-json\/wp\/v2\/media\/30699"}],"wp:attachment":[{"href":"https:\/\/fushaco.com\/sq\/wp-json\/wp\/v2\/media?parent=30763"}],"wp:term":[{"taxonomy":"product_brand","embeddable":true,"href":"https:\/\/fushaco.com\/sq\/wp-json\/wp\/v2\/product_brand?post=30763"},{"taxonomy":"product_cat","embeddable":true,"href":"https:\/\/fushaco.com\/sq\/wp-json\/wp\/v2\/product_cat?post=30763"},{"taxonomy":"product_tag","embeddable":true,"href":"https:\/\/fushaco.com\/sq\/wp-json\/wp\/v2\/product_tag?post=30763"}],"curies":[{"name":"wp","href":"https:\/\/api.w.org\/{rel}","templated":true}]}}