{"id":30768,"date":"2025-10-20T10:14:45","date_gmt":"2025-10-20T10:14:45","guid":{"rendered":"https:\/\/fushaco.com\/?post_type=product&#038;p=30768"},"modified":"2026-02-05T13:29:09","modified_gmt":"2026-02-05T13:29:09","slug":"fush-xk-012","status":"publish","type":"product","link":"https:\/\/fushaco.com\/sq\/produkt\/fush-xk-012\/","title":{"rendered":"Qirinj\u00eb Dekorativ\u00eb \u2013 FUSH-XK-012"},"content":{"rendered":"<p data-start=\"160\" data-end=\"417\">Ky qiri \u00ebsht\u00eb simbol i paqes, dashuris\u00eb dhe \u00ebndrrave t\u00eb bukura. I punuar me detaje t\u00eb imta n\u00eb form\u00ebn e nj\u00eb <strong data-start=\"286\" data-end=\"323\">engj\u00eblli t\u00eb shtrir\u00eb e \u00ebnd\u00ebrrimtar<\/strong>, ky qiri i bardh\u00eb shton nj\u00eb ndjesi qet\u00ebsie dhe spiritualiteti n\u00eb \u00e7do k\u00ebnd t\u00eb sht\u00ebpis\u00eb suaj.<\/p>\n<p data-start=\"419\" data-end=\"591\">Me dizajnin e tij t\u00eb but\u00eb dhe estetik\u00ebn minimaliste, \u00ebsht\u00eb zgjedhja perfekte p\u00ebr <strong data-start=\"500\" data-end=\"589\">dekorime festive, evente fetare, ceremoni romantike apo dhurata me kuptim t\u00eb ve\u00e7ant\u00eb.<\/strong><\/p>","protected":false},"excerpt":{"rendered":"<p data-start=\"593\" data-end=\"621\"><strong data-start=\"595\" data-end=\"619\">Detajet e produktit:<\/strong><\/p>\n<ul data-start=\"622\" data-end=\"933\">\n<li data-start=\"622\" data-end=\"675\">\n<p data-start=\"624\" data-end=\"675\"><strong data-start=\"624\" data-end=\"634\">Forma:<\/strong> Engj\u00ebll i shtrir\u00eb n\u00eb poz\u00eb \u00ebnd\u00ebrrimtare<\/p>\n<\/li>\n<li data-start=\"676\" data-end=\"709\">\n<p data-start=\"678\" data-end=\"709\"><strong data-start=\"678\" data-end=\"689\">Ngjyra:<\/strong> E bardh\u00eb e past\u00ebr<\/p>\n<\/li>\n<li data-start=\"710\" data-end=\"761\">\n<p data-start=\"712\" data-end=\"761\"><strong data-start=\"712\" data-end=\"726\">Materiali:<\/strong> Dyell soje<\/p>\n<\/li>\n<li data-start=\"796\" data-end=\"835\">\n<p data-start=\"798\" data-end=\"835\"><strong data-start=\"798\" data-end=\"811\">Madh\u00ebsia:<\/strong> rreth 4-5cm<\/p>\n<\/li>\n<li data-start=\"836\" data-end=\"888\">\n<p data-start=\"838\" data-end=\"888\"><strong data-start=\"838\" data-end=\"851\">P\u00ebrdorim:<\/strong> Dekorativ<\/p>\n<\/li>\n<\/ul>","protected":false},"featured_media":30701,"template":"","meta":[],"product_brand":[],"product_cat":[326],"product_tag":[],"class_list":{"0":"post-30768","1":"product","2":"type-product","3":"status-publish","4":"has-post-thumbnail","6":"product_cat-qirinje","8":"first","9":"instock","10":"taxable","11":"shipping-taxable","12":"purchasable","13":"product-type-simple"},"group_of_quantity":0,"min_quantity":0,"max_quantity":"","exclude_order_quantity_value_rules":"no","exclude_category_quantity_rules":"no","combine_variations":"no","jetpack_sharing_enabled":true,"_links":{"self":[{"href":"https:\/\/fushaco.com\/sq\/wp-json\/wp\/v2\/product\/30768","targetHints":{"allow":["GET"]}}],"collection":[{"href":"https:\/\/fushaco.com\/sq\/wp-json\/wp\/v2\/product"}],"about":[{"href":"https:\/\/fushaco.com\/sq\/wp-json\/wp\/v2\/types\/product"}],"version-history":[{"count":5,"href":"https:\/\/fushaco.com\/sq\/wp-json\/wp\/v2\/product\/30768\/revisions"}],"predecessor-version":[{"id":34171,"href":"https:\/\/fushaco.com\/sq\/wp-json\/wp\/v2\/product\/30768\/revisions\/34171"}],"wp:featuredmedia":[{"embeddable":true,"href":"https:\/\/fushaco.com\/sq\/wp-json\/wp\/v2\/media\/30701"}],"wp:attachment":[{"href":"https:\/\/fushaco.com\/sq\/wp-json\/wp\/v2\/media?parent=30768"}],"wp:term":[{"taxonomy":"product_brand","embeddable":true,"href":"https:\/\/fushaco.com\/sq\/wp-json\/wp\/v2\/product_brand?post=30768"},{"taxonomy":"product_cat","embeddable":true,"href":"https:\/\/fushaco.com\/sq\/wp-json\/wp\/v2\/product_cat?post=30768"},{"taxonomy":"product_tag","embeddable":true,"href":"https:\/\/fushaco.com\/sq\/wp-json\/wp\/v2\/product_tag?post=30768"}],"curies":[{"name":"wp","href":"https:\/\/api.w.org\/{rel}","templated":true}]}}