{"id":30771,"date":"2025-10-20T10:15:43","date_gmt":"2025-10-20T10:15:43","guid":{"rendered":"https:\/\/fushaco.com\/?post_type=product&#038;p=30771"},"modified":"2025-12-18T17:06:37","modified_gmt":"2025-12-18T17:06:37","slug":"fush-xk-013","status":"publish","type":"product","link":"https:\/\/fushaco.com\/sq\/produkt\/fush-xk-013\/","title":{"rendered":"Qirinj\u00eb Dekorativ\u00eb \u2013 FUSH-XK-013"},"content":{"rendered":"<p data-start=\"166\" data-end=\"488\">Ky qiri \u00ebsht\u00eb nj\u00eb kryevep\u00ebr dekorative q\u00eb bashkon but\u00ebsin\u00eb e nj\u00eb arushi me eleganc\u00ebn e tr\u00ebndafilave. I punuar me detaje t\u00eb imta, ku \u00e7do pjes\u00eb e trupit p\u00ebrb\u00ebhet nga <strong data-start=\"350\" data-end=\"396\">tr\u00ebndafila t\u00eb vegj\u00ebl t\u00eb gdhendur me kujdes<\/strong>, dhe me nj\u00eb <strong data-start=\"409\" data-end=\"435\">zem\u00ebr t\u00eb bardh\u00eb n\u00eb mes<\/strong>, ky qiri \u00ebsht\u00eb simbol i dashuris\u00eb dhe ngroht\u00ebsis\u00eb.<\/p>\n<p data-start=\"490\" data-end=\"624\">Perfect p\u00ebr <strong data-start=\"502\" data-end=\"554\">dhurata romantike, dekorime festive, baby shower<\/strong> apo thjesht p\u00ebr ta zbukuruar ambientin tuaj me nj\u00eb prekje delikate.<\/p>","protected":false},"excerpt":{"rendered":"<p data-start=\"626\" data-end=\"654\"><strong data-start=\"628\" data-end=\"652\">Detajet e produktit:<\/strong><\/p>\n<ul data-start=\"655\" data-end=\"964\">\n<li data-start=\"655\" data-end=\"706\">\n<p data-start=\"657\" data-end=\"706\"><strong data-start=\"657\" data-end=\"667\">Forma:<\/strong> Arush me tr\u00ebndafila dhe zem\u00ebr n\u00eb mes<\/p>\n<\/li>\n<li data-start=\"707\" data-end=\"740\">\n<p data-start=\"709\" data-end=\"740\"><strong data-start=\"709\" data-end=\"720\">Ngjyra:<\/strong> E bardh\u00eb e past\u00ebr<\/p>\n<\/li>\n<li data-start=\"741\" data-end=\"792\">\n<p data-start=\"743\" data-end=\"792\"><strong data-start=\"743\" data-end=\"757\">Materiali:<\/strong> Dyell soje<\/p>\n<\/li>\n<li data-start=\"827\" data-end=\"866\">\n<p data-start=\"829\" data-end=\"866\"><strong data-start=\"829\" data-end=\"842\">Madh\u00ebsia:<\/strong> 6.00cm<\/p>\n<\/li>\n<li data-start=\"867\" data-end=\"919\">\n<p data-start=\"869\" data-end=\"919\"><strong data-start=\"869\" data-end=\"882\">P\u00ebrdorim:<\/strong> Dekorativ<\/p>\n<\/li>\n<li data-start=\"920\" data-end=\"964\">\n<p data-start=\"922\" data-end=\"964\"><strong data-start=\"922\" data-end=\"941\">Paketim elegant<\/strong>, perfekt p\u00ebr dhurat\u00eb<\/p>\n<\/li>\n<\/ul>","protected":false},"featured_media":30702,"template":"","meta":[],"product_brand":[],"product_cat":[326],"product_tag":[],"class_list":{"0":"post-30771","1":"product","2":"type-product","3":"status-publish","4":"has-post-thumbnail","6":"product_cat-qirinje","8":"first","9":"instock","10":"taxable","11":"shipping-taxable","12":"purchasable","13":"product-type-simple"},"group_of_quantity":0,"min_quantity":0,"max_quantity":"","exclude_order_quantity_value_rules":"no","exclude_category_quantity_rules":"no","combine_variations":"no","jetpack_sharing_enabled":true,"_links":{"self":[{"href":"https:\/\/fushaco.com\/sq\/wp-json\/wp\/v2\/product\/30771","targetHints":{"allow":["GET"]}}],"collection":[{"href":"https:\/\/fushaco.com\/sq\/wp-json\/wp\/v2\/product"}],"about":[{"href":"https:\/\/fushaco.com\/sq\/wp-json\/wp\/v2\/types\/product"}],"version-history":[{"count":5,"href":"https:\/\/fushaco.com\/sq\/wp-json\/wp\/v2\/product\/30771\/revisions"}],"predecessor-version":[{"id":34218,"href":"https:\/\/fushaco.com\/sq\/wp-json\/wp\/v2\/product\/30771\/revisions\/34218"}],"wp:featuredmedia":[{"embeddable":true,"href":"https:\/\/fushaco.com\/sq\/wp-json\/wp\/v2\/media\/30702"}],"wp:attachment":[{"href":"https:\/\/fushaco.com\/sq\/wp-json\/wp\/v2\/media?parent=30771"}],"wp:term":[{"taxonomy":"product_brand","embeddable":true,"href":"https:\/\/fushaco.com\/sq\/wp-json\/wp\/v2\/product_brand?post=30771"},{"taxonomy":"product_cat","embeddable":true,"href":"https:\/\/fushaco.com\/sq\/wp-json\/wp\/v2\/product_cat?post=30771"},{"taxonomy":"product_tag","embeddable":true,"href":"https:\/\/fushaco.com\/sq\/wp-json\/wp\/v2\/product_tag?post=30771"}],"curies":[{"name":"wp","href":"https:\/\/api.w.org\/{rel}","templated":true}]}}