{"id":30779,"date":"2025-10-20T10:18:28","date_gmt":"2025-10-20T10:18:28","guid":{"rendered":"https:\/\/fushaco.com\/?post_type=product&#038;p=30779"},"modified":"2025-12-18T17:04:53","modified_gmt":"2025-12-18T17:04:53","slug":"fush-xk-015","status":"publish","type":"product","link":"https:\/\/fushaco.com\/sq\/produkt\/fush-xk-015\/","title":{"rendered":"Qirinj\u00eb Dekorativ\u00eb &#8211; FUSH-XK-015"},"content":{"rendered":"<p data-start=\"150\" data-end=\"368\">Ky qiri sjell ndjesin\u00eb e paqes dhe qet\u00ebsis\u00eb shpirt\u00ebrore n\u00eb \u00e7do ambient. I dizajnuar n\u00eb form\u00ebn e nj\u00eb <strong data-start=\"267\" data-end=\"305\">engj\u00eblli t\u00eb ulur me krah\u00eb delikat\u00eb<\/strong>, ky qiri \u00ebsht\u00eb simbol i dashuris\u00eb, past\u00ebrtis\u00eb dhe mbrojtjes.<\/p>\n<p data-start=\"370\" data-end=\"537\">I realizuar me <strong data-start=\"385\" data-end=\"402\">dyell soje <\/strong>dhe me ngjyr\u00eb <strong data-start=\"417\" data-end=\"439\">t\u00eb bardh\u00eb elegante<\/strong>, \u00ebsht\u00eb perfekt p\u00ebr <strong data-start=\"459\" data-end=\"535\">dekor sht\u00ebpie, dhurata t\u00eb ve\u00e7anta, evente fetare apo ceremoni romantike.<\/strong><\/p>","protected":false},"excerpt":{"rendered":"<p>Qirinj\u00eb me dyll soje, Lartesia e tij \u00ebsht\u00eb 5cm<\/p>\n<p data-start=\"539\" data-end=\"567\"><strong data-start=\"541\" data-end=\"565\">Detajet e produktit:<\/strong><\/p>\n<ul data-start=\"568\" data-end=\"871\">\n<li data-start=\"568\" data-end=\"607\">\n<p data-start=\"570\" data-end=\"607\"><strong data-start=\"570\" data-end=\"580\">Forma:<\/strong> Engj\u00ebll i ulur dekorativ<\/p>\n<\/li>\n<li data-start=\"608\" data-end=\"641\">\n<p data-start=\"610\" data-end=\"641\"><strong data-start=\"610\" data-end=\"621\">Ngjyra:<\/strong> E bardh\u00eb e past\u00ebr<\/p>\n<\/li>\n<li data-start=\"642\" data-end=\"693\">\n<p data-start=\"644\" data-end=\"693\"><strong data-start=\"644\" data-end=\"658\">Materiali:<\/strong> Dyell soje<\/p>\n<\/li>\n<li data-start=\"728\" data-end=\"766\">\n<p data-start=\"730\" data-end=\"766\"><strong data-start=\"730\" data-end=\"743\">Madh\u00ebsia:<\/strong> 5.00cm<\/p>\n<\/li>\n<li data-start=\"767\" data-end=\"819\">\n<p data-start=\"769\" data-end=\"819\"><strong data-start=\"769\" data-end=\"782\">P\u00ebrdorim:<\/strong> Dekorativ<\/p>\n<\/li>\n<li data-start=\"820\" data-end=\"871\">\n<p data-start=\"822\" data-end=\"871\"><strong data-start=\"822\" data-end=\"841\">Paketim elegant<\/strong>, i p\u00ebrshtatsh\u00ebm p\u00ebr dhurat\u00eb<\/p>\n<\/li>\n<\/ul>","protected":false},"featured_media":30704,"template":"","meta":[],"product_brand":[],"product_cat":[326],"product_tag":[],"class_list":{"0":"post-30779","1":"product","2":"type-product","3":"status-publish","4":"has-post-thumbnail","6":"product_cat-qirinje","8":"first","9":"instock","10":"taxable","11":"shipping-taxable","12":"purchasable","13":"product-type-simple"},"group_of_quantity":0,"min_quantity":0,"max_quantity":"","exclude_order_quantity_value_rules":"no","exclude_category_quantity_rules":"no","combine_variations":"no","jetpack_sharing_enabled":true,"_links":{"self":[{"href":"https:\/\/fushaco.com\/sq\/wp-json\/wp\/v2\/product\/30779","targetHints":{"allow":["GET"]}}],"collection":[{"href":"https:\/\/fushaco.com\/sq\/wp-json\/wp\/v2\/product"}],"about":[{"href":"https:\/\/fushaco.com\/sq\/wp-json\/wp\/v2\/types\/product"}],"version-history":[{"count":4,"href":"https:\/\/fushaco.com\/sq\/wp-json\/wp\/v2\/product\/30779\/revisions"}],"predecessor-version":[{"id":33351,"href":"https:\/\/fushaco.com\/sq\/wp-json\/wp\/v2\/product\/30779\/revisions\/33351"}],"wp:featuredmedia":[{"embeddable":true,"href":"https:\/\/fushaco.com\/sq\/wp-json\/wp\/v2\/media\/30704"}],"wp:attachment":[{"href":"https:\/\/fushaco.com\/sq\/wp-json\/wp\/v2\/media?parent=30779"}],"wp:term":[{"taxonomy":"product_brand","embeddable":true,"href":"https:\/\/fushaco.com\/sq\/wp-json\/wp\/v2\/product_brand?post=30779"},{"taxonomy":"product_cat","embeddable":true,"href":"https:\/\/fushaco.com\/sq\/wp-json\/wp\/v2\/product_cat?post=30779"},{"taxonomy":"product_tag","embeddable":true,"href":"https:\/\/fushaco.com\/sq\/wp-json\/wp\/v2\/product_tag?post=30779"}],"curies":[{"name":"wp","href":"https:\/\/api.w.org\/{rel}","templated":true}]}}