{"id":30781,"date":"2025-10-20T10:21:58","date_gmt":"2025-10-20T10:21:58","guid":{"rendered":"https:\/\/fushaco.com\/?post_type=product&#038;p=30781"},"modified":"2025-12-18T17:04:49","modified_gmt":"2025-12-18T17:04:49","slug":"fush-xk-016","status":"publish","type":"product","link":"https:\/\/fushaco.com\/sq\/produkt\/fush-xk-016\/","title":{"rendered":"Qirinj\u00eb Dekorativ\u00eb &#8211; FUSH-XK-016"},"content":{"rendered":"<p data-start=\"163\" data-end=\"372\">Ky qiri \u00ebsht\u00eb simboli i bukuris\u00eb dhe dashuris\u00eb s\u00eb past\u00ebr. Me form\u00ebn e tij t\u00eb detajuar t\u00eb nj\u00eb <strong data-start=\"272\" data-end=\"305\">tr\u00ebndafili t\u00eb hapur me kujdes<\/strong>, ky qiri sjell nj\u00eb prekje romantike dhe elegante n\u00eb \u00e7do ambient.<\/p>\n<p data-start=\"374\" data-end=\"647\">Ngjyra e bardh\u00eb dhe dizajni minimalist e b\u00ebjn\u00eb at\u00eb ideal p\u00ebr <strong data-start=\"435\" data-end=\"514\">dekorime sht\u00ebpie, evente festive, dhurata dashurie apo p\u00ebr ambient relaksi.<\/strong><br data-start=\"514\" data-end=\"517\" \/>I punuar nga <strong data-start=\"530\" data-end=\"547\">dyell soje<\/strong>, ky produkt nuk \u00ebsht\u00eb thjesht nj\u00eb qiri \u2014 por nj\u00eb <strong data-start=\"597\" data-end=\"647\">aksesor dekorativ q\u00eb sjell ngroht\u00ebsi dhe stil.<\/strong><\/p>","protected":false},"excerpt":{"rendered":"<p data-start=\"649\" data-end=\"677\"><strong data-start=\"651\" data-end=\"675\">Detajet e produktit:<\/strong><\/p>\n<ul data-start=\"678\" data-end=\"978\">\n<li data-start=\"678\" data-end=\"721\">\n<p data-start=\"680\" data-end=\"721\"><strong data-start=\"680\" data-end=\"690\">Forma:<\/strong> Tr\u00ebndafil i gdhendur me dor\u00eb<\/p>\n<\/li>\n<li data-start=\"722\" data-end=\"755\">\n<p data-start=\"724\" data-end=\"755\"><strong data-start=\"724\" data-end=\"735\">Ngjyra:<\/strong> E bardh\u00eb e past\u00ebr<\/p>\n<\/li>\n<li data-start=\"756\" data-end=\"807\">\n<p data-start=\"758\" data-end=\"807\"><strong data-start=\"758\" data-end=\"772\">Materiali:<\/strong> Dyell soje<\/p>\n<\/li>\n<li data-start=\"842\" data-end=\"880\">\n<p data-start=\"844\" data-end=\"880\"><strong data-start=\"844\" data-end=\"857\">Madh\u00ebsia:<\/strong> 4.50cm<\/p>\n<\/li>\n<li data-start=\"881\" data-end=\"933\">\n<p data-start=\"883\" data-end=\"933\"><strong data-start=\"883\" data-end=\"896\">P\u00ebrdorim:<\/strong> Dekorativ<\/p>\n<\/li>\n<li data-start=\"934\" data-end=\"978\">\n<p data-start=\"936\" data-end=\"978\"><strong data-start=\"936\" data-end=\"955\">Paketim elegant<\/strong>, perfekt p\u00ebr dhurat\u00eb<\/p>\n<\/li>\n<\/ul>","protected":false},"featured_media":30705,"template":"","meta":[],"product_brand":[],"product_cat":[326],"product_tag":[],"class_list":{"0":"post-30781","1":"product","2":"type-product","3":"status-publish","4":"has-post-thumbnail","6":"product_cat-qirinje","8":"first","9":"instock","10":"taxable","11":"shipping-taxable","12":"purchasable","13":"product-type-simple"},"group_of_quantity":0,"min_quantity":0,"max_quantity":"","exclude_order_quantity_value_rules":"no","exclude_category_quantity_rules":"no","combine_variations":"no","jetpack_sharing_enabled":true,"_links":{"self":[{"href":"https:\/\/fushaco.com\/sq\/wp-json\/wp\/v2\/product\/30781","targetHints":{"allow":["GET"]}}],"collection":[{"href":"https:\/\/fushaco.com\/sq\/wp-json\/wp\/v2\/product"}],"about":[{"href":"https:\/\/fushaco.com\/sq\/wp-json\/wp\/v2\/types\/product"}],"version-history":[{"count":6,"href":"https:\/\/fushaco.com\/sq\/wp-json\/wp\/v2\/product\/30781\/revisions"}],"predecessor-version":[{"id":33799,"href":"https:\/\/fushaco.com\/sq\/wp-json\/wp\/v2\/product\/30781\/revisions\/33799"}],"wp:featuredmedia":[{"embeddable":true,"href":"https:\/\/fushaco.com\/sq\/wp-json\/wp\/v2\/media\/30705"}],"wp:attachment":[{"href":"https:\/\/fushaco.com\/sq\/wp-json\/wp\/v2\/media?parent=30781"}],"wp:term":[{"taxonomy":"product_brand","embeddable":true,"href":"https:\/\/fushaco.com\/sq\/wp-json\/wp\/v2\/product_brand?post=30781"},{"taxonomy":"product_cat","embeddable":true,"href":"https:\/\/fushaco.com\/sq\/wp-json\/wp\/v2\/product_cat?post=30781"},{"taxonomy":"product_tag","embeddable":true,"href":"https:\/\/fushaco.com\/sq\/wp-json\/wp\/v2\/product_tag?post=30781"}],"curies":[{"name":"wp","href":"https:\/\/api.w.org\/{rel}","templated":true}]}}