{"id":30788,"date":"2025-10-20T10:40:42","date_gmt":"2025-10-20T10:40:42","guid":{"rendered":"https:\/\/fushaco.com\/?post_type=product&#038;p=30788"},"modified":"2025-12-18T17:04:57","modified_gmt":"2025-12-18T17:04:57","slug":"fush-xk-017","status":"publish","type":"product","link":"https:\/\/fushaco.com\/sq\/produkt\/fush-xk-017\/","title":{"rendered":"Qirinj\u00eb Dekorativ\u00eb &#8211; FUSH-XK-017"},"content":{"rendered":"<p data-start=\"157\" data-end=\"398\">Ky qiri \u00ebsht\u00eb nj\u00eb vep\u00ebr arti e nd\u00ebrtuar me kujdes dhe fines\u00eb, e frym\u00ebzuar nga karuseli klasik i f\u00ebmij\u00ebris\u00eb. Me detaje delikate dhe form\u00eb unike, ky qiri i bardh\u00eb sjell nj\u00eb ndjesi nostalgjie, dashurie dhe qet\u00ebsie n\u00eb \u00e7do ambient.<\/p>\n<p data-start=\"400\" data-end=\"582\">I punuar nga <strong data-start=\"413\" data-end=\"430\">dyell soje<\/strong>, ky qiri \u00ebsht\u00eb perfekt si <strong data-start=\"457\" data-end=\"475\">dekor romantik<\/strong>, <strong data-start=\"477\" data-end=\"497\">dhurat\u00eb elegante<\/strong>, apo si pjes\u00eb e <strong data-start=\"514\" data-end=\"550\">dekorimeve p\u00ebr evente t\u00eb ve\u00e7anta<\/strong> si dasma, festa apo ceremoni.<\/p>","protected":false},"excerpt":{"rendered":"<p data-start=\"584\" data-end=\"612\"><strong data-start=\"586\" data-end=\"610\">Detajet e produktit:<\/strong><\/p>\n<ul data-start=\"613\" data-end=\"919\">\n<li data-start=\"613\" data-end=\"663\">\n<p data-start=\"615\" data-end=\"663\"><strong data-start=\"615\" data-end=\"625\">Forma:<\/strong> Karusel dekorativ me kuaj miniatur\u00eb<\/p>\n<\/li>\n<li data-start=\"664\" data-end=\"697\">\n<p data-start=\"666\" data-end=\"697\"><strong data-start=\"666\" data-end=\"677\">Ngjyra:<\/strong> E bardh\u00eb elegante<\/p>\n<\/li>\n<li data-start=\"698\" data-end=\"749\">\n<p data-start=\"700\" data-end=\"749\"><strong data-start=\"700\" data-end=\"714\">Materiali:<\/strong> Dyell soje<\/p>\n<\/li>\n<li data-start=\"784\" data-end=\"824\">\n<p data-start=\"786\" data-end=\"824\"><strong data-start=\"786\" data-end=\"799\">Madh\u00ebsia:<\/strong> 9.00cm<\/p>\n<\/li>\n<li data-start=\"825\" data-end=\"877\">\n<p data-start=\"827\" data-end=\"877\"><strong data-start=\"827\" data-end=\"840\">P\u00ebrdorim:<\/strong> Dekorativ<\/p>\n<\/li>\n<li data-start=\"878\" data-end=\"919\">\n<p data-start=\"880\" data-end=\"919\"><strong data-start=\"880\" data-end=\"899\">Paketim elegant<\/strong>, gati p\u00ebr dhurat\u00eb<\/p>\n<\/li>\n<\/ul>","protected":false},"featured_media":30706,"template":"","meta":[],"product_brand":[],"product_cat":[326],"product_tag":[],"class_list":{"0":"post-30788","1":"product","2":"type-product","3":"status-publish","4":"has-post-thumbnail","6":"product_cat-qirinje","8":"first","9":"instock","10":"taxable","11":"shipping-taxable","12":"purchasable","13":"product-type-simple"},"group_of_quantity":0,"min_quantity":0,"max_quantity":"","exclude_order_quantity_value_rules":"no","exclude_category_quantity_rules":"no","combine_variations":"no","jetpack_sharing_enabled":true,"_links":{"self":[{"href":"https:\/\/fushaco.com\/sq\/wp-json\/wp\/v2\/product\/30788","targetHints":{"allow":["GET"]}}],"collection":[{"href":"https:\/\/fushaco.com\/sq\/wp-json\/wp\/v2\/product"}],"about":[{"href":"https:\/\/fushaco.com\/sq\/wp-json\/wp\/v2\/types\/product"}],"version-history":[{"count":4,"href":"https:\/\/fushaco.com\/sq\/wp-json\/wp\/v2\/product\/30788\/revisions"}],"predecessor-version":[{"id":33352,"href":"https:\/\/fushaco.com\/sq\/wp-json\/wp\/v2\/product\/30788\/revisions\/33352"}],"wp:featuredmedia":[{"embeddable":true,"href":"https:\/\/fushaco.com\/sq\/wp-json\/wp\/v2\/media\/30706"}],"wp:attachment":[{"href":"https:\/\/fushaco.com\/sq\/wp-json\/wp\/v2\/media?parent=30788"}],"wp:term":[{"taxonomy":"product_brand","embeddable":true,"href":"https:\/\/fushaco.com\/sq\/wp-json\/wp\/v2\/product_brand?post=30788"},{"taxonomy":"product_cat","embeddable":true,"href":"https:\/\/fushaco.com\/sq\/wp-json\/wp\/v2\/product_cat?post=30788"},{"taxonomy":"product_tag","embeddable":true,"href":"https:\/\/fushaco.com\/sq\/wp-json\/wp\/v2\/product_tag?post=30788"}],"curies":[{"name":"wp","href":"https:\/\/api.w.org\/{rel}","templated":true}]}}