{"id":30790,"date":"2025-10-20T10:42:43","date_gmt":"2025-10-20T10:42:43","guid":{"rendered":"https:\/\/fushaco.com\/?post_type=product&#038;p=30790"},"modified":"2025-12-18T17:04:37","modified_gmt":"2025-12-18T17:04:37","slug":"fush-xk-018","status":"publish","type":"product","link":"https:\/\/fushaco.com\/sq\/produkt\/fush-xk-018\/","title":{"rendered":"Qirinj\u00eb Dekorativ\u00eb &#8211; FUSH-XK-018"},"content":{"rendered":"<p data-start=\"158\" data-end=\"403\">Ky qiri sjell nj\u00eb ndjesi qet\u00ebsie dhe minimalizmi n\u00eb \u00e7do ambient. Me dizajn t\u00eb ve\u00e7ant\u00eb n\u00eb form\u00eb <strong data-start=\"270\" data-end=\"286\">reje t\u00eb but\u00eb<\/strong>, ky qiri \u00ebsht\u00eb ideal p\u00ebr t\u00eb krijuar nj\u00eb atmosfer\u00eb relaksuese dhe moderne n\u00eb sht\u00ebpi, dhom\u00eb gjumi apo hap\u00ebsir\u00eb pune.<\/p>\n<p data-start=\"405\" data-end=\"543\">I punuar me <strong data-start=\"417\" data-end=\"434\">dyell soje<\/strong>\u00a0dhe me ngjyr\u00eb <strong data-start=\"449\" data-end=\"471\">t\u00eb bardh\u00eb elegante<\/strong>, \u00ebsht\u00eb perfekt si <strong data-start=\"490\" data-end=\"499\">dekor<\/strong> apo <strong data-start=\"504\" data-end=\"527\">dhurat\u00eb minimaliste<\/strong> p\u00ebr \u00e7do rast.<\/p>","protected":false},"excerpt":{"rendered":"<p data-start=\"545\" data-end=\"573\"><strong data-start=\"547\" data-end=\"571\">Detajet e produktit:<\/strong><\/p>\n<ul data-start=\"574\" data-end=\"858\">\n<li data-start=\"574\" data-end=\"602\">\n<p data-start=\"576\" data-end=\"602\"><strong data-start=\"576\" data-end=\"586\">Forma:<\/strong> Re dekorative<\/p>\n<\/li>\n<li data-start=\"603\" data-end=\"636\">\n<p data-start=\"605\" data-end=\"636\"><strong data-start=\"605\" data-end=\"616\">Ngjyra:<\/strong> E bardh\u00eb e past\u00ebr<\/p>\n<\/li>\n<li data-start=\"637\" data-end=\"688\">\n<p data-start=\"639\" data-end=\"688\"><strong data-start=\"639\" data-end=\"653\">Materiali:<\/strong> Dyell soje<\/p>\n<\/li>\n<li data-start=\"723\" data-end=\"753\">\n<p data-start=\"725\" data-end=\"753\"><strong data-start=\"725\" data-end=\"738\">Madh\u00ebsia:<\/strong> 2.50cm<\/p>\n<\/li>\n<li data-start=\"754\" data-end=\"806\">\n<p data-start=\"756\" data-end=\"806\"><strong data-start=\"756\" data-end=\"769\">P\u00ebrdorim:<\/strong> Dekorativ<\/p>\n<\/li>\n<li data-start=\"754\" data-end=\"806\"><strong data-start=\"809\" data-end=\"828\">Paketim elegant<\/strong>, i p\u00ebrshtatsh\u00ebm p\u00ebr dhurat\u00eb<\/li>\n<\/ul>","protected":false},"featured_media":30707,"template":"","meta":[],"product_brand":[],"product_cat":[326],"product_tag":[],"class_list":{"0":"post-30790","1":"product","2":"type-product","3":"status-publish","4":"has-post-thumbnail","6":"product_cat-qirinje","8":"first","9":"instock","10":"taxable","11":"shipping-taxable","12":"purchasable","13":"product-type-simple"},"group_of_quantity":0,"min_quantity":0,"max_quantity":"","exclude_order_quantity_value_rules":"no","exclude_category_quantity_rules":"no","combine_variations":"no","jetpack_sharing_enabled":true,"_links":{"self":[{"href":"https:\/\/fushaco.com\/sq\/wp-json\/wp\/v2\/product\/30790","targetHints":{"allow":["GET"]}}],"collection":[{"href":"https:\/\/fushaco.com\/sq\/wp-json\/wp\/v2\/product"}],"about":[{"href":"https:\/\/fushaco.com\/sq\/wp-json\/wp\/v2\/types\/product"}],"version-history":[{"count":4,"href":"https:\/\/fushaco.com\/sq\/wp-json\/wp\/v2\/product\/30790\/revisions"}],"predecessor-version":[{"id":33349,"href":"https:\/\/fushaco.com\/sq\/wp-json\/wp\/v2\/product\/30790\/revisions\/33349"}],"wp:featuredmedia":[{"embeddable":true,"href":"https:\/\/fushaco.com\/sq\/wp-json\/wp\/v2\/media\/30707"}],"wp:attachment":[{"href":"https:\/\/fushaco.com\/sq\/wp-json\/wp\/v2\/media?parent=30790"}],"wp:term":[{"taxonomy":"product_brand","embeddable":true,"href":"https:\/\/fushaco.com\/sq\/wp-json\/wp\/v2\/product_brand?post=30790"},{"taxonomy":"product_cat","embeddable":true,"href":"https:\/\/fushaco.com\/sq\/wp-json\/wp\/v2\/product_cat?post=30790"},{"taxonomy":"product_tag","embeddable":true,"href":"https:\/\/fushaco.com\/sq\/wp-json\/wp\/v2\/product_tag?post=30790"}],"curies":[{"name":"wp","href":"https:\/\/api.w.org\/{rel}","templated":true}]}}