{"id":30793,"date":"2025-10-20T10:45:04","date_gmt":"2025-10-20T10:45:04","guid":{"rendered":"https:\/\/fushaco.com\/?post_type=product&#038;p=30793"},"modified":"2025-12-18T17:04:16","modified_gmt":"2025-12-18T17:04:16","slug":"fush-xk-020","status":"publish","type":"product","link":"https:\/\/fushaco.com\/sq\/produkt\/fush-xk-020\/","title":{"rendered":"Qirinj\u00eb Dekorativ\u00eb &#8211; FUSH-XK-020"},"content":{"rendered":"<p data-start=\"157\" data-end=\"475\">Trego dashurin\u00eb dhe mir\u00ebnjohjen t\u00ebnde me qiriun e ve\u00e7ant\u00eb <strong data-start=\"215\" data-end=\"238\">\u201cWorld\u2019s Best Mama\u201d<\/strong>, nj\u00eb simbol i ngroht\u00ebsis\u00eb dhe kujdesit q\u00eb vet\u00ebm nj\u00eb n\u00ebn\u00eb mund t\u00eb jap\u00eb. Me dizajn elegant, zbukuruar me <strong data-start=\"342\" data-end=\"382\">shkrim reliev, lule dhe zog t\u00eb vog\u00ebl<\/strong>, ky qiri \u00ebsht\u00eb dhurata perfekte p\u00ebr <strong data-start=\"419\" data-end=\"436\">Dit\u00ebn e N\u00ebn\u00ebs<\/strong>, dit\u00eblindje apo \u00e7do rast t\u00eb ve\u00e7ant\u00eb.<\/p>\n<p data-start=\"477\" data-end=\"639\">I punuar me <strong data-start=\"489\" data-end=\"536\">dyell soje dhe ngjyr\u00eb t\u00eb bardh\u00eb natyrale<\/strong>, ai sjell nj\u00eb ndjesi but\u00ebsie dhe dashurie n\u00eb \u00e7do ambient \u2013 nj\u00eb kujtim q\u00eb zgjat m\u00eb shum\u00eb se nj\u00eb dit\u00eb.<\/p>","protected":false},"excerpt":{"rendered":"<p data-start=\"641\" data-end=\"669\"><strong data-start=\"643\" data-end=\"667\">Detajet e produktit:<\/strong><\/p>\n<ul data-start=\"670\" data-end=\"978\">\n<li data-start=\"670\" data-end=\"725\">\n<p data-start=\"672\" data-end=\"725\"><strong data-start=\"672\" data-end=\"682\">Forma:<\/strong> Cilindrike me dizajn \u201cWorld\u2019s Best Mama\u201d<\/p>\n<\/li>\n<li data-start=\"726\" data-end=\"759\">\n<p data-start=\"728\" data-end=\"759\"><strong data-start=\"728\" data-end=\"739\">Ngjyra:<\/strong> E bardh\u00eb e past\u00ebr<\/p>\n<\/li>\n<li data-start=\"760\" data-end=\"811\">\n<p data-start=\"762\" data-end=\"811\"><strong data-start=\"762\" data-end=\"776\">Materiali:<\/strong> Dyell soje<\/p>\n<\/li>\n<li data-start=\"846\" data-end=\"883\">\n<p data-start=\"848\" data-end=\"883\"><strong data-start=\"848\" data-end=\"861\">Madh\u00ebsia:<\/strong> 7.50<\/p>\n<\/li>\n<li data-start=\"884\" data-end=\"936\">\n<p data-start=\"886\" data-end=\"936\"><strong data-start=\"886\" data-end=\"899\">P\u00ebrdorim:<\/strong> Dekorativ<\/p>\n<\/li>\n<li data-start=\"937\" data-end=\"978\">\n<p data-start=\"939\" data-end=\"978\"><strong data-start=\"939\" data-end=\"958\">Paketim elegant<\/strong>, gati p\u00ebr dhurat\u00eb<\/p>\n<\/li>\n<\/ul>","protected":false},"featured_media":30709,"template":"","meta":[],"product_brand":[],"product_cat":[326],"product_tag":[],"class_list":{"0":"post-30793","1":"product","2":"type-product","3":"status-publish","4":"has-post-thumbnail","6":"product_cat-qirinje","8":"first","9":"instock","10":"taxable","11":"shipping-taxable","12":"purchasable","13":"product-type-simple"},"group_of_quantity":0,"min_quantity":0,"max_quantity":"","exclude_order_quantity_value_rules":"no","exclude_category_quantity_rules":"no","combine_variations":"no","jetpack_sharing_enabled":true,"_links":{"self":[{"href":"https:\/\/fushaco.com\/sq\/wp-json\/wp\/v2\/product\/30793","targetHints":{"allow":["GET"]}}],"collection":[{"href":"https:\/\/fushaco.com\/sq\/wp-json\/wp\/v2\/product"}],"about":[{"href":"https:\/\/fushaco.com\/sq\/wp-json\/wp\/v2\/types\/product"}],"version-history":[{"count":4,"href":"https:\/\/fushaco.com\/sq\/wp-json\/wp\/v2\/product\/30793\/revisions"}],"predecessor-version":[{"id":33346,"href":"https:\/\/fushaco.com\/sq\/wp-json\/wp\/v2\/product\/30793\/revisions\/33346"}],"wp:featuredmedia":[{"embeddable":true,"href":"https:\/\/fushaco.com\/sq\/wp-json\/wp\/v2\/media\/30709"}],"wp:attachment":[{"href":"https:\/\/fushaco.com\/sq\/wp-json\/wp\/v2\/media?parent=30793"}],"wp:term":[{"taxonomy":"product_brand","embeddable":true,"href":"https:\/\/fushaco.com\/sq\/wp-json\/wp\/v2\/product_brand?post=30793"},{"taxonomy":"product_cat","embeddable":true,"href":"https:\/\/fushaco.com\/sq\/wp-json\/wp\/v2\/product_cat?post=30793"},{"taxonomy":"product_tag","embeddable":true,"href":"https:\/\/fushaco.com\/sq\/wp-json\/wp\/v2\/product_tag?post=30793"}],"curies":[{"name":"wp","href":"https:\/\/api.w.org\/{rel}","templated":true}]}}