{"id":30794,"date":"2025-10-20T10:44:30","date_gmt":"2025-10-20T10:44:30","guid":{"rendered":"https:\/\/fushaco.com\/?post_type=product&#038;p=30794"},"modified":"2025-12-18T17:04:18","modified_gmt":"2025-12-18T17:04:18","slug":"fush-xk-019","status":"publish","type":"product","link":"https:\/\/fushaco.com\/sq\/produkt\/fush-xk-019\/","title":{"rendered":"Qirinj\u00eb Dekorativ\u00eb &#8211; FUSH-XK-019"},"content":{"rendered":"<p data-start=\"158\" data-end=\"487\">Qiriu <strong data-start=\"164\" data-end=\"179\">\u201cRose Ball\u201d<\/strong> \u00ebsht\u00eb nj\u00eb vep\u00ebr arti n\u00eb form\u00eb sfere, e zbukuruar plot\u00ebsisht me <strong data-start=\"243\" data-end=\"288\">tr\u00ebndafila t\u00eb gdhendur me detaje delikate<\/strong>, q\u00eb sjellin nj\u00eb ndjesi romantike dhe harmonike n\u00eb \u00e7do hap\u00ebsir\u00eb. Me ngjyr\u00ebn e tij <strong data-start=\"370\" data-end=\"392\">t\u00eb bardh\u00eb elegante<\/strong>, ky qiri \u00ebsht\u00eb ideal p\u00ebr <strong data-start=\"418\" data-end=\"485\">dekorime sht\u00ebpie, evente festive, dasma apo dhurata t\u00eb ve\u00e7anta.<\/strong><\/p>\n<p data-start=\"489\" data-end=\"672\">I punuar me <strong data-start=\"501\" data-end=\"518\">dyell soje<\/strong>\u00a0p\u00ebr nj\u00eb pamje luksoze dhe t\u00eb q\u00ebndrueshme, ai \u00ebsht\u00eb m\u00eb shum\u00eb se nj\u00eb qiri \u2014 \u00ebsht\u00eb nj\u00eb <strong data-start=\"603\" data-end=\"670\">aksesor dekorativ q\u00eb t\u00ebrheq v\u00ebmendjen me fines\u00eb dhe thjesht\u00ebsi.<\/strong><\/p>","protected":false},"excerpt":{"rendered":"<p data-start=\"674\" data-end=\"702\"><strong data-start=\"676\" data-end=\"700\">Detajet e produktit:<\/strong><\/p>\n<ul data-start=\"703\" data-end=\"1001\">\n<li data-start=\"703\" data-end=\"749\">\n<p data-start=\"705\" data-end=\"749\"><strong data-start=\"705\" data-end=\"715\">Forma:<\/strong> Sfer\u00eb me tr\u00ebndafila t\u00eb gdhendur<\/p>\n<\/li>\n<li data-start=\"750\" data-end=\"782\">\n<p data-start=\"752\" data-end=\"782\"><strong data-start=\"752\" data-end=\"763\">Ngjyra:<\/strong> E bardh\u00eb klasike<\/p>\n<\/li>\n<li data-start=\"783\" data-end=\"834\">\n<p data-start=\"785\" data-end=\"834\"><strong data-start=\"785\" data-end=\"799\">Materiali:<\/strong> Dyell soje<\/p>\n<\/li>\n<li data-start=\"869\" data-end=\"906\">\n<p data-start=\"871\" data-end=\"906\"><strong data-start=\"871\" data-end=\"884\">Madh\u00ebsia:<\/strong> 4.00cm<\/p>\n<\/li>\n<li data-start=\"907\" data-end=\"959\">\n<p data-start=\"909\" data-end=\"959\"><strong data-start=\"909\" data-end=\"922\">P\u00ebrdorim:<\/strong> Dekorativ<\/p>\n<\/li>\n<li data-start=\"960\" data-end=\"1001\">\n<p data-start=\"962\" data-end=\"1001\"><strong data-start=\"962\" data-end=\"981\">Paketim elegant<\/strong>, gati p\u00ebr dhurat\u00eb<\/p>\n<\/li>\n<\/ul>","protected":false},"featured_media":30710,"template":"","meta":[],"product_brand":[],"product_cat":[326],"product_tag":[],"class_list":{"0":"post-30794","1":"product","2":"type-product","3":"status-publish","4":"has-post-thumbnail","6":"product_cat-qirinje","8":"first","9":"instock","10":"taxable","11":"shipping-taxable","12":"purchasable","13":"product-type-simple"},"group_of_quantity":0,"min_quantity":0,"max_quantity":"","exclude_order_quantity_value_rules":"no","exclude_category_quantity_rules":"no","combine_variations":"no","jetpack_sharing_enabled":true,"_links":{"self":[{"href":"https:\/\/fushaco.com\/sq\/wp-json\/wp\/v2\/product\/30794","targetHints":{"allow":["GET"]}}],"collection":[{"href":"https:\/\/fushaco.com\/sq\/wp-json\/wp\/v2\/product"}],"about":[{"href":"https:\/\/fushaco.com\/sq\/wp-json\/wp\/v2\/types\/product"}],"version-history":[{"count":4,"href":"https:\/\/fushaco.com\/sq\/wp-json\/wp\/v2\/product\/30794\/revisions"}],"predecessor-version":[{"id":33347,"href":"https:\/\/fushaco.com\/sq\/wp-json\/wp\/v2\/product\/30794\/revisions\/33347"}],"wp:featuredmedia":[{"embeddable":true,"href":"https:\/\/fushaco.com\/sq\/wp-json\/wp\/v2\/media\/30710"}],"wp:attachment":[{"href":"https:\/\/fushaco.com\/sq\/wp-json\/wp\/v2\/media?parent=30794"}],"wp:term":[{"taxonomy":"product_brand","embeddable":true,"href":"https:\/\/fushaco.com\/sq\/wp-json\/wp\/v2\/product_brand?post=30794"},{"taxonomy":"product_cat","embeddable":true,"href":"https:\/\/fushaco.com\/sq\/wp-json\/wp\/v2\/product_cat?post=30794"},{"taxonomy":"product_tag","embeddable":true,"href":"https:\/\/fushaco.com\/sq\/wp-json\/wp\/v2\/product_tag?post=30794"}],"curies":[{"name":"wp","href":"https:\/\/api.w.org\/{rel}","templated":true}]}}