{"id":30797,"date":"2025-10-20T10:47:25","date_gmt":"2025-10-20T10:47:25","guid":{"rendered":"https:\/\/fushaco.com\/?post_type=product&#038;p=30797"},"modified":"2025-12-18T17:04:21","modified_gmt":"2025-12-18T17:04:21","slug":"fush-xk-022","status":"publish","type":"product","link":"https:\/\/fushaco.com\/sq\/produkt\/fush-xk-022\/","title":{"rendered":"Qirinj\u00eb Dekorativ\u00eb &#8211; FUSH-XK-022"},"content":{"rendered":"<p data-start=\"140\" data-end=\"385\">Ky qiri \u00ebsht\u00eb nj\u00eb kombinim ideal midis <strong data-start=\"194\" data-end=\"241\">minimalizmit modern dhe ndjesis\u00eb romantike.<\/strong> Me form\u00ebn e tij unike kubike t\u00eb p\u00ebrb\u00ebr\u00eb nga <strong data-start=\"286\" data-end=\"304\">zemra t\u00eb vogla<\/strong>, ky qiri \u00ebsht\u00eb dekori perfekt p\u00ebr t\u00eb sjell\u00eb but\u00ebsi dhe dashuri n\u00eb \u00e7do ambient.<\/p>\n<p data-start=\"387\" data-end=\"579\">I punuar nga <strong data-start=\"400\" data-end=\"446\">dyell soje dhe ngjyr\u00eb e bardh\u00eb elegante<\/strong>, ky produkt \u00ebsht\u00eb ideal si <strong data-start=\"474\" data-end=\"579\">dhurat\u00eb romantike, dekor p\u00ebr evente apo thjesht p\u00ebr ta b\u00ebr\u00eb sht\u00ebpin\u00eb tuaj m\u00eb t\u00eb ngroht\u00eb dhe estetike.<\/strong><\/p>","protected":false},"excerpt":{"rendered":"<p data-start=\"581\" data-end=\"609\"><strong data-start=\"583\" data-end=\"607\">Detajet e produktit:<\/strong><\/p>\n<ul data-start=\"610\" data-end=\"908\">\n<li data-start=\"610\" data-end=\"650\">\n<p data-start=\"612\" data-end=\"650\"><strong data-start=\"612\" data-end=\"622\">Forma:<\/strong> Kub me zemra t\u00eb modeluara<\/p>\n<\/li>\n<li data-start=\"651\" data-end=\"684\">\n<p data-start=\"653\" data-end=\"684\"><strong data-start=\"653\" data-end=\"664\">Ngjyra:<\/strong> E bardh\u00eb e past\u00ebr<\/p>\n<\/li>\n<li data-start=\"685\" data-end=\"736\">\n<p data-start=\"687\" data-end=\"736\"><strong data-start=\"687\" data-end=\"701\">Materiali:<\/strong> Dyell soje<\/p>\n<\/li>\n<li data-start=\"771\" data-end=\"803\">\n<p data-start=\"773\" data-end=\"803\"><strong data-start=\"773\" data-end=\"786\">Madh\u00ebsia:<\/strong> 3.50cm<\/p>\n<\/li>\n<li data-start=\"804\" data-end=\"856\">\n<p data-start=\"806\" data-end=\"856\"><strong data-start=\"806\" data-end=\"819\">P\u00ebrdorim:<\/strong> Dekorativ<\/p>\n<\/li>\n<li data-start=\"857\" data-end=\"908\">\n<p data-start=\"859\" data-end=\"908\"><strong data-start=\"859\" data-end=\"878\">Paketim elegant<\/strong>, i p\u00ebrshtatsh\u00ebm p\u00ebr dhurat\u00eb<\/p>\n<\/li>\n<\/ul>","protected":false},"featured_media":30711,"template":"","meta":[],"product_brand":[],"product_cat":[326],"product_tag":[],"class_list":{"0":"post-30797","1":"product","2":"type-product","3":"status-publish","4":"has-post-thumbnail","6":"product_cat-qirinje","8":"first","9":"instock","10":"taxable","11":"shipping-taxable","12":"purchasable","13":"product-type-simple"},"group_of_quantity":0,"min_quantity":0,"max_quantity":"","exclude_order_quantity_value_rules":"no","exclude_category_quantity_rules":"no","combine_variations":"no","jetpack_sharing_enabled":true,"_links":{"self":[{"href":"https:\/\/fushaco.com\/sq\/wp-json\/wp\/v2\/product\/30797","targetHints":{"allow":["GET"]}}],"collection":[{"href":"https:\/\/fushaco.com\/sq\/wp-json\/wp\/v2\/product"}],"about":[{"href":"https:\/\/fushaco.com\/sq\/wp-json\/wp\/v2\/types\/product"}],"version-history":[{"count":4,"href":"https:\/\/fushaco.com\/sq\/wp-json\/wp\/v2\/product\/30797\/revisions"}],"predecessor-version":[{"id":33348,"href":"https:\/\/fushaco.com\/sq\/wp-json\/wp\/v2\/product\/30797\/revisions\/33348"}],"wp:featuredmedia":[{"embeddable":true,"href":"https:\/\/fushaco.com\/sq\/wp-json\/wp\/v2\/media\/30711"}],"wp:attachment":[{"href":"https:\/\/fushaco.com\/sq\/wp-json\/wp\/v2\/media?parent=30797"}],"wp:term":[{"taxonomy":"product_brand","embeddable":true,"href":"https:\/\/fushaco.com\/sq\/wp-json\/wp\/v2\/product_brand?post=30797"},{"taxonomy":"product_cat","embeddable":true,"href":"https:\/\/fushaco.com\/sq\/wp-json\/wp\/v2\/product_cat?post=30797"},{"taxonomy":"product_tag","embeddable":true,"href":"https:\/\/fushaco.com\/sq\/wp-json\/wp\/v2\/product_tag?post=30797"}],"curies":[{"name":"wp","href":"https:\/\/api.w.org\/{rel}","templated":true}]}}