{"id":30798,"date":"2025-10-20T10:46:44","date_gmt":"2025-10-20T10:46:44","guid":{"rendered":"https:\/\/fushaco.com\/?post_type=product&#038;p=30798"},"modified":"2025-11-04T14:52:58","modified_gmt":"2025-11-04T14:52:58","slug":"fush-xk-021","status":"publish","type":"product","link":"https:\/\/fushaco.com\/sq\/produkt\/fush-xk-021\/","title":{"rendered":"FUSH-XK-021"},"content":{"rendered":"<p data-start=\"167\" data-end=\"412\">Ky qiri \u00ebsht\u00eb nj\u00eb simbol i v\u00ebrtet\u00eb dashurie dhe eleganc\u00eb. I punuar me kujdes n\u00eb form\u00ebn e <strong data-start=\"275\" data-end=\"285\">zemr\u00ebs<\/strong> dhe i zbukuruar me <strong data-start=\"305\" data-end=\"341\">tr\u00ebndafila t\u00eb vegj\u00ebl t\u00eb gdhendur<\/strong>, ky qiri p\u00ebrfaq\u00ebson ndjenjat m\u00eb t\u00eb pastra t\u00eb dashuris\u00eb dhe but\u00ebsis\u00eb.<\/p>\n<p data-start=\"414\" data-end=\"640\">I krijuar nga <strong data-start=\"428\" data-end=\"445\">dyell soje<\/strong>\u00a0me ngjyr\u00eb <strong data-start=\"456\" data-end=\"478\">t\u00eb bardh\u00eb natyrale<\/strong>, ky produkt \u00ebsht\u00eb perfekt si <strong data-start=\"508\" data-end=\"529\">dhurat\u00eb romantike<\/strong>, dekor p\u00ebr <strong data-start=\"541\" data-end=\"569\">dasma, festa, dit\u00eblindje<\/strong>, apo thjesht p\u00ebr ta b\u00ebr\u00eb ambientin tuaj m\u00eb t\u00eb ngroht\u00eb dhe plot stil.<\/p>","protected":false},"excerpt":{"rendered":"<p data-start=\"642\" data-end=\"670\"><strong data-start=\"644\" data-end=\"668\">Detajet e produktit:<\/strong><\/p>\n<ul data-start=\"671\" data-end=\"969\">\n<li data-start=\"671\" data-end=\"717\">\n<p data-start=\"673\" data-end=\"717\"><strong data-start=\"673\" data-end=\"683\">Forma:<\/strong> Zem\u00ebr me tr\u00ebndafila t\u00eb gdhendur<\/p>\n<\/li>\n<li data-start=\"718\" data-end=\"751\">\n<p data-start=\"720\" data-end=\"751\"><strong data-start=\"720\" data-end=\"731\">Ngjyra:<\/strong> E bardh\u00eb elegante<\/p>\n<\/li>\n<li data-start=\"752\" data-end=\"803\">\n<p data-start=\"754\" data-end=\"803\"><strong data-start=\"754\" data-end=\"768\">Materiali:<\/strong> Dyell soje<\/p>\n<\/li>\n<li data-start=\"838\" data-end=\"869\">\n<p data-start=\"840\" data-end=\"869\"><strong data-start=\"840\" data-end=\"853\">Madh\u00ebsia:<\/strong> 2.00cm<\/p>\n<\/li>\n<li data-start=\"870\" data-end=\"922\">\n<p data-start=\"872\" data-end=\"922\"><strong data-start=\"872\" data-end=\"885\">P\u00ebrdorim:<\/strong> Dekorativ<\/p>\n<\/li>\n<li data-start=\"923\" data-end=\"969\">\n<p data-start=\"925\" data-end=\"969\"><strong data-start=\"925\" data-end=\"946\">Paketim i ve\u00e7ant\u00eb<\/strong>, perfekt p\u00ebr dhurat\u00eb<\/p>\n<\/li>\n<\/ul>","protected":false},"featured_media":30713,"template":"","meta":[],"product_brand":[],"product_cat":[326],"product_tag":[],"class_list":{"0":"post-30798","1":"product","2":"type-product","3":"status-publish","4":"has-post-thumbnail","6":"product_cat-qirinje","8":"first","9":"instock","10":"taxable","11":"shipping-taxable","12":"purchasable","13":"product-type-simple"},"group_of_quantity":0,"min_quantity":0,"max_quantity":"","exclude_order_quantity_value_rules":"no","exclude_category_quantity_rules":"no","combine_variations":"no","jetpack_sharing_enabled":true,"_links":{"self":[{"href":"https:\/\/fushaco.com\/sq\/wp-json\/wp\/v2\/product\/30798","targetHints":{"allow":["GET"]}}],"collection":[{"href":"https:\/\/fushaco.com\/sq\/wp-json\/wp\/v2\/product"}],"about":[{"href":"https:\/\/fushaco.com\/sq\/wp-json\/wp\/v2\/types\/product"}],"version-history":[{"count":3,"href":"https:\/\/fushaco.com\/sq\/wp-json\/wp\/v2\/product\/30798\/revisions"}],"predecessor-version":[{"id":31787,"href":"https:\/\/fushaco.com\/sq\/wp-json\/wp\/v2\/product\/30798\/revisions\/31787"}],"wp:featuredmedia":[{"embeddable":true,"href":"https:\/\/fushaco.com\/sq\/wp-json\/wp\/v2\/media\/30713"}],"wp:attachment":[{"href":"https:\/\/fushaco.com\/sq\/wp-json\/wp\/v2\/media?parent=30798"}],"wp:term":[{"taxonomy":"product_brand","embeddable":true,"href":"https:\/\/fushaco.com\/sq\/wp-json\/wp\/v2\/product_brand?post=30798"},{"taxonomy":"product_cat","embeddable":true,"href":"https:\/\/fushaco.com\/sq\/wp-json\/wp\/v2\/product_cat?post=30798"},{"taxonomy":"product_tag","embeddable":true,"href":"https:\/\/fushaco.com\/sq\/wp-json\/wp\/v2\/product_tag?post=30798"}],"curies":[{"name":"wp","href":"https:\/\/api.w.org\/{rel}","templated":true}]}}