{"id":30801,"date":"2025-10-20T10:48:32","date_gmt":"2025-10-20T10:48:32","guid":{"rendered":"https:\/\/fushaco.com\/?post_type=product&#038;p=30801"},"modified":"2025-12-18T17:03:17","modified_gmt":"2025-12-18T17:03:17","slug":"fush-xk-023","status":"publish","type":"product","link":"https:\/\/fushaco.com\/sq\/produkt\/fush-xk-023\/","title":{"rendered":"Qirinj\u00eb Dekorativ\u00eb &#8211; FUSH-XK-023"},"content":{"rendered":"<p data-start=\"154\" data-end=\"359\">Ky qiri simbolizon <strong data-start=\"193\" data-end=\"240\">besimin, qet\u00ebsin\u00eb shpirt\u00ebrore dhe shpres\u00ebn.<\/strong> Me dizajn unik q\u00eb paraqet duart e bashkuara n\u00eb lutje, ky qiri sjell nj\u00eb ndjesi paqeje dhe p\u00ebrul\u00ebsie n\u00eb \u00e7do hap\u00ebsir\u00eb.<\/p>\n<p data-start=\"361\" data-end=\"563\">I punuar me kujdes nga <strong data-start=\"384\" data-end=\"401\">dyell soje<\/strong>\u00a0dhe me nj\u00eb pamje t\u00eb but\u00eb, ai \u00ebsht\u00eb perfekt p\u00ebr <strong data-start=\"449\" data-end=\"511\">ambientet e meditimeve, dhoma lutjeje, dhurata shpirt\u00ebrore<\/strong> apo thjesht si nj\u00eb dekor me dometh\u00ebnie t\u00eb thell\u00eb.<\/p>","protected":false},"excerpt":{"rendered":"<p data-start=\"565\" data-end=\"593\"><strong data-start=\"567\" data-end=\"591\">Detajet e produktit:<\/strong><\/p>\n<ul data-start=\"594\" data-end=\"905\">\n<li data-start=\"594\" data-end=\"635\">\n<p data-start=\"596\" data-end=\"635\"><strong data-start=\"596\" data-end=\"606\">Forma:<\/strong> Duar t\u00eb bashkuara n\u00eb lutje<\/p>\n<\/li>\n<li data-start=\"636\" data-end=\"669\">\n<p data-start=\"638\" data-end=\"669\"><strong data-start=\"638\" data-end=\"649\">Ngjyra:<\/strong> E bardh\u00eb e past\u00ebr<\/p>\n<\/li>\n<li data-start=\"670\" data-end=\"730\">\n<p data-start=\"672\" data-end=\"730\"><strong data-start=\"672\" data-end=\"686\">Materiali:<\/strong> Dyell soje<\/p>\n<\/li>\n<li data-start=\"670\" data-end=\"730\">\n<p data-start=\"672\" data-end=\"730\"><strong data-start=\"767\" data-end=\"780\">Madh\u00ebsia:<\/strong> 8.00cm<\/p>\n<\/li>\n<li data-start=\"806\" data-end=\"858\">\n<p data-start=\"808\" data-end=\"858\"><strong data-start=\"808\" data-end=\"821\">P\u00ebrdorim:<\/strong> Dekorativ (jo p\u00ebr djegie t\u00eb gjat\u00eb)<\/p>\n<\/li>\n<li data-start=\"859\" data-end=\"905\">\n<p data-start=\"861\" data-end=\"905\"><strong data-start=\"861\" data-end=\"880\">Paketim elegant<\/strong>, i gatsh\u00ebm p\u00ebr dhurat\u00eb<\/p>\n<\/li>\n<\/ul>","protected":false},"featured_media":30714,"template":"","meta":[],"product_brand":[],"product_cat":[326],"product_tag":[],"class_list":{"0":"post-30801","1":"product","2":"type-product","3":"status-publish","4":"has-post-thumbnail","6":"product_cat-qirinje","8":"first","9":"instock","10":"taxable","11":"shipping-taxable","12":"purchasable","13":"product-type-simple"},"group_of_quantity":0,"min_quantity":0,"max_quantity":"","exclude_order_quantity_value_rules":"no","exclude_category_quantity_rules":"no","combine_variations":"no","jetpack_sharing_enabled":true,"_links":{"self":[{"href":"https:\/\/fushaco.com\/sq\/wp-json\/wp\/v2\/product\/30801","targetHints":{"allow":["GET"]}}],"collection":[{"href":"https:\/\/fushaco.com\/sq\/wp-json\/wp\/v2\/product"}],"about":[{"href":"https:\/\/fushaco.com\/sq\/wp-json\/wp\/v2\/types\/product"}],"version-history":[{"count":4,"href":"https:\/\/fushaco.com\/sq\/wp-json\/wp\/v2\/product\/30801\/revisions"}],"predecessor-version":[{"id":33345,"href":"https:\/\/fushaco.com\/sq\/wp-json\/wp\/v2\/product\/30801\/revisions\/33345"}],"wp:featuredmedia":[{"embeddable":true,"href":"https:\/\/fushaco.com\/sq\/wp-json\/wp\/v2\/media\/30714"}],"wp:attachment":[{"href":"https:\/\/fushaco.com\/sq\/wp-json\/wp\/v2\/media?parent=30801"}],"wp:term":[{"taxonomy":"product_brand","embeddable":true,"href":"https:\/\/fushaco.com\/sq\/wp-json\/wp\/v2\/product_brand?post=30801"},{"taxonomy":"product_cat","embeddable":true,"href":"https:\/\/fushaco.com\/sq\/wp-json\/wp\/v2\/product_cat?post=30801"},{"taxonomy":"product_tag","embeddable":true,"href":"https:\/\/fushaco.com\/sq\/wp-json\/wp\/v2\/product_tag?post=30801"}],"curies":[{"name":"wp","href":"https:\/\/api.w.org\/{rel}","templated":true}]}}