{"id":30802,"date":"2025-10-20T10:49:02","date_gmt":"2025-10-20T10:49:02","guid":{"rendered":"https:\/\/fushaco.com\/?post_type=product&#038;p=30802"},"modified":"2025-12-18T17:03:15","modified_gmt":"2025-12-18T17:03:15","slug":"fush-xk-024","status":"publish","type":"product","link":"https:\/\/fushaco.com\/sq\/produkt\/fush-xk-024\/","title":{"rendered":"Qirinj\u00eb Dekorativ\u00eb &#8211; FUSH-XK-024"},"content":{"rendered":"<p data-start=\"158\" data-end=\"448\">Qiriu <strong data-start=\"164\" data-end=\"179\">\u201cHome Love\u201d<\/strong> \u00ebsht\u00eb nj\u00eb dekor i mrekulluesh\u00ebm q\u00eb simbolizon dashurin\u00eb dhe paqen q\u00eb gjendet n\u00eb \u00e7do sht\u00ebpi. Me form\u00ebn e <strong data-start=\"284\" data-end=\"296\">sht\u00ebpis\u00eb<\/strong> dhe dizajn elegant ku fjala <em data-start=\"325\" data-end=\"331\">HOME<\/em> p\u00ebrfshin nj\u00eb zem\u00ebr t\u00eb vog\u00ebl n\u00eb vend t\u00eb \u201cO\u201d, ky qiri sjell nj\u00eb ndjesi ngroht\u00ebsie dhe mir\u00ebseardhjeje n\u00eb \u00e7do ambient.<\/p>\n<p data-start=\"450\" data-end=\"648\">I krijuar me <strong data-start=\"463\" data-end=\"514\">dizajn minimalist dhe ngjyr\u00eb t\u00eb bardh\u00eb natyrale<\/strong>, ky qiri p\u00ebrshtatet n\u00eb \u00e7do stil dekorimi \u2013 perfekt p\u00ebr dhurat\u00eb sht\u00ebpie t\u00eb re, p\u00ebrvjetor apo si dekor elegant p\u00ebr dhom\u00ebn e ndenjjes.<\/p>","protected":false},"excerpt":{"rendered":"<p data-start=\"650\" data-end=\"678\"><strong data-start=\"652\" data-end=\"676\">Detajet e produktit:<\/strong><\/p>\n<ul data-start=\"679\" data-end=\"1001\">\n<li data-start=\"679\" data-end=\"740\">\n<p data-start=\"681\" data-end=\"740\"><strong data-start=\"681\" data-end=\"691\">Forma:<\/strong> Sht\u00ebpi me fjal\u00ebn \u201cHOME\u201d dhe zem\u00ebr t\u00eb integruar<\/p>\n<\/li>\n<li data-start=\"741\" data-end=\"775\">\n<p data-start=\"743\" data-end=\"775\"><strong data-start=\"743\" data-end=\"754\">Ngjyra:<\/strong> E bardh\u00eb \/ kremoze<\/p>\n<\/li>\n<li data-start=\"776\" data-end=\"836\">\n<p data-start=\"778\" data-end=\"836\"><strong data-start=\"778\" data-end=\"792\">Materiali:<\/strong> Dyll soje<\/p>\n<\/li>\n<li data-start=\"871\" data-end=\"904\">\n<p data-start=\"873\" data-end=\"904\"><strong data-start=\"873\" data-end=\"886\">Madh\u00ebsia:<\/strong> 12.50cm<\/p>\n<\/li>\n<li data-start=\"905\" data-end=\"956\">\n<p data-start=\"907\" data-end=\"956\"><strong data-start=\"907\" data-end=\"920\">P\u00ebrdorim:<\/strong> Dekorativ<\/p>\n<\/li>\n<li data-start=\"957\" data-end=\"1001\">\n<p data-start=\"959\" data-end=\"1001\"><strong data-start=\"959\" data-end=\"978\">Paketim elegant<\/strong>, perfekt p\u00ebr dhurat\u00eb<\/p>\n<\/li>\n<\/ul>","protected":false},"featured_media":30715,"template":"","meta":[],"product_brand":[],"product_cat":[326],"product_tag":[],"class_list":{"0":"post-30802","1":"product","2":"type-product","3":"status-publish","4":"has-post-thumbnail","6":"product_cat-qirinje","8":"first","9":"instock","10":"taxable","11":"shipping-taxable","12":"purchasable","13":"product-type-simple"},"group_of_quantity":0,"min_quantity":0,"max_quantity":"","exclude_order_quantity_value_rules":"no","exclude_category_quantity_rules":"no","combine_variations":"no","jetpack_sharing_enabled":true,"_links":{"self":[{"href":"https:\/\/fushaco.com\/sq\/wp-json\/wp\/v2\/product\/30802","targetHints":{"allow":["GET"]}}],"collection":[{"href":"https:\/\/fushaco.com\/sq\/wp-json\/wp\/v2\/product"}],"about":[{"href":"https:\/\/fushaco.com\/sq\/wp-json\/wp\/v2\/types\/product"}],"version-history":[{"count":4,"href":"https:\/\/fushaco.com\/sq\/wp-json\/wp\/v2\/product\/30802\/revisions"}],"predecessor-version":[{"id":33344,"href":"https:\/\/fushaco.com\/sq\/wp-json\/wp\/v2\/product\/30802\/revisions\/33344"}],"wp:featuredmedia":[{"embeddable":true,"href":"https:\/\/fushaco.com\/sq\/wp-json\/wp\/v2\/media\/30715"}],"wp:attachment":[{"href":"https:\/\/fushaco.com\/sq\/wp-json\/wp\/v2\/media?parent=30802"}],"wp:term":[{"taxonomy":"product_brand","embeddable":true,"href":"https:\/\/fushaco.com\/sq\/wp-json\/wp\/v2\/product_brand?post=30802"},{"taxonomy":"product_cat","embeddable":true,"href":"https:\/\/fushaco.com\/sq\/wp-json\/wp\/v2\/product_cat?post=30802"},{"taxonomy":"product_tag","embeddable":true,"href":"https:\/\/fushaco.com\/sq\/wp-json\/wp\/v2\/product_tag?post=30802"}],"curies":[{"name":"wp","href":"https:\/\/api.w.org\/{rel}","templated":true}]}}