{"id":30805,"date":"2025-10-20T10:50:39","date_gmt":"2025-10-20T10:50:39","guid":{"rendered":"https:\/\/fushaco.com\/?post_type=product&#038;p=30805"},"modified":"2025-12-18T17:03:12","modified_gmt":"2025-12-18T17:03:12","slug":"fush-xk-025","status":"publish","type":"product","link":"https:\/\/fushaco.com\/sq\/produkt\/fush-xk-025\/","title":{"rendered":"Qirinj\u00eb Dekorativ\u00eb &#8211; FUSH-XK-025"},"content":{"rendered":"<p data-start=\"168\" data-end=\"384\">I frym\u00ebzuar nga eleganca e orkides\u00eb, ky qiri \u00ebsht\u00eb simbol i <strong data-start=\"335\" data-end=\"382\">fines\u00ebs, past\u00ebrtis\u00eb dhe dashuris\u00eb delikate.<\/strong><\/p>\n<p data-start=\"386\" data-end=\"535\">I punuar me detaje t\u00eb holl\u00ebsishme dhe prej dylli soje, ai \u00ebsht\u00eb <strong data-start=\"453\" data-end=\"533\">ideal p\u00ebr ambiente romantike, spa, studio estetike apo si dhurat\u00eb e ve\u00e7ant\u00eb.<\/strong><\/p>","protected":false},"excerpt":{"rendered":"<p data-start=\"537\" data-end=\"565\"><strong data-start=\"539\" data-end=\"563\">Detajet e produktit:<\/strong><\/p>\n<ul data-start=\"566\" data-end=\"888\">\n<li data-start=\"624\" data-end=\"667\">\n<p data-start=\"626\" data-end=\"667\"><strong data-start=\"626\" data-end=\"637\">Ngjyra:<\/strong> E bardh\u00eb natyrale \/ kremoze<\/p>\n<\/li>\n<li data-start=\"668\" data-end=\"719\">\n<p data-start=\"670\" data-end=\"719\"><strong data-start=\"670\" data-end=\"684\">Materiali:<\/strong> Dyell soje<\/p>\n<\/li>\n<li data-start=\"754\" data-end=\"793\">\n<p data-start=\"756\" data-end=\"793\"><strong data-start=\"756\" data-end=\"769\">Madh\u00ebsia:<\/strong> 2.00cm<\/p>\n<\/li>\n<li data-start=\"794\" data-end=\"846\">\n<p data-start=\"796\" data-end=\"846\"><strong data-start=\"796\" data-end=\"809\">P\u00ebrdorim:<\/strong> Dekorativ<\/p>\n<\/li>\n<li data-start=\"847\" data-end=\"888\">\n<p data-start=\"849\" data-end=\"888\"><strong data-start=\"849\" data-end=\"868\">Paketim elegant<\/strong>, gati p\u00ebr dhurat\u00eb<\/p>\n<\/li>\n<\/ul>","protected":false},"featured_media":30716,"template":"","meta":[],"product_brand":[],"product_cat":[326],"product_tag":[],"class_list":{"0":"post-30805","1":"product","2":"type-product","3":"status-publish","4":"has-post-thumbnail","6":"product_cat-qirinje","8":"first","9":"instock","10":"taxable","11":"shipping-taxable","12":"purchasable","13":"product-type-variable"},"group_of_quantity":0,"min_quantity":0,"max_quantity":"","exclude_order_quantity_value_rules":"no","exclude_category_quantity_rules":"no","combine_variations":"no","jetpack_sharing_enabled":true,"_links":{"self":[{"href":"https:\/\/fushaco.com\/sq\/wp-json\/wp\/v2\/product\/30805","targetHints":{"allow":["GET"]}}],"collection":[{"href":"https:\/\/fushaco.com\/sq\/wp-json\/wp\/v2\/product"}],"about":[{"href":"https:\/\/fushaco.com\/sq\/wp-json\/wp\/v2\/types\/product"}],"version-history":[{"count":4,"href":"https:\/\/fushaco.com\/sq\/wp-json\/wp\/v2\/product\/30805\/revisions"}],"predecessor-version":[{"id":33343,"href":"https:\/\/fushaco.com\/sq\/wp-json\/wp\/v2\/product\/30805\/revisions\/33343"}],"wp:featuredmedia":[{"embeddable":true,"href":"https:\/\/fushaco.com\/sq\/wp-json\/wp\/v2\/media\/30716"}],"wp:attachment":[{"href":"https:\/\/fushaco.com\/sq\/wp-json\/wp\/v2\/media?parent=30805"}],"wp:term":[{"taxonomy":"product_brand","embeddable":true,"href":"https:\/\/fushaco.com\/sq\/wp-json\/wp\/v2\/product_brand?post=30805"},{"taxonomy":"product_cat","embeddable":true,"href":"https:\/\/fushaco.com\/sq\/wp-json\/wp\/v2\/product_cat?post=30805"},{"taxonomy":"product_tag","embeddable":true,"href":"https:\/\/fushaco.com\/sq\/wp-json\/wp\/v2\/product_tag?post=30805"}],"curies":[{"name":"wp","href":"https:\/\/api.w.org\/{rel}","templated":true}]}}