{"id":30806,"date":"2025-10-20T10:51:58","date_gmt":"2025-10-20T10:51:58","guid":{"rendered":"https:\/\/fushaco.com\/?post_type=product&#038;p=30806"},"modified":"2025-12-18T17:03:07","modified_gmt":"2025-12-18T17:03:07","slug":"fush-xk-026","status":"publish","type":"product","link":"https:\/\/fushaco.com\/sq\/produkt\/fush-xk-026\/","title":{"rendered":"Qirinj\u00eb Dekorativ\u00eb &#8211; FUSH-XK-026"},"content":{"rendered":"<p data-start=\"148\" data-end=\"358\">Me form\u00eb <strong data-start=\"230\" data-end=\"239\">zemre<\/strong> dhe dizajn lule tr\u00ebndafili n\u00eb qend\u00ebr, ky qiri sjell nj\u00eb atmosfer\u00eb t\u00eb but\u00eb, t\u00eb \u00ebmb\u00ebl dhe plot dashuri n\u00eb \u00e7do ambient.<\/p>\n<p data-start=\"360\" data-end=\"567\">I punuar me kujdes nga dyell soje, ky qiri \u00ebsht\u00eb <strong data-start=\"440\" data-end=\"508\">ideal p\u00ebr dhurata romantike, dit\u00ebn e Sh\u00ebn Valentinit, p\u00ebrvjetor\u00eb<\/strong> apo thjesht p\u00ebr t\u00eb shtuar nj\u00eb prekje dashurie n\u00eb sht\u00ebpi.<\/p>","protected":false},"excerpt":{"rendered":"<p data-start=\"569\" data-end=\"597\"><strong data-start=\"571\" data-end=\"595\">Detajet e produktit:<\/strong><\/p>\n<ul data-start=\"598\" data-end=\"917\">\n<li data-start=\"598\" data-end=\"657\">\n<p data-start=\"600\" data-end=\"657\"><strong data-start=\"600\" data-end=\"610\">Forma:<\/strong> Zem\u00ebr me lule tr\u00ebndafili t\u00eb punuar me detaje<\/p>\n<\/li>\n<li data-start=\"686\" data-end=\"746\">\n<p data-start=\"688\" data-end=\"746\"><strong data-start=\"688\" data-end=\"702\">Materiali:<\/strong> Dyll Soje<\/p>\n<\/li>\n<li data-start=\"781\" data-end=\"819\">\n<p data-start=\"783\" data-end=\"819\"><strong data-start=\"783\" data-end=\"796\">Madh\u00ebsia:<\/strong> 2.50cm<\/p>\n<\/li>\n<li data-start=\"820\" data-end=\"872\">\n<p data-start=\"822\" data-end=\"872\"><strong data-start=\"822\" data-end=\"835\">P\u00ebrdorim:<\/strong> Dekorativ<\/p>\n<\/li>\n<li data-start=\"873\" data-end=\"917\">\n<p data-start=\"875\" data-end=\"917\"><strong data-start=\"875\" data-end=\"894\">Paketim elegant<\/strong>, perfekt p\u00ebr dhurat\u00eb<\/p>\n<\/li>\n<\/ul>","protected":false},"featured_media":30717,"template":"","meta":[],"product_brand":[],"product_cat":[326],"product_tag":[],"class_list":{"0":"post-30806","1":"product","2":"type-product","3":"status-publish","4":"has-post-thumbnail","6":"product_cat-qirinje","8":"first","9":"instock","10":"taxable","11":"shipping-taxable","12":"purchasable","13":"product-type-variable"},"group_of_quantity":0,"min_quantity":0,"max_quantity":"","exclude_order_quantity_value_rules":"no","exclude_category_quantity_rules":"no","combine_variations":"no","jetpack_sharing_enabled":true,"_links":{"self":[{"href":"https:\/\/fushaco.com\/sq\/wp-json\/wp\/v2\/product\/30806","targetHints":{"allow":["GET"]}}],"collection":[{"href":"https:\/\/fushaco.com\/sq\/wp-json\/wp\/v2\/product"}],"about":[{"href":"https:\/\/fushaco.com\/sq\/wp-json\/wp\/v2\/types\/product"}],"version-history":[{"count":4,"href":"https:\/\/fushaco.com\/sq\/wp-json\/wp\/v2\/product\/30806\/revisions"}],"predecessor-version":[{"id":33342,"href":"https:\/\/fushaco.com\/sq\/wp-json\/wp\/v2\/product\/30806\/revisions\/33342"}],"wp:featuredmedia":[{"embeddable":true,"href":"https:\/\/fushaco.com\/sq\/wp-json\/wp\/v2\/media\/30717"}],"wp:attachment":[{"href":"https:\/\/fushaco.com\/sq\/wp-json\/wp\/v2\/media?parent=30806"}],"wp:term":[{"taxonomy":"product_brand","embeddable":true,"href":"https:\/\/fushaco.com\/sq\/wp-json\/wp\/v2\/product_brand?post=30806"},{"taxonomy":"product_cat","embeddable":true,"href":"https:\/\/fushaco.com\/sq\/wp-json\/wp\/v2\/product_cat?post=30806"},{"taxonomy":"product_tag","embeddable":true,"href":"https:\/\/fushaco.com\/sq\/wp-json\/wp\/v2\/product_tag?post=30806"}],"curies":[{"name":"wp","href":"https:\/\/api.w.org\/{rel}","templated":true}]}}