{"id":30809,"date":"2025-10-20T10:53:06","date_gmt":"2025-10-20T10:53:06","guid":{"rendered":"https:\/\/fushaco.com\/?post_type=product&#038;p=30809"},"modified":"2025-12-18T17:03:05","modified_gmt":"2025-12-18T17:03:05","slug":"fush-xk-027","status":"publish","type":"product","link":"https:\/\/fushaco.com\/sq\/produkt\/fush-xk-027\/","title":{"rendered":"Qirinj\u00eb Dekorativ\u00eb &#8211; FUSH-XK-027"},"content":{"rendered":"<p data-start=\"124\" data-end=\"361\">Qiriu <strong data-start=\"130\" data-end=\"140\">\u201cLOVE\u201d<\/strong> \u00ebsht\u00eb simbol i dashuris\u00eb dhe ngroht\u00ebsis\u00eb q\u00eb ndri\u00e7on \u00e7do ambient. Me dizajn modern n\u00eb form\u00ebn e fjal\u00ebs <em data-start=\"242\" data-end=\"248\">LOVE<\/em>, ky qiri \u00ebsht\u00eb nj\u00eb dekor ideal p\u00ebr t\u2019i dh\u00ebn\u00eb nj\u00eb prekje romantike sht\u00ebpis\u00eb, eventeve apo dhuratave t\u00eb ve\u00e7anta.<\/p>\n<p data-start=\"363\" data-end=\"570\">I punuar me dyell soje dhe me p\u00ebrfundim t\u00eb l\u00ebmuar, ai p\u00ebrshtatet n\u00eb \u00e7do stil dekorimi \u2013 nga minimalist tek elegant. Nj\u00eb zgjedhje perfekte p\u00ebr <strong data-start=\"508\" data-end=\"534\">Dita e Sh\u00ebn Valentinit<\/strong>, p\u00ebrvjetor\u00eb apo dhurata dashurie.<\/p>","protected":false},"excerpt":{"rendered":"<p data-start=\"572\" data-end=\"600\"><strong data-start=\"574\" data-end=\"598\">Detajet e produktit:<\/strong><\/p>\n<ul data-start=\"601\" data-end=\"917\">\n<li data-start=\"601\" data-end=\"648\">\n<p data-start=\"603\" data-end=\"648\"><strong data-start=\"603\" data-end=\"613\">Forma:<\/strong> Fjala \u201cLOVE\u201d n\u00eb dizajn modern 3D<\/p>\n<\/li>\n<li data-start=\"649\" data-end=\"692\">\n<p data-start=\"651\" data-end=\"692\"><strong data-start=\"651\" data-end=\"662\">Ngjyra:<\/strong> E bardh\u00eb natyrale \/ kremoze<\/p>\n<\/li>\n<li data-start=\"693\" data-end=\"753\">\n<p data-start=\"695\" data-end=\"753\"><strong data-start=\"695\" data-end=\"709\">Materiali:<\/strong> Dyll Soje<\/p>\n<\/li>\n<li data-start=\"788\" data-end=\"820\">\n<p data-start=\"790\" data-end=\"820\"><strong data-start=\"790\" data-end=\"803\">Madh\u00ebsia:<\/strong> 4.00cm<\/p>\n<\/li>\n<li data-start=\"821\" data-end=\"872\">\n<p data-start=\"823\" data-end=\"872\"><strong data-start=\"823\" data-end=\"836\">P\u00ebrdorim:<\/strong> Dekorativ<\/p>\n<\/li>\n<li data-start=\"873\" data-end=\"917\">\n<p data-start=\"875\" data-end=\"917\"><strong data-start=\"875\" data-end=\"894\">Paketim elegant<\/strong>, perfekt p\u00ebr dhurat\u00eb<\/p>\n<\/li>\n<\/ul>","protected":false},"featured_media":30718,"template":"","meta":[],"product_brand":[],"product_cat":[326],"product_tag":[],"class_list":{"0":"post-30809","1":"product","2":"type-product","3":"status-publish","4":"has-post-thumbnail","6":"product_cat-qirinje","8":"first","9":"instock","10":"taxable","11":"shipping-taxable","12":"purchasable","13":"product-type-simple"},"group_of_quantity":0,"min_quantity":0,"max_quantity":"","exclude_order_quantity_value_rules":"no","exclude_category_quantity_rules":"no","combine_variations":"no","jetpack_sharing_enabled":true,"_links":{"self":[{"href":"https:\/\/fushaco.com\/sq\/wp-json\/wp\/v2\/product\/30809","targetHints":{"allow":["GET"]}}],"collection":[{"href":"https:\/\/fushaco.com\/sq\/wp-json\/wp\/v2\/product"}],"about":[{"href":"https:\/\/fushaco.com\/sq\/wp-json\/wp\/v2\/types\/product"}],"version-history":[{"count":4,"href":"https:\/\/fushaco.com\/sq\/wp-json\/wp\/v2\/product\/30809\/revisions"}],"predecessor-version":[{"id":33341,"href":"https:\/\/fushaco.com\/sq\/wp-json\/wp\/v2\/product\/30809\/revisions\/33341"}],"wp:featuredmedia":[{"embeddable":true,"href":"https:\/\/fushaco.com\/sq\/wp-json\/wp\/v2\/media\/30718"}],"wp:attachment":[{"href":"https:\/\/fushaco.com\/sq\/wp-json\/wp\/v2\/media?parent=30809"}],"wp:term":[{"taxonomy":"product_brand","embeddable":true,"href":"https:\/\/fushaco.com\/sq\/wp-json\/wp\/v2\/product_brand?post=30809"},{"taxonomy":"product_cat","embeddable":true,"href":"https:\/\/fushaco.com\/sq\/wp-json\/wp\/v2\/product_cat?post=30809"},{"taxonomy":"product_tag","embeddable":true,"href":"https:\/\/fushaco.com\/sq\/wp-json\/wp\/v2\/product_tag?post=30809"}],"curies":[{"name":"wp","href":"https:\/\/api.w.org\/{rel}","templated":true}]}}