{"id":30810,"date":"2025-10-20T10:53:38","date_gmt":"2025-10-20T10:53:38","guid":{"rendered":"https:\/\/fushaco.com\/?post_type=product&#038;p=30810"},"modified":"2025-12-18T17:03:02","modified_gmt":"2025-12-18T17:03:02","slug":"fush-xk-028","status":"publish","type":"product","link":"https:\/\/fushaco.com\/sq\/produkt\/fush-xk-028\/","title":{"rendered":"Qirinj\u00eb Dekorativ\u00eb &#8211; FUSH-XK-028"},"content":{"rendered":"<p data-start=\"167\" data-end=\"433\">Me form\u00ebn e saj t\u00eb but\u00eb dhe petalet e punuara me kujdes, ky qiri p\u00ebrfaq\u00ebson bukurin\u00eb, dashurin\u00eb dhe begatin\u00eb \u2014 perfekte p\u00ebr \u00e7do ambient elegant apo romantik.<\/p>\n<p data-start=\"435\" data-end=\"577\">I punuar me dyell soje dhe dizajn minimalist, ky qiri \u00ebsht\u00eb <strong data-start=\"498\" data-end=\"575\">ideal si dekor tavoline, dhurat\u00eb e rafinuar apo pjes\u00eb e arredimit modern.<\/strong><\/p>","protected":false},"excerpt":{"rendered":"<p data-start=\"579\" data-end=\"607\"><strong data-start=\"581\" data-end=\"605\">Detajet e produktit:<\/strong><\/p>\n<ul data-start=\"608\" data-end=\"918\">\n<li data-start=\"608\" data-end=\"651\"><strong data-start=\"654\" data-end=\"665\">Ngjyra:<\/strong> E bardh\u00eb natyrale \/ kremoze<\/li>\n<li data-start=\"696\" data-end=\"746\">\n<p data-start=\"698\" data-end=\"746\"><strong data-start=\"698\" data-end=\"712\">Materiali:<\/strong> Dyell soje<\/p>\n<\/li>\n<li data-start=\"781\" data-end=\"820\">\n<p data-start=\"783\" data-end=\"820\"><strong data-start=\"783\" data-end=\"796\">Madh\u00ebsia:<\/strong> 2.50cm<\/p>\n<\/li>\n<li data-start=\"821\" data-end=\"873\">\n<p data-start=\"823\" data-end=\"873\"><strong data-start=\"823\" data-end=\"836\">P\u00ebrdorim:<\/strong> Dekorativ<\/p>\n<\/li>\n<li data-start=\"874\" data-end=\"918\">\n<p data-start=\"876\" data-end=\"918\"><strong data-start=\"876\" data-end=\"895\">Paketim elegant<\/strong>, perfekt p\u00ebr dhurat\u00eb<\/p>\n<\/li>\n<\/ul>","protected":false},"featured_media":30719,"template":"","meta":[],"product_brand":[],"product_cat":[326],"product_tag":[],"class_list":{"0":"post-30810","1":"product","2":"type-product","3":"status-publish","4":"has-post-thumbnail","6":"product_cat-qirinje","8":"first","9":"instock","10":"taxable","11":"shipping-taxable","12":"purchasable","13":"product-type-variable"},"group_of_quantity":0,"min_quantity":0,"max_quantity":"","exclude_order_quantity_value_rules":"no","exclude_category_quantity_rules":"no","combine_variations":"no","jetpack_sharing_enabled":true,"_links":{"self":[{"href":"https:\/\/fushaco.com\/sq\/wp-json\/wp\/v2\/product\/30810","targetHints":{"allow":["GET"]}}],"collection":[{"href":"https:\/\/fushaco.com\/sq\/wp-json\/wp\/v2\/product"}],"about":[{"href":"https:\/\/fushaco.com\/sq\/wp-json\/wp\/v2\/types\/product"}],"version-history":[{"count":5,"href":"https:\/\/fushaco.com\/sq\/wp-json\/wp\/v2\/product\/30810\/revisions"}],"predecessor-version":[{"id":33754,"href":"https:\/\/fushaco.com\/sq\/wp-json\/wp\/v2\/product\/30810\/revisions\/33754"}],"wp:featuredmedia":[{"embeddable":true,"href":"https:\/\/fushaco.com\/sq\/wp-json\/wp\/v2\/media\/30719"}],"wp:attachment":[{"href":"https:\/\/fushaco.com\/sq\/wp-json\/wp\/v2\/media?parent=30810"}],"wp:term":[{"taxonomy":"product_brand","embeddable":true,"href":"https:\/\/fushaco.com\/sq\/wp-json\/wp\/v2\/product_brand?post=30810"},{"taxonomy":"product_cat","embeddable":true,"href":"https:\/\/fushaco.com\/sq\/wp-json\/wp\/v2\/product_cat?post=30810"},{"taxonomy":"product_tag","embeddable":true,"href":"https:\/\/fushaco.com\/sq\/wp-json\/wp\/v2\/product_tag?post=30810"}],"curies":[{"name":"wp","href":"https:\/\/api.w.org\/{rel}","templated":true}]}}