{"id":30812,"date":"2025-10-20T10:55:09","date_gmt":"2025-10-20T10:55:09","guid":{"rendered":"https:\/\/fushaco.com\/?post_type=product&#038;p=30812"},"modified":"2025-12-18T17:02:57","modified_gmt":"2025-12-18T17:02:57","slug":"fush-xk-029","status":"publish","type":"product","link":"https:\/\/fushaco.com\/sq\/produkt\/fush-xk-029\/","title":{"rendered":"Qirinj\u00eb Dekorativ\u00eb &#8211; FUSH-XK-029"},"content":{"rendered":"<p data-start=\"157\" data-end=\"390\">Qiriu <strong data-start=\"163\" data-end=\"181\">\u201cRose Blossom\u201d<\/strong> sjell n\u00eb sht\u00ebpin\u00eb t\u00ebnde delikates\u00ebn dhe eleganc\u00ebn e nj\u00eb tr\u00ebndafili t\u00eb \u00e7elur. Me form\u00eb t\u00eb punuar me kujdes q\u00eb imiton petalet natyrale t\u00eb tr\u00ebndafilit, ky qiri \u00ebsht\u00eb simbol i dashuris\u00eb, but\u00ebsis\u00eb dhe harmonis\u00eb.<\/p>\n<p data-start=\"392\" data-end=\"523\">Nj\u00eb zgjedhje perfekte p\u00ebr <strong data-start=\"418\" data-end=\"476\">dekor romantik, dhurata elegante apo evente t\u00eb ve\u00e7anta<\/strong>, q\u00eb shton stil dhe ngroht\u00ebsi n\u00eb \u00e7do ambient.<\/p>","protected":false},"excerpt":{"rendered":"<p data-start=\"525\" data-end=\"553\"><strong data-start=\"527\" data-end=\"551\">Detajet e produktit:<\/strong><\/p>\n<ul data-start=\"554\" data-end=\"882\">\n<li data-start=\"554\" data-end=\"617\">\n<p data-start=\"556\" data-end=\"617\"><strong data-start=\"556\" data-end=\"566\">Forma:<\/strong> Tr\u00ebndafil realist me petale t\u00eb punuara me detaje<\/p>\n<\/li>\n<li data-start=\"618\" data-end=\"661\">\n<p data-start=\"620\" data-end=\"661\"><strong data-start=\"620\" data-end=\"631\">Ngjyra:<\/strong> E bardh\u00eb natyrale \/ kremoze<\/p>\n<\/li>\n<li data-start=\"662\" data-end=\"712\">\n<p data-start=\"664\" data-end=\"712\"><strong data-start=\"664\" data-end=\"678\">Materiali:<\/strong> Dyell soje<\/p>\n<\/li>\n<li data-start=\"747\" data-end=\"786\">\n<p data-start=\"749\" data-end=\"786\"><strong data-start=\"749\" data-end=\"762\">Madh\u00ebsia:<\/strong> 6.00cm<\/p>\n<\/li>\n<li data-start=\"787\" data-end=\"839\">\n<p data-start=\"789\" data-end=\"839\"><strong data-start=\"789\" data-end=\"802\">P\u00ebrdorim:<\/strong> Dekorativ<\/p>\n<\/li>\n<li data-start=\"840\" data-end=\"882\">\n<p data-start=\"842\" data-end=\"882\"><strong data-start=\"842\" data-end=\"861\">Paketim elegant<\/strong>, ideal p\u00ebr dhurat\u00eb<\/p>\n<\/li>\n<\/ul>","protected":false},"featured_media":30720,"template":"","meta":[],"product_brand":[],"product_cat":[326],"product_tag":[],"class_list":{"0":"post-30812","1":"product","2":"type-product","3":"status-publish","4":"has-post-thumbnail","6":"product_cat-qirinje","8":"first","9":"instock","10":"taxable","11":"shipping-taxable","12":"purchasable","13":"product-type-simple"},"group_of_quantity":0,"min_quantity":0,"max_quantity":"","exclude_order_quantity_value_rules":"no","exclude_category_quantity_rules":"no","combine_variations":"no","jetpack_sharing_enabled":true,"_links":{"self":[{"href":"https:\/\/fushaco.com\/sq\/wp-json\/wp\/v2\/product\/30812","targetHints":{"allow":["GET"]}}],"collection":[{"href":"https:\/\/fushaco.com\/sq\/wp-json\/wp\/v2\/product"}],"about":[{"href":"https:\/\/fushaco.com\/sq\/wp-json\/wp\/v2\/types\/product"}],"version-history":[{"count":5,"href":"https:\/\/fushaco.com\/sq\/wp-json\/wp\/v2\/product\/30812\/revisions"}],"predecessor-version":[{"id":33339,"href":"https:\/\/fushaco.com\/sq\/wp-json\/wp\/v2\/product\/30812\/revisions\/33339"}],"wp:featuredmedia":[{"embeddable":true,"href":"https:\/\/fushaco.com\/sq\/wp-json\/wp\/v2\/media\/30720"}],"wp:attachment":[{"href":"https:\/\/fushaco.com\/sq\/wp-json\/wp\/v2\/media?parent=30812"}],"wp:term":[{"taxonomy":"product_brand","embeddable":true,"href":"https:\/\/fushaco.com\/sq\/wp-json\/wp\/v2\/product_brand?post=30812"},{"taxonomy":"product_cat","embeddable":true,"href":"https:\/\/fushaco.com\/sq\/wp-json\/wp\/v2\/product_cat?post=30812"},{"taxonomy":"product_tag","embeddable":true,"href":"https:\/\/fushaco.com\/sq\/wp-json\/wp\/v2\/product_tag?post=30812"}],"curies":[{"name":"wp","href":"https:\/\/api.w.org\/{rel}","templated":true}]}}