{"id":30814,"date":"2025-10-20T10:56:32","date_gmt":"2025-10-20T10:56:32","guid":{"rendered":"https:\/\/fushaco.com\/?post_type=product&#038;p=30814"},"modified":"2025-12-18T17:02:53","modified_gmt":"2025-12-18T17:02:53","slug":"fush-xk-030","status":"publish","type":"product","link":"https:\/\/fushaco.com\/sq\/produkt\/fush-xk-030\/","title":{"rendered":"Qirinj\u00eb Dekorativ\u00eb &#8211; FUSH-XK-030"},"content":{"rendered":"<p data-start=\"159\" data-end=\"355\">Qiriu <strong data-start=\"165\" data-end=\"183\">\u201cDaisy Flower\u201d<\/strong> sjell nj\u00eb prekje natyrale dhe delikate n\u00eb \u00e7do ambient. Me dizajn t\u00eb frym\u00ebzuar nga petalet e lules margarita, ky qiri \u00ebsht\u00eb simbol i past\u00ebrtis\u00eb, qet\u00ebsis\u00eb dhe feminitetit.<\/p>\n<p data-start=\"357\" data-end=\"530\">I realizuar me kujdes artistik dhe dyell cil\u00ebsor, <strong data-start=\"407\" data-end=\"425\">\u201cDaisy Flower\u201d<\/strong> \u00ebsht\u00eb perfekt p\u00ebr dekor tavoline, dhoma gjumi apo evente, duke shtuar nj\u00eb ndjesi freskie dhe harmonie.<\/p>","protected":false},"excerpt":{"rendered":"<p data-start=\"532\" data-end=\"560\"><strong data-start=\"534\" data-end=\"558\">Detajet e produktit:<\/strong><\/p>\n<ul data-start=\"561\" data-end=\"894\">\n<li data-start=\"561\" data-end=\"629\">\n<p data-start=\"563\" data-end=\"629\"><strong data-start=\"563\" data-end=\"573\">Forma:<\/strong> Lule margarita (Daisy) me petale t\u00eb punuara me detaje<\/p>\n<\/li>\n<li data-start=\"630\" data-end=\"673\">\n<p data-start=\"632\" data-end=\"673\"><strong data-start=\"632\" data-end=\"643\">Ngjyra:<\/strong> E bardh\u00eb natyrale \/ kremoze<\/p>\n<\/li>\n<li data-start=\"674\" data-end=\"725\">\n<p data-start=\"676\" data-end=\"725\"><strong data-start=\"676\" data-end=\"690\">Materiali:<\/strong> Dyell soje<\/p>\n<\/li>\n<li data-start=\"760\" data-end=\"799\">\n<p data-start=\"762\" data-end=\"799\"><strong data-start=\"762\" data-end=\"775\">Madh\u00ebsia:<\/strong> 5.50cm<\/p>\n<\/li>\n<li data-start=\"800\" data-end=\"852\">\n<p data-start=\"802\" data-end=\"852\"><strong data-start=\"802\" data-end=\"815\">P\u00ebrdorim:<\/strong> Dekorativ<\/p>\n<\/li>\n<li data-start=\"853\" data-end=\"894\">\n<p data-start=\"855\" data-end=\"894\"><strong data-start=\"855\" data-end=\"874\">Paketim elegant<\/strong>, gati p\u00ebr dhurat\u00eb<\/p>\n<\/li>\n<\/ul>","protected":false},"featured_media":30721,"template":"","meta":[],"product_brand":[],"product_cat":[326],"product_tag":[],"class_list":{"0":"post-30814","1":"product","2":"type-product","3":"status-publish","4":"has-post-thumbnail","6":"product_cat-qirinje","8":"first","9":"instock","10":"taxable","11":"shipping-taxable","12":"purchasable","13":"product-type-simple"},"group_of_quantity":0,"min_quantity":0,"max_quantity":"","exclude_order_quantity_value_rules":"no","exclude_category_quantity_rules":"no","combine_variations":"no","jetpack_sharing_enabled":true,"_links":{"self":[{"href":"https:\/\/fushaco.com\/sq\/wp-json\/wp\/v2\/product\/30814","targetHints":{"allow":["GET"]}}],"collection":[{"href":"https:\/\/fushaco.com\/sq\/wp-json\/wp\/v2\/product"}],"about":[{"href":"https:\/\/fushaco.com\/sq\/wp-json\/wp\/v2\/types\/product"}],"version-history":[{"count":4,"href":"https:\/\/fushaco.com\/sq\/wp-json\/wp\/v2\/product\/30814\/revisions"}],"predecessor-version":[{"id":33338,"href":"https:\/\/fushaco.com\/sq\/wp-json\/wp\/v2\/product\/30814\/revisions\/33338"}],"wp:featuredmedia":[{"embeddable":true,"href":"https:\/\/fushaco.com\/sq\/wp-json\/wp\/v2\/media\/30721"}],"wp:attachment":[{"href":"https:\/\/fushaco.com\/sq\/wp-json\/wp\/v2\/media?parent=30814"}],"wp:term":[{"taxonomy":"product_brand","embeddable":true,"href":"https:\/\/fushaco.com\/sq\/wp-json\/wp\/v2\/product_brand?post=30814"},{"taxonomy":"product_cat","embeddable":true,"href":"https:\/\/fushaco.com\/sq\/wp-json\/wp\/v2\/product_cat?post=30814"},{"taxonomy":"product_tag","embeddable":true,"href":"https:\/\/fushaco.com\/sq\/wp-json\/wp\/v2\/product_tag?post=30814"}],"curies":[{"name":"wp","href":"https:\/\/api.w.org\/{rel}","templated":true}]}}