{"id":30818,"date":"2025-10-20T10:59:49","date_gmt":"2025-10-20T10:59:49","guid":{"rendered":"https:\/\/fushaco.com\/?post_type=product&#038;p=30818"},"modified":"2025-12-18T17:02:50","modified_gmt":"2025-12-18T17:02:50","slug":"fush-xk-032","status":"publish","type":"product","link":"https:\/\/fushaco.com\/sq\/produkt\/fush-xk-032\/","title":{"rendered":"Qirinj\u00eb Dekorativ\u00eb &#8211; FUSH-XK-032"},"content":{"rendered":"<p data-start=\"156\" data-end=\"463\">Qiriu <strong data-start=\"519\" data-end=\"536\">\u201cBubble Cube\u201d <\/strong>\u00ebsht\u00eb nj\u00eb prej dizajneve m\u00eb trend t\u00eb momentit \u2013 i thjesht\u00eb, por me nj\u00eb form\u00eb gjeometrike unike q\u00eb t\u00ebrheq v\u00ebmendjen n\u00eb \u00e7do ambient. Ky qiri minimalist \u00ebsht\u00eb perfekt p\u00ebr t\u2019u p\u00ebrdorur si <strong data-start=\"364\" data-end=\"415\">dekor estetik n\u00eb tavolin\u00eb, raft apo dhom\u00eb gjumi<\/strong>, duke shtuar nj\u00eb ndjesi qet\u00ebsie dhe elegance.<\/p>\n<p data-start=\"465\" data-end=\"606\">I punuar me dyell soje dhe me p\u00ebrfundim t\u00eb l\u00ebmuar, <strong data-start=\"519\" data-end=\"536\">\u201cBubble Cube\u201d<\/strong> \u00ebsht\u00eb ideal si dhurat\u00eb apo si pjes\u00eb e arredimit modern t\u00eb sht\u00ebpis\u00eb.<\/p>","protected":false},"excerpt":{"rendered":"<p data-start=\"608\" data-end=\"636\"><strong data-start=\"610\" data-end=\"634\">Detajet e produktit:<\/strong><\/p>\n<ul data-start=\"637\" data-end=\"952\">\n<li data-start=\"637\" data-end=\"685\">\n<p data-start=\"639\" data-end=\"685\"><strong data-start=\"639\" data-end=\"649\">Forma:<\/strong> Kub me flluska 3D (Bubble Design)<\/p>\n<\/li>\n<li data-start=\"686\" data-end=\"729\">\n<p data-start=\"688\" data-end=\"729\"><strong data-start=\"688\" data-end=\"699\">Ngjyra:<\/strong> E bardh\u00eb natyrale \/ kremoze<\/p>\n<\/li>\n<li data-start=\"730\" data-end=\"790\">\n<p data-start=\"732\" data-end=\"790\"><strong data-start=\"732\" data-end=\"746\">Materiali:<\/strong> Dyll Soje<\/p>\n<\/li>\n<li data-start=\"825\" data-end=\"857\">\n<p data-start=\"827\" data-end=\"857\"><strong data-start=\"827\" data-end=\"840\">Madh\u00ebsia:<\/strong> 3.50cm<\/p>\n<\/li>\n<li data-start=\"858\" data-end=\"910\">\n<p data-start=\"860\" data-end=\"910\"><strong data-start=\"860\" data-end=\"873\">P\u00ebrdorim:<\/strong> Dekorativ ose p\u00ebr p\u00ebrdorim estetik<\/p>\n<\/li>\n<li data-start=\"911\" data-end=\"952\">\n<p data-start=\"913\" data-end=\"952\"><strong data-start=\"913\" data-end=\"932\">Paketim elegant<\/strong>, gati p\u00ebr dhurat\u00eb<\/p>\n<\/li>\n<\/ul>","protected":false},"featured_media":30722,"template":"","meta":[],"product_brand":[],"product_cat":[326],"product_tag":[],"class_list":{"0":"post-30818","1":"product","2":"type-product","3":"status-publish","4":"has-post-thumbnail","6":"product_cat-qirinje","8":"first","9":"instock","10":"taxable","11":"shipping-taxable","12":"purchasable","13":"product-type-simple"},"group_of_quantity":0,"min_quantity":0,"max_quantity":"","exclude_order_quantity_value_rules":"no","exclude_category_quantity_rules":"no","combine_variations":"no","jetpack_sharing_enabled":true,"_links":{"self":[{"href":"https:\/\/fushaco.com\/sq\/wp-json\/wp\/v2\/product\/30818","targetHints":{"allow":["GET"]}}],"collection":[{"href":"https:\/\/fushaco.com\/sq\/wp-json\/wp\/v2\/product"}],"about":[{"href":"https:\/\/fushaco.com\/sq\/wp-json\/wp\/v2\/types\/product"}],"version-history":[{"count":4,"href":"https:\/\/fushaco.com\/sq\/wp-json\/wp\/v2\/product\/30818\/revisions"}],"predecessor-version":[{"id":33337,"href":"https:\/\/fushaco.com\/sq\/wp-json\/wp\/v2\/product\/30818\/revisions\/33337"}],"wp:featuredmedia":[{"embeddable":true,"href":"https:\/\/fushaco.com\/sq\/wp-json\/wp\/v2\/media\/30722"}],"wp:attachment":[{"href":"https:\/\/fushaco.com\/sq\/wp-json\/wp\/v2\/media?parent=30818"}],"wp:term":[{"taxonomy":"product_brand","embeddable":true,"href":"https:\/\/fushaco.com\/sq\/wp-json\/wp\/v2\/product_brand?post=30818"},{"taxonomy":"product_cat","embeddable":true,"href":"https:\/\/fushaco.com\/sq\/wp-json\/wp\/v2\/product_cat?post=30818"},{"taxonomy":"product_tag","embeddable":true,"href":"https:\/\/fushaco.com\/sq\/wp-json\/wp\/v2\/product_tag?post=30818"}],"curies":[{"name":"wp","href":"https:\/\/api.w.org\/{rel}","templated":true}]}}