{"id":30819,"date":"2025-10-20T10:58:41","date_gmt":"2025-10-20T10:58:41","guid":{"rendered":"https:\/\/fushaco.com\/?post_type=product&#038;p=30819"},"modified":"2025-12-18T17:02:46","modified_gmt":"2025-12-18T17:02:46","slug":"fush-xk-031","status":"publish","type":"product","link":"https:\/\/fushaco.com\/sq\/produkt\/fush-xk-031\/","title":{"rendered":"Qirinj\u00eb Dekorativ\u00eb &#8211; FUSH-XK-031"},"content":{"rendered":"<p data-start=\"162\" data-end=\"396\">Qiriu <strong data-start=\"168\" data-end=\"186\">\u201cBaby Booties\u201d<\/strong> \u00ebsht\u00eb nj\u00eb simbol i but\u00ebsis\u00eb dhe dashuris\u00eb s\u00eb par\u00eb prind\u00ebrore. Me dizajn realist q\u00eb imiton <strong data-start=\"277\" data-end=\"311\">k\u00ebpuc\u00ebt e vogla t\u00eb nj\u00eb foshnje<\/strong>, ky qiri \u00ebsht\u00eb perfekt p\u00ebr t\u00eb sjell\u00eb ngroht\u00ebsi dhe ndjesi dashurie n\u00eb \u00e7do ambient.<\/p>\n<p data-start=\"398\" data-end=\"579\">I punuar me kujdes artistik dhe detaje delikate, ky qiri \u00ebsht\u00eb <strong data-start=\"461\" data-end=\"520\">dhurata ideale p\u00ebr lindje, pag\u00ebzime apo evente p\u00ebr bebe<\/strong> \u2013 nj\u00eb kujtim i p\u00ebrjetsh\u00ebm q\u00eb p\u00ebrcjell dashuri dhe g\u00ebzim.<\/p>","protected":false},"excerpt":{"rendered":"<p data-start=\"581\" data-end=\"609\"><strong data-start=\"583\" data-end=\"607\">Detajet e produktit:<\/strong><\/p>\n<ul data-start=\"610\" data-end=\"938\">\n<li data-start=\"610\" data-end=\"662\">\n<p data-start=\"612\" data-end=\"662\"><strong data-start=\"612\" data-end=\"622\">Forma:<\/strong> K\u00ebpuc\u00eb t\u00eb vogla bebeje (Baby Booties)<\/p>\n<\/li>\n<li data-start=\"663\" data-end=\"706\">\n<p data-start=\"665\" data-end=\"706\"><strong data-start=\"665\" data-end=\"676\">Ngjyra:<\/strong> E bardh\u00eb natyrale \/ kremoze<\/p>\n<\/li>\n<li data-start=\"707\" data-end=\"767\">\n<p data-start=\"709\" data-end=\"767\"><strong data-start=\"709\" data-end=\"723\">Materiali:<\/strong> Dyll Soje<\/p>\n<\/li>\n<li data-start=\"802\" data-end=\"840\">\n<p data-start=\"804\" data-end=\"840\"><strong data-start=\"804\" data-end=\"817\">Madh\u00ebsia:<\/strong> 4.50cm<\/p>\n<\/li>\n<li data-start=\"841\" data-end=\"893\">\n<p data-start=\"843\" data-end=\"893\"><strong data-start=\"843\" data-end=\"856\">P\u00ebrdorim:<\/strong> Dekorativ<\/p>\n<\/li>\n<li data-start=\"841\" data-end=\"893\"><strong data-start=\"896\" data-end=\"915\">Paketim elegant<\/strong>, perfekt p\u00ebr dhurat\u00eb<\/li>\n<\/ul>","protected":false},"featured_media":30723,"template":"","meta":[],"product_brand":[],"product_cat":[326],"product_tag":[],"class_list":{"0":"post-30819","1":"product","2":"type-product","3":"status-publish","4":"has-post-thumbnail","6":"product_cat-qirinje","8":"first","9":"instock","10":"taxable","11":"shipping-taxable","12":"purchasable","13":"product-type-simple"},"group_of_quantity":0,"min_quantity":0,"max_quantity":"","exclude_order_quantity_value_rules":"no","exclude_category_quantity_rules":"no","combine_variations":"no","jetpack_sharing_enabled":true,"_links":{"self":[{"href":"https:\/\/fushaco.com\/sq\/wp-json\/wp\/v2\/product\/30819","targetHints":{"allow":["GET"]}}],"collection":[{"href":"https:\/\/fushaco.com\/sq\/wp-json\/wp\/v2\/product"}],"about":[{"href":"https:\/\/fushaco.com\/sq\/wp-json\/wp\/v2\/types\/product"}],"version-history":[{"count":4,"href":"https:\/\/fushaco.com\/sq\/wp-json\/wp\/v2\/product\/30819\/revisions"}],"predecessor-version":[{"id":33336,"href":"https:\/\/fushaco.com\/sq\/wp-json\/wp\/v2\/product\/30819\/revisions\/33336"}],"wp:featuredmedia":[{"embeddable":true,"href":"https:\/\/fushaco.com\/sq\/wp-json\/wp\/v2\/media\/30723"}],"wp:attachment":[{"href":"https:\/\/fushaco.com\/sq\/wp-json\/wp\/v2\/media?parent=30819"}],"wp:term":[{"taxonomy":"product_brand","embeddable":true,"href":"https:\/\/fushaco.com\/sq\/wp-json\/wp\/v2\/product_brand?post=30819"},{"taxonomy":"product_cat","embeddable":true,"href":"https:\/\/fushaco.com\/sq\/wp-json\/wp\/v2\/product_cat?post=30819"},{"taxonomy":"product_tag","embeddable":true,"href":"https:\/\/fushaco.com\/sq\/wp-json\/wp\/v2\/product_tag?post=30819"}],"curies":[{"name":"wp","href":"https:\/\/api.w.org\/{rel}","templated":true}]}}