{"id":30822,"date":"2025-10-20T11:00:50","date_gmt":"2025-10-20T11:00:50","guid":{"rendered":"https:\/\/fushaco.com\/?post_type=product&#038;p=30822"},"modified":"2025-12-18T17:02:43","modified_gmt":"2025-12-18T17:02:43","slug":"fush-xk-034","status":"publish","type":"product","link":"https:\/\/fushaco.com\/sq\/produkt\/fush-xk-034\/","title":{"rendered":"Qirinj\u00eb Dekorativ\u00eb &#8211; FUSH-XK-034"},"content":{"rendered":"<p data-start=\"156\" data-end=\"432\">Shto nj\u00eb prekje elegance dhe arti n\u00eb hap\u00ebsir\u00ebn t\u00ebnde me qiriun <strong data-start=\"219\" data-end=\"238\">\u201cElegant Dress\u201d<\/strong>, nj\u00eb krijim q\u00eb mish\u00ebron hijeshin\u00eb dhe bukurin\u00eb e form\u00ebs fem\u00ebrore. I punuar me detaje delikate dhe linja t\u00eb buta, ky qiri \u00ebsht\u00eb nj\u00eb dekor modern dhe estetik q\u00eb t\u00ebrheq v\u00ebmendjen n\u00eb \u00e7do ambient.<\/p>\n<p data-start=\"434\" data-end=\"558\">I p\u00ebrshtatsh\u00ebm p\u00ebr dhurata, dekor sht\u00ebpie, evente apo studio, ky qiri minimalist p\u00ebrfaq\u00ebson <strong data-start=\"526\" data-end=\"555\">stil, eleganc\u00eb dhe fines\u00eb<\/strong>.<\/p>","protected":false},"excerpt":{"rendered":"<p data-start=\"560\" data-end=\"588\"><strong data-start=\"562\" data-end=\"586\">Detajet e produktit:<\/strong><\/p>\n<ul data-start=\"589\" data-end=\"912\">\n<li data-start=\"589\" data-end=\"632\">\n<p data-start=\"591\" data-end=\"632\"><strong data-start=\"591\" data-end=\"601\">Forma:<\/strong> Trup femre me fustan elegant<\/p>\n<\/li>\n<li data-start=\"633\" data-end=\"676\">\n<p data-start=\"635\" data-end=\"676\"><strong data-start=\"635\" data-end=\"646\">Ngjyra:<\/strong> E bardh\u00eb natyrale \/ kremoze<\/p>\n<\/li>\n<li data-start=\"677\" data-end=\"740\">\n<p data-start=\"679\" data-end=\"740\"><strong data-start=\"679\" data-end=\"693\">Materiali: Dyll Soje<\/strong><\/p>\n<\/li>\n<li data-start=\"775\" data-end=\"815\">\n<p data-start=\"777\" data-end=\"815\"><strong data-start=\"777\" data-end=\"790\">Madh\u00ebsia:<\/strong> 12.00cm<\/p>\n<\/li>\n<li data-start=\"816\" data-end=\"867\">\n<p data-start=\"818\" data-end=\"867\"><strong data-start=\"818\" data-end=\"831\">P\u00ebrdorim:<\/strong> Dekorativ<\/p>\n<\/li>\n<li data-start=\"868\" data-end=\"912\">\n<p data-start=\"870\" data-end=\"912\"><strong data-start=\"870\" data-end=\"889\">Paketim elegant<\/strong>, perfekt p\u00ebr dhurat\u00eb<\/p>\n<\/li>\n<\/ul>","protected":false},"featured_media":30724,"template":"","meta":[],"product_brand":[],"product_cat":[326],"product_tag":[],"class_list":{"0":"post-30822","1":"product","2":"type-product","3":"status-publish","4":"has-post-thumbnail","6":"product_cat-qirinje","8":"first","9":"instock","10":"taxable","11":"shipping-taxable","12":"purchasable","13":"product-type-simple"},"group_of_quantity":0,"min_quantity":0,"max_quantity":"","exclude_order_quantity_value_rules":"no","exclude_category_quantity_rules":"no","combine_variations":"no","jetpack_sharing_enabled":true,"_links":{"self":[{"href":"https:\/\/fushaco.com\/sq\/wp-json\/wp\/v2\/product\/30822","targetHints":{"allow":["GET"]}}],"collection":[{"href":"https:\/\/fushaco.com\/sq\/wp-json\/wp\/v2\/product"}],"about":[{"href":"https:\/\/fushaco.com\/sq\/wp-json\/wp\/v2\/types\/product"}],"version-history":[{"count":5,"href":"https:\/\/fushaco.com\/sq\/wp-json\/wp\/v2\/product\/30822\/revisions"}],"predecessor-version":[{"id":33335,"href":"https:\/\/fushaco.com\/sq\/wp-json\/wp\/v2\/product\/30822\/revisions\/33335"}],"wp:featuredmedia":[{"embeddable":true,"href":"https:\/\/fushaco.com\/sq\/wp-json\/wp\/v2\/media\/30724"}],"wp:attachment":[{"href":"https:\/\/fushaco.com\/sq\/wp-json\/wp\/v2\/media?parent=30822"}],"wp:term":[{"taxonomy":"product_brand","embeddable":true,"href":"https:\/\/fushaco.com\/sq\/wp-json\/wp\/v2\/product_brand?post=30822"},{"taxonomy":"product_cat","embeddable":true,"href":"https:\/\/fushaco.com\/sq\/wp-json\/wp\/v2\/product_cat?post=30822"},{"taxonomy":"product_tag","embeddable":true,"href":"https:\/\/fushaco.com\/sq\/wp-json\/wp\/v2\/product_tag?post=30822"}],"curies":[{"name":"wp","href":"https:\/\/api.w.org\/{rel}","templated":true}]}}