{"id":30827,"date":"2025-10-20T11:03:58","date_gmt":"2025-10-20T11:03:58","guid":{"rendered":"https:\/\/fushaco.com\/?post_type=product&#038;p=30827"},"modified":"2025-12-18T17:02:39","modified_gmt":"2025-12-18T17:02:39","slug":"fush-xk-035","status":"publish","type":"product","link":"https:\/\/fushaco.com\/sq\/produkt\/fush-xk-035\/","title":{"rendered":"Qirinj\u00eb Dekorativ\u00eb &#8211; FUSH-XK-035"},"content":{"rendered":"<p data-start=\"150\" data-end=\"440\">Shpreh ndjenjat m\u00eb t\u00eb thella p\u00ebrmes k\u00ebtij qiriu artistik <strong data-start=\"207\" data-end=\"227\">\u201cLove Sculpture\u201d<\/strong>, nj\u00eb kryevep\u00ebr q\u00eb p\u00ebrfaq\u00ebson lidhjen, pasionin dhe but\u00ebsin\u00eb mes dy shpirtrave. Me dizajn realist dhe elegant, ai kombinon artin me funksionalitetin, duke sjell\u00eb nj\u00eb ndjesi romantike dhe estetike n\u00eb \u00e7do ambient.<\/p>\n<p data-start=\"442\" data-end=\"566\">Ky qiri nuk \u00ebsht\u00eb vet\u00ebm nj\u00eb dekor \u2014 \u00ebsht\u00eb nj\u00eb simbol dashurie i p\u00ebrsosur p\u00ebr dhurata, ambiente intime, apo arredim modern.<\/p>","protected":false},"excerpt":{"rendered":"<p data-start=\"568\" data-end=\"596\"><strong data-start=\"570\" data-end=\"594\">Detajet e produktit:<\/strong><\/p>\n<ul data-start=\"597\" data-end=\"976\">\n<li data-start=\"597\" data-end=\"674\">\n<p data-start=\"599\" data-end=\"674\"><strong data-start=\"599\" data-end=\"615\">Dizajn unik:<\/strong> Dy figura q\u00eb bashkohen n\u00eb nj\u00eb moment ndjenjash t\u00eb thella<\/p>\n<\/li>\n<li data-start=\"675\" data-end=\"718\">\n<p data-start=\"677\" data-end=\"718\"><strong data-start=\"677\" data-end=\"688\">Ngjyra:<\/strong> E bardh\u00eb natyrale \/ kremoze<\/p>\n<\/li>\n<li data-start=\"719\" data-end=\"791\">\n<p data-start=\"721\" data-end=\"791\"><strong data-start=\"721\" data-end=\"735\">Materiali:<\/strong> Dyll Soje<\/p>\n<\/li>\n<li data-start=\"826\" data-end=\"893\">\n<p data-start=\"828\" data-end=\"893\"><strong data-start=\"828\" data-end=\"841\">P\u00ebrdorim:<\/strong> Dekorativ<\/p>\n<\/li>\n<li data-start=\"894\" data-end=\"931\">\n<p data-start=\"896\" data-end=\"931\"><strong data-start=\"896\" data-end=\"909\">Madh\u00ebsia: 10.00cm<\/strong><\/p>\n<\/li>\n<li data-start=\"932\" data-end=\"976\">\n<p data-start=\"934\" data-end=\"976\"><strong data-start=\"934\" data-end=\"953\">Paketim elegant<\/strong>, perfekt p\u00ebr dhurat\u00eb<\/p>\n<\/li>\n<\/ul>","protected":false},"featured_media":30726,"template":"","meta":[],"product_brand":[],"product_cat":[326],"product_tag":[],"class_list":{"0":"post-30827","1":"product","2":"type-product","3":"status-publish","4":"has-post-thumbnail","6":"product_cat-qirinje","8":"first","9":"instock","10":"taxable","11":"shipping-taxable","12":"purchasable","13":"product-type-simple"},"group_of_quantity":0,"min_quantity":0,"max_quantity":"","exclude_order_quantity_value_rules":"no","exclude_category_quantity_rules":"no","combine_variations":"no","jetpack_sharing_enabled":true,"_links":{"self":[{"href":"https:\/\/fushaco.com\/sq\/wp-json\/wp\/v2\/product\/30827","targetHints":{"allow":["GET"]}}],"collection":[{"href":"https:\/\/fushaco.com\/sq\/wp-json\/wp\/v2\/product"}],"about":[{"href":"https:\/\/fushaco.com\/sq\/wp-json\/wp\/v2\/types\/product"}],"version-history":[{"count":5,"href":"https:\/\/fushaco.com\/sq\/wp-json\/wp\/v2\/product\/30827\/revisions"}],"predecessor-version":[{"id":33334,"href":"https:\/\/fushaco.com\/sq\/wp-json\/wp\/v2\/product\/30827\/revisions\/33334"}],"wp:featuredmedia":[{"embeddable":true,"href":"https:\/\/fushaco.com\/sq\/wp-json\/wp\/v2\/media\/30726"}],"wp:attachment":[{"href":"https:\/\/fushaco.com\/sq\/wp-json\/wp\/v2\/media?parent=30827"}],"wp:term":[{"taxonomy":"product_brand","embeddable":true,"href":"https:\/\/fushaco.com\/sq\/wp-json\/wp\/v2\/product_brand?post=30827"},{"taxonomy":"product_cat","embeddable":true,"href":"https:\/\/fushaco.com\/sq\/wp-json\/wp\/v2\/product_cat?post=30827"},{"taxonomy":"product_tag","embeddable":true,"href":"https:\/\/fushaco.com\/sq\/wp-json\/wp\/v2\/product_tag?post=30827"}],"curies":[{"name":"wp","href":"https:\/\/api.w.org\/{rel}","templated":true}]}}