{"id":30831,"date":"2025-10-20T11:07:17","date_gmt":"2025-10-20T11:07:17","guid":{"rendered":"https:\/\/fushaco.com\/?post_type=product&#038;p=30831"},"modified":"2025-12-18T17:02:07","modified_gmt":"2025-12-18T17:02:07","slug":"fush-xk-037","status":"publish","type":"product","link":"https:\/\/fushaco.com\/sq\/produkt\/fush-xk-037\/","title":{"rendered":"Qirinj\u00eb Dekorativ\u00eb &#8211; FUSH-XK-037"},"content":{"rendered":"<p data-start=\"136\" data-end=\"360\">Shto eleganc\u00eb dhe qet\u00ebsi n\u00eb ambientin t\u00ebnd me qiriun unik <strong data-start=\"194\" data-end=\"221\">n\u00eb form\u00eb tr\u00ebndafili blu<\/strong>. Ky qiri artistik i punuar me detaje delikate p\u00ebrfaq\u00ebson but\u00ebsin\u00eb, dashurin\u00eb dhe freskin\u00eb \u2014 perfekt p\u00ebr \u00e7do ambient modern apo romantik.<\/p>\n<p data-start=\"362\" data-end=\"498\">P\u00ebrve\u00e7 pamjes mahnit\u00ebse, qiriu <strong data-start=\"393\" data-end=\"426\">\u00ebsht\u00eb ideal si dekor tavoline<\/strong>, dhurat\u00eb p\u00ebr dit\u00eblindje, evente, dasma apo momente relaksi n\u00eb sht\u00ebpi.<\/p>","protected":false},"excerpt":{"rendered":"<p data-start=\"500\" data-end=\"528\"><strong data-start=\"502\" data-end=\"526\">Detajet e produktit:<\/strong><\/p>\n<ul data-start=\"529\" data-end=\"913\">\n<li data-start=\"529\" data-end=\"592\">\n<p data-start=\"531\" data-end=\"592\"><strong data-start=\"531\" data-end=\"541\">Forma:<\/strong> Tr\u00ebndafil realist me petale t\u00eb punuara me kujdes<\/p>\n<\/li>\n<li data-start=\"620\" data-end=\"683\">\n<p data-start=\"622\" data-end=\"683\"><strong data-start=\"622\" data-end=\"636\">Materiali:<\/strong> Dyll Soje<\/p>\n<\/li>\n<li data-start=\"743\" data-end=\"830\">\n<p data-start=\"745\" data-end=\"830\"><strong data-start=\"745\" data-end=\"758\">P\u00ebrdorim:<\/strong> Dekorativ \u2013 p\u00ebrshtatsh\u00ebm p\u00ebr dhoma gjumi, banjo, tavolina apo dhurata<\/p>\n<\/li>\n<li data-start=\"831\" data-end=\"871\">\n<p data-start=\"833\" data-end=\"871\"><strong data-start=\"833\" data-end=\"846\">Madh\u00ebsia:<\/strong> 7.00cm<\/p>\n<\/li>\n<li data-start=\"872\" data-end=\"913\">\n<p data-start=\"874\" data-end=\"913\"><strong data-start=\"874\" data-end=\"893\">Paketim elegant<\/strong>, gati p\u00ebr dhurat\u00eb<\/p>\n<\/li>\n<\/ul>","protected":false},"featured_media":30729,"template":"","meta":[],"product_brand":[],"product_cat":[326],"product_tag":[],"class_list":{"0":"post-30831","1":"product","2":"type-product","3":"status-publish","4":"has-post-thumbnail","6":"product_cat-qirinje","8":"first","9":"instock","10":"taxable","11":"shipping-taxable","12":"purchasable","13":"product-type-variable"},"group_of_quantity":0,"min_quantity":0,"max_quantity":"","exclude_order_quantity_value_rules":"no","exclude_category_quantity_rules":"no","combine_variations":"no","jetpack_sharing_enabled":true,"_links":{"self":[{"href":"https:\/\/fushaco.com\/sq\/wp-json\/wp\/v2\/product\/30831","targetHints":{"allow":["GET"]}}],"collection":[{"href":"https:\/\/fushaco.com\/sq\/wp-json\/wp\/v2\/product"}],"about":[{"href":"https:\/\/fushaco.com\/sq\/wp-json\/wp\/v2\/types\/product"}],"version-history":[{"count":5,"href":"https:\/\/fushaco.com\/sq\/wp-json\/wp\/v2\/product\/30831\/revisions"}],"predecessor-version":[{"id":33332,"href":"https:\/\/fushaco.com\/sq\/wp-json\/wp\/v2\/product\/30831\/revisions\/33332"}],"wp:featuredmedia":[{"embeddable":true,"href":"https:\/\/fushaco.com\/sq\/wp-json\/wp\/v2\/media\/30729"}],"wp:attachment":[{"href":"https:\/\/fushaco.com\/sq\/wp-json\/wp\/v2\/media?parent=30831"}],"wp:term":[{"taxonomy":"product_brand","embeddable":true,"href":"https:\/\/fushaco.com\/sq\/wp-json\/wp\/v2\/product_brand?post=30831"},{"taxonomy":"product_cat","embeddable":true,"href":"https:\/\/fushaco.com\/sq\/wp-json\/wp\/v2\/product_cat?post=30831"},{"taxonomy":"product_tag","embeddable":true,"href":"https:\/\/fushaco.com\/sq\/wp-json\/wp\/v2\/product_tag?post=30831"}],"curies":[{"name":"wp","href":"https:\/\/api.w.org\/{rel}","templated":true}]}}