{"id":30832,"date":"2025-10-20T11:21:18","date_gmt":"2025-10-20T11:21:18","guid":{"rendered":"https:\/\/fushaco.com\/?post_type=product&#038;p=30832"},"modified":"2025-12-18T17:02:02","modified_gmt":"2025-12-18T17:02:02","slug":"fush-xk-038","status":"publish","type":"product","link":"https:\/\/fushaco.com\/sq\/produkt\/fush-xk-038\/","title":{"rendered":"Qirinj\u00eb Dekorativ\u00eb &#8211; FUSH-XK-038"},"content":{"rendered":"<p data-start=\"155\" data-end=\"392\">Shto nj\u00eb prekje dashurie dhe elegance n\u00eb ambientin t\u00ebnd me qiriun artistik <strong data-start=\"230\" data-end=\"246\">\u201cCouple Hug\u201d<\/strong>. I punuar me kujdes n\u00eb form\u00eb skulpturore q\u00eb paraqet nj\u00eb \u00e7ift t\u00eb p\u00ebrqafuar, ky qiri \u00ebsht\u00eb simbol i ngroht\u00ebsis\u00eb, lidhjes dhe dashuris\u00eb s\u00eb past\u00ebr.<\/p>\n<p data-start=\"394\" data-end=\"557\">I p\u00ebrshtatsh\u00ebm si dekor romantik p\u00ebr dhom\u00ebn e gjumit, dhurat\u00eb p\u00ebr dit\u00eblindje, p\u00ebrvjetor\u00eb apo Dasma, ky qiri minimalist p\u00ebrhap qet\u00ebsi dhe harmoni n\u00eb \u00e7do hap\u00ebsir\u00eb.<\/p>","protected":false},"excerpt":{"rendered":"<p data-start=\"559\" data-end=\"587\"><strong data-start=\"561\" data-end=\"585\">Detajet e produktit:<\/strong><\/p>\n<ul data-start=\"588\" data-end=\"869\">\n<li data-start=\"588\" data-end=\"645\">\n<p data-start=\"590\" data-end=\"645\">Materiali: Dyll Soje<\/p>\n<\/li>\n<li data-start=\"646\" data-end=\"674\">\n<p data-start=\"648\" data-end=\"674\">Ngjyra: E bardh\u00eb klasike<\/p>\n<\/li>\n<li data-start=\"675\" data-end=\"703\">\n<p data-start=\"677\" data-end=\"703\">Madh\u00ebsia: ~ 11.00cm<\/p>\n<\/li>\n<li data-start=\"769\" data-end=\"831\">\n<p data-start=\"771\" data-end=\"831\">P\u00ebrdorim: Dekorativ<\/p>\n<\/li>\n<li data-start=\"832\" data-end=\"869\">\n<p data-start=\"834\" data-end=\"869\">Paketim elegant, gati p\u00ebr dhurat\u00eb<\/p>\n<\/li>\n<\/ul>","protected":false},"featured_media":30735,"template":"","meta":[],"product_brand":[],"product_cat":[326],"product_tag":[],"class_list":{"0":"post-30832","1":"product","2":"type-product","3":"status-publish","4":"has-post-thumbnail","6":"product_cat-qirinje","8":"first","9":"instock","10":"taxable","11":"shipping-taxable","12":"purchasable","13":"product-type-simple"},"group_of_quantity":0,"min_quantity":0,"max_quantity":"","exclude_order_quantity_value_rules":"no","exclude_category_quantity_rules":"no","combine_variations":"no","jetpack_sharing_enabled":true,"_links":{"self":[{"href":"https:\/\/fushaco.com\/sq\/wp-json\/wp\/v2\/product\/30832","targetHints":{"allow":["GET"]}}],"collection":[{"href":"https:\/\/fushaco.com\/sq\/wp-json\/wp\/v2\/product"}],"about":[{"href":"https:\/\/fushaco.com\/sq\/wp-json\/wp\/v2\/types\/product"}],"version-history":[{"count":4,"href":"https:\/\/fushaco.com\/sq\/wp-json\/wp\/v2\/product\/30832\/revisions"}],"predecessor-version":[{"id":33331,"href":"https:\/\/fushaco.com\/sq\/wp-json\/wp\/v2\/product\/30832\/revisions\/33331"}],"wp:featuredmedia":[{"embeddable":true,"href":"https:\/\/fushaco.com\/sq\/wp-json\/wp\/v2\/media\/30735"}],"wp:attachment":[{"href":"https:\/\/fushaco.com\/sq\/wp-json\/wp\/v2\/media?parent=30832"}],"wp:term":[{"taxonomy":"product_brand","embeddable":true,"href":"https:\/\/fushaco.com\/sq\/wp-json\/wp\/v2\/product_brand?post=30832"},{"taxonomy":"product_cat","embeddable":true,"href":"https:\/\/fushaco.com\/sq\/wp-json\/wp\/v2\/product_cat?post=30832"},{"taxonomy":"product_tag","embeddable":true,"href":"https:\/\/fushaco.com\/sq\/wp-json\/wp\/v2\/product_tag?post=30832"}],"curies":[{"name":"wp","href":"https:\/\/api.w.org\/{rel}","templated":true}]}}