{"id":30842,"date":"2025-10-20T11:21:53","date_gmt":"2025-10-20T11:21:53","guid":{"rendered":"https:\/\/fushaco.com\/?post_type=product&#038;p=30842"},"modified":"2025-12-18T17:01:59","modified_gmt":"2025-12-18T17:01:59","slug":"fush-xk-039","status":"publish","type":"product","link":"https:\/\/fushaco.com\/sq\/produkt\/fush-xk-039\/","title":{"rendered":"Qirinj\u00eb Dekorativ\u00eb &#8211; FUSH-XK-039"},"content":{"rendered":"<p data-start=\"146\" data-end=\"409\">Ky <strong data-start=\"149\" data-end=\"187\">qiri elegant n\u00eb form\u00eb \u00e7ifti dasmor<\/strong> \u00ebsht\u00eb simboli ideal i dashuris\u00eb, bashkimit dhe fillimeve t\u00eb reja. Me dizajn artistik q\u00eb p\u00ebrfaq\u00ebson nusen dhe dh\u00ebndrin, ai \u00ebsht\u00eb detaji perfekt p\u00ebr t\u00eb zbukuruar \u00e7do event romantik apo p\u00ebr t\u2019u dhuruar si kujtim i ve\u00e7ant\u00eb.<\/p>\n<p data-start=\"411\" data-end=\"546\">","protected":false},"excerpt":{"rendered":"<h3 data-start=\"553\" data-end=\"588\"><strong data-start=\"557\" data-end=\"586\">Karakteristikat kryesore:<\/strong><\/h3>\n<ul data-start=\"589\" data-end=\"1031\">\n<li data-start=\"589\" data-end=\"675\">\n<p data-start=\"591\" data-end=\"675\"><strong data-start=\"594\" data-end=\"605\">Ngjyr\u00eb:<\/strong> E bardh\u00eb e past\u00ebr \u2013 simbol i past\u00ebrtis\u00eb dhe dashuris\u00eb s\u00eb p\u00ebrjetshme<\/p>\n<\/li>\n<li data-start=\"676\" data-end=\"744\">\n<p data-start=\"678\" data-end=\"744\"><strong data-start=\"681\" data-end=\"692\">Dizajn:<\/strong> Nusja &amp; Dh\u00ebndri \u2013 n\u00eb form\u00eb artistike dhe realiste<\/p>\n<\/li>\n<li data-start=\"745\" data-end=\"821\">\n<p data-start=\"747\" data-end=\"821\"><strong data-start=\"750\" data-end=\"764\">Materiali:<\/strong> Dyll Soje<\/p>\n<\/li>\n<li data-start=\"822\" data-end=\"875\">\n<p data-start=\"824\" data-end=\"875\"><strong data-start=\"827\" data-end=\"839\">P\u00ebrmasa: 5.50cm<\/strong><\/p>\n<\/li>\n<li data-start=\"876\" data-end=\"962\">\n<p data-start=\"878\" data-end=\"962\"><strong data-start=\"881\" data-end=\"894\">P\u00ebrdorim:<\/strong> P\u00ebr dekor dasme, fejesa, dhurat\u00eb p\u00ebr \u00e7ifte ose ambiente romantike<\/p>\n<\/li>\n<\/ul>","protected":false},"featured_media":30734,"template":"","meta":[],"product_brand":[],"product_cat":[326],"product_tag":[],"class_list":{"0":"post-30842","1":"product","2":"type-product","3":"status-publish","4":"has-post-thumbnail","6":"product_cat-qirinje","8":"first","9":"instock","10":"taxable","11":"shipping-taxable","12":"purchasable","13":"product-type-simple"},"group_of_quantity":0,"min_quantity":0,"max_quantity":"","exclude_order_quantity_value_rules":"no","exclude_category_quantity_rules":"no","combine_variations":"no","jetpack_sharing_enabled":true,"_links":{"self":[{"href":"https:\/\/fushaco.com\/sq\/wp-json\/wp\/v2\/product\/30842","targetHints":{"allow":["GET"]}}],"collection":[{"href":"https:\/\/fushaco.com\/sq\/wp-json\/wp\/v2\/product"}],"about":[{"href":"https:\/\/fushaco.com\/sq\/wp-json\/wp\/v2\/types\/product"}],"version-history":[{"count":5,"href":"https:\/\/fushaco.com\/sq\/wp-json\/wp\/v2\/product\/30842\/revisions"}],"predecessor-version":[{"id":33330,"href":"https:\/\/fushaco.com\/sq\/wp-json\/wp\/v2\/product\/30842\/revisions\/33330"}],"wp:featuredmedia":[{"embeddable":true,"href":"https:\/\/fushaco.com\/sq\/wp-json\/wp\/v2\/media\/30734"}],"wp:attachment":[{"href":"https:\/\/fushaco.com\/sq\/wp-json\/wp\/v2\/media?parent=30842"}],"wp:term":[{"taxonomy":"product_brand","embeddable":true,"href":"https:\/\/fushaco.com\/sq\/wp-json\/wp\/v2\/product_brand?post=30842"},{"taxonomy":"product_cat","embeddable":true,"href":"https:\/\/fushaco.com\/sq\/wp-json\/wp\/v2\/product_cat?post=30842"},{"taxonomy":"product_tag","embeddable":true,"href":"https:\/\/fushaco.com\/sq\/wp-json\/wp\/v2\/product_tag?post=30842"}],"curies":[{"name":"wp","href":"https:\/\/api.w.org\/{rel}","templated":true}]}}