{"id":30847,"date":"2025-10-20T11:24:49","date_gmt":"2025-10-20T11:24:49","guid":{"rendered":"https:\/\/fushaco.com\/?post_type=product&#038;p=30847"},"modified":"2026-03-18T10:50:05","modified_gmt":"2026-03-18T10:50:05","slug":"fush-xk-040","status":"publish","type":"product","link":"https:\/\/fushaco.com\/sq\/produkt\/fush-xk-040\/","title":{"rendered":"FUSH-XK-040"},"content":{"rendered":"<p>Shtoni nj\u00eb prekje dashurie dhe elegance n\u00eb \u00e7do moment me k\u00ebt\u00eb <strong data-start=\"196\" data-end=\"230\">qiri minimalist n\u00eb form\u00eb zemre<\/strong>, perfekt p\u00ebr ambiente romantike dhe dekorime elegante.<br data-start=\"285\" data-end=\"288\" \/>Dizajni i tij i thjesht\u00eb por magjeps\u00ebs e b\u00ebn ideal p\u00ebr <strong data-start=\"343\" data-end=\"409\">evente, darka romantike, dasma apo dhurata simbolike dashurie.<\/strong><\/p>","protected":false},"excerpt":{"rendered":"<h3 data-start=\"418\" data-end=\"453\"><strong data-start=\"422\" data-end=\"451\">Karakteristikat kryesore:<\/strong><\/h3>\n<ul data-start=\"454\" data-end=\"862\">\n<li data-start=\"454\" data-end=\"520\">\n<p data-start=\"456\" data-end=\"520\"><strong data-start=\"459\" data-end=\"470\">Ngjyr\u00eb:<\/strong> E bardh\u00eb e past\u00ebr, q\u00eb p\u00ebrshtatet me \u00e7do ambient<\/p>\n<\/li>\n<li data-start=\"521\" data-end=\"582\">\n<p data-start=\"523\" data-end=\"582\"><strong data-start=\"526\" data-end=\"536\">Form\u00eb:<\/strong> Zem\u00ebr \u2013 simbol i dashuris\u00eb dhe p\u00ebrkujdesjes<\/p>\n<\/li>\n<li data-start=\"583\" data-end=\"664\">\n<p data-start=\"585\" data-end=\"664\"><strong data-start=\"588\" data-end=\"602\">Materiali:<\/strong> Dyll soje<\/p>\n<\/li>\n<li data-start=\"665\" data-end=\"720\">\n<p data-start=\"667\" data-end=\"720\"><strong data-start=\"670\" data-end=\"682\">P\u00ebrmasa:<\/strong> 5.00cm<\/p>\n<\/li>\n<li data-start=\"721\" data-end=\"795\">\n<p data-start=\"723\" data-end=\"795\"><strong data-start=\"726\" data-end=\"739\">P\u00ebrdorim:<\/strong> Dekor sht\u00ebpie, evente romantike, dasma, darka festive<\/p>\n<\/li>\n<\/ul>","protected":false},"featured_media":30736,"template":"","meta":[],"product_brand":[],"product_cat":[326],"product_tag":[],"class_list":{"0":"post-30847","1":"product","2":"type-product","3":"status-publish","4":"has-post-thumbnail","6":"product_cat-qirinje","8":"first","9":"instock","10":"taxable","11":"shipping-taxable","12":"purchasable","13":"product-type-simple"},"group_of_quantity":0,"min_quantity":0,"max_quantity":"","exclude_order_quantity_value_rules":"no","exclude_category_quantity_rules":"no","combine_variations":"no","jetpack_sharing_enabled":true,"_links":{"self":[{"href":"https:\/\/fushaco.com\/sq\/wp-json\/wp\/v2\/product\/30847","targetHints":{"allow":["GET"]}}],"collection":[{"href":"https:\/\/fushaco.com\/sq\/wp-json\/wp\/v2\/product"}],"about":[{"href":"https:\/\/fushaco.com\/sq\/wp-json\/wp\/v2\/types\/product"}],"version-history":[{"count":4,"href":"https:\/\/fushaco.com\/sq\/wp-json\/wp\/v2\/product\/30847\/revisions"}],"predecessor-version":[{"id":31386,"href":"https:\/\/fushaco.com\/sq\/wp-json\/wp\/v2\/product\/30847\/revisions\/31386"}],"wp:featuredmedia":[{"embeddable":true,"href":"https:\/\/fushaco.com\/sq\/wp-json\/wp\/v2\/media\/30736"}],"wp:attachment":[{"href":"https:\/\/fushaco.com\/sq\/wp-json\/wp\/v2\/media?parent=30847"}],"wp:term":[{"taxonomy":"product_brand","embeddable":true,"href":"https:\/\/fushaco.com\/sq\/wp-json\/wp\/v2\/product_brand?post=30847"},{"taxonomy":"product_cat","embeddable":true,"href":"https:\/\/fushaco.com\/sq\/wp-json\/wp\/v2\/product_cat?post=30847"},{"taxonomy":"product_tag","embeddable":true,"href":"https:\/\/fushaco.com\/sq\/wp-json\/wp\/v2\/product_tag?post=30847"}],"curies":[{"name":"wp","href":"https:\/\/api.w.org\/{rel}","templated":true}]}}