{"id":30848,"date":"2025-10-20T11:24:37","date_gmt":"2025-10-20T11:24:37","guid":{"rendered":"https:\/\/fushaco.com\/?post_type=product&#038;p=30848"},"modified":"2025-12-18T17:01:56","modified_gmt":"2025-12-18T17:01:56","slug":"fush-xk-041","status":"publish","type":"product","link":"https:\/\/fushaco.com\/sq\/produkt\/fush-xk-041\/","title":{"rendered":"Qirinj\u00eb Dekorativ\u00eb &#8211; FUSH-XK-041"},"content":{"rendered":"<p>Simbol i dashuris\u00eb, unitetit dhe p\u00ebrkushtimit \u2013 ky <strong data-start=\"232\" data-end=\"290\">qiri unik n\u00eb form\u00eb zemre me dizajn duarsh t\u00eb bashkuara<\/strong> \u00ebsht\u00eb nj\u00eb detaj i p\u00ebrsosur p\u00ebr ta shprehur ndjenj\u00ebn e lidhjes dhe ngroht\u00ebsis\u00eb.<br data-start=\"369\" data-end=\"372\" \/>Dizajni i tij artistik dhe minimalist e b\u00ebn ideal si <strong data-start=\"425\" data-end=\"446\">dhurat\u00eb romantike<\/strong> apo <strong data-start=\"451\" data-end=\"471\">dekor p\u00ebr sht\u00ebpi<\/strong>, duke sjell\u00eb qet\u00ebsi dhe eleganc\u00eb n\u00eb \u00e7do ambient.<\/p>","protected":false},"excerpt":{"rendered":"<h3 data-start=\"529\" data-end=\"564\"><strong data-start=\"533\" data-end=\"562\">Karakteristikat kryesore:<\/strong><\/h3>\n<ul data-start=\"565\" data-end=\"958\">\n<li data-start=\"565\" data-end=\"614\">\n<p data-start=\"567\" data-end=\"614\"><strong data-start=\"570\" data-end=\"581\">Ngjyr\u00eb:<\/strong> E bardh\u00eb e past\u00ebr dhe neutrale<\/p>\n<\/li>\n<li data-start=\"615\" data-end=\"693\">\n<p data-start=\"617\" data-end=\"693\"><strong data-start=\"620\" data-end=\"631\">Dizajn:<\/strong> Zem\u00ebr me duar t\u00eb bashkuara \u2013 simbol i dashuris\u00eb dhe besimit<\/p>\n<\/li>\n<li data-start=\"694\" data-end=\"758\">\n<p data-start=\"696\" data-end=\"758\"><strong data-start=\"699\" data-end=\"713\">Materiali:<\/strong> Dyll soje<\/p>\n<\/li>\n<li data-start=\"759\" data-end=\"812\">\n<p data-start=\"761\" data-end=\"812\"><strong data-start=\"764\" data-end=\"776\">P\u00ebrmasa:<\/strong> 6.50cm<\/p>\n<\/li>\n<li data-start=\"813\" data-end=\"898\">\n<p data-start=\"815\" data-end=\"898\"><strong data-start=\"818\" data-end=\"831\">P\u00ebrdorim:<\/strong> Dekor romantik, dhurat\u00eb p\u00ebr \u00e7iftet, fejesa, dasma apo dit\u00eblindje<\/p>\n<\/li>\n<li data-start=\"899\" data-end=\"958\">\n<p data-start=\"901\" data-end=\"958\">\u00a0<strong data-start=\"904\" data-end=\"914\">Arom\u00eb:<\/strong> Pa arom\u00eb \u2013 e p\u00ebrshtatshme p\u00ebr \u00e7do ambient<\/p>\n<\/li>\n<\/ul>","protected":false},"featured_media":30738,"template":"","meta":[],"product_brand":[],"product_cat":[326],"product_tag":[],"class_list":{"0":"post-30848","1":"product","2":"type-product","3":"status-publish","4":"has-post-thumbnail","6":"product_cat-qirinje","8":"first","9":"instock","10":"taxable","11":"shipping-taxable","12":"purchasable","13":"product-type-simple"},"group_of_quantity":0,"min_quantity":0,"max_quantity":"","exclude_order_quantity_value_rules":"no","exclude_category_quantity_rules":"no","combine_variations":"no","jetpack_sharing_enabled":true,"_links":{"self":[{"href":"https:\/\/fushaco.com\/sq\/wp-json\/wp\/v2\/product\/30848","targetHints":{"allow":["GET"]}}],"collection":[{"href":"https:\/\/fushaco.com\/sq\/wp-json\/wp\/v2\/product"}],"about":[{"href":"https:\/\/fushaco.com\/sq\/wp-json\/wp\/v2\/types\/product"}],"version-history":[{"count":4,"href":"https:\/\/fushaco.com\/sq\/wp-json\/wp\/v2\/product\/30848\/revisions"}],"predecessor-version":[{"id":33329,"href":"https:\/\/fushaco.com\/sq\/wp-json\/wp\/v2\/product\/30848\/revisions\/33329"}],"wp:featuredmedia":[{"embeddable":true,"href":"https:\/\/fushaco.com\/sq\/wp-json\/wp\/v2\/media\/30738"}],"wp:attachment":[{"href":"https:\/\/fushaco.com\/sq\/wp-json\/wp\/v2\/media?parent=30848"}],"wp:term":[{"taxonomy":"product_brand","embeddable":true,"href":"https:\/\/fushaco.com\/sq\/wp-json\/wp\/v2\/product_brand?post=30848"},{"taxonomy":"product_cat","embeddable":true,"href":"https:\/\/fushaco.com\/sq\/wp-json\/wp\/v2\/product_cat?post=30848"},{"taxonomy":"product_tag","embeddable":true,"href":"https:\/\/fushaco.com\/sq\/wp-json\/wp\/v2\/product_tag?post=30848"}],"curies":[{"name":"wp","href":"https:\/\/api.w.org\/{rel}","templated":true}]}}