{"id":30852,"date":"2025-10-20T11:29:18","date_gmt":"2025-10-20T11:29:18","guid":{"rendered":"https:\/\/fushaco.com\/?post_type=product&#038;p=30852"},"modified":"2025-12-18T17:01:49","modified_gmt":"2025-12-18T17:01:49","slug":"fush-xk-043","status":"publish","type":"product","link":"https:\/\/fushaco.com\/sq\/produkt\/fush-xk-043\/","title":{"rendered":"Qirinj\u00eb Dekorativ\u00eb &#8211; FUSH-XK-043"},"content":{"rendered":"<p>Sill romantik\u00ebn dhe ngroht\u00ebsin\u00eb n\u00eb \u00e7do ambient me k\u00ebt\u00eb <strong data-start=\"209\" data-end=\"242\">qiri dekorativ elegant \u201cLove\u201d<\/strong>, i punuar me kujdes p\u00ebr t\u00eb sjell\u00eb ndjenj\u00ebn e dashuris\u00eb n\u00eb \u00e7do detaj.<br data-start=\"311\" data-end=\"314\" \/>I rrethuar me <strong data-start=\"328\" data-end=\"351\">tr\u00ebndafila delikat\u00eb<\/strong> dhe fjal\u00ebn <strong data-start=\"363\" data-end=\"373\">\u201cLove\u201d<\/strong> n\u00eb qend\u00ebr, ky qiri \u00ebsht\u00eb perfekt si <strong data-start=\"410\" data-end=\"435\">dhurat\u00eb p\u00ebr partnerin<\/strong>, dekor sht\u00ebpie, apo p\u00ebr <strong data-start=\"460\" data-end=\"479\">evente speciale<\/strong> si fejesa, dasma apo Sh\u00ebn Valentini.<\/p>","protected":false},"excerpt":{"rendered":"<h3 data-start=\"525\" data-end=\"560\"><strong data-start=\"529\" data-end=\"558\">Karakteristikat kryesore:<\/strong><\/h3>\n<ul data-start=\"561\" data-end=\"959\">\n<li data-start=\"561\" data-end=\"609\">\n<p data-start=\"563\" data-end=\"609\"><strong data-start=\"566\" data-end=\"577\">Ngjyr\u00eb:<\/strong> E bardh\u00eb klasike dhe elegante<\/p>\n<\/li>\n<li data-start=\"610\" data-end=\"675\">\n<p data-start=\"612\" data-end=\"675\"><strong data-start=\"615\" data-end=\"626\">Dizajn:<\/strong> Me tr\u00ebndafila t\u00eb punuar dhe mbishkrimin \u201cLove\u201d<\/p>\n<\/li>\n<li data-start=\"676\" data-end=\"760\">\n<p data-start=\"678\" data-end=\"760\"><strong data-start=\"681\" data-end=\"695\">Materiali:<\/strong> Dyll soje<\/p>\n<\/li>\n<li data-start=\"761\" data-end=\"815\">\n<p data-start=\"763\" data-end=\"815\"><strong data-start=\"766\" data-end=\"778\">P\u00ebrmasa:<\/strong> 5.00cm<\/p>\n<\/li>\n<li data-start=\"816\" data-end=\"886\">\n<p data-start=\"818\" data-end=\"886\"><strong data-start=\"821\" data-end=\"834\">P\u00ebrdorim:<\/strong> P\u00ebr dekor, dhurata romantike apo ndri\u00e7im ambienti<\/p>\n<\/li>\n<li data-start=\"887\" data-end=\"959\">\n<p data-start=\"889\" data-end=\"959\"><strong data-start=\"892\" data-end=\"915\">I p\u00ebrshtatsh\u00ebm p\u00ebr:<\/strong> Fejesa, dasma, dit\u00eblindje, Sh\u00ebn Valentini<\/p>\n<\/li>\n<\/ul>","protected":false},"featured_media":30739,"template":"","meta":[],"product_brand":[],"product_cat":[326],"product_tag":[],"class_list":{"0":"post-30852","1":"product","2":"type-product","3":"status-publish","4":"has-post-thumbnail","6":"product_cat-qirinje","8":"first","9":"instock","10":"taxable","11":"shipping-taxable","12":"purchasable","13":"product-type-simple"},"group_of_quantity":0,"min_quantity":0,"max_quantity":"","exclude_order_quantity_value_rules":"no","exclude_category_quantity_rules":"no","combine_variations":"no","jetpack_sharing_enabled":true,"_links":{"self":[{"href":"https:\/\/fushaco.com\/sq\/wp-json\/wp\/v2\/product\/30852","targetHints":{"allow":["GET"]}}],"collection":[{"href":"https:\/\/fushaco.com\/sq\/wp-json\/wp\/v2\/product"}],"about":[{"href":"https:\/\/fushaco.com\/sq\/wp-json\/wp\/v2\/types\/product"}],"version-history":[{"count":4,"href":"https:\/\/fushaco.com\/sq\/wp-json\/wp\/v2\/product\/30852\/revisions"}],"predecessor-version":[{"id":33328,"href":"https:\/\/fushaco.com\/sq\/wp-json\/wp\/v2\/product\/30852\/revisions\/33328"}],"wp:featuredmedia":[{"embeddable":true,"href":"https:\/\/fushaco.com\/sq\/wp-json\/wp\/v2\/media\/30739"}],"wp:attachment":[{"href":"https:\/\/fushaco.com\/sq\/wp-json\/wp\/v2\/media?parent=30852"}],"wp:term":[{"taxonomy":"product_brand","embeddable":true,"href":"https:\/\/fushaco.com\/sq\/wp-json\/wp\/v2\/product_brand?post=30852"},{"taxonomy":"product_cat","embeddable":true,"href":"https:\/\/fushaco.com\/sq\/wp-json\/wp\/v2\/product_cat?post=30852"},{"taxonomy":"product_tag","embeddable":true,"href":"https:\/\/fushaco.com\/sq\/wp-json\/wp\/v2\/product_tag?post=30852"}],"curies":[{"name":"wp","href":"https:\/\/api.w.org\/{rel}","templated":true}]}}