{"id":30853,"date":"2025-10-20T11:28:34","date_gmt":"2025-10-20T11:28:34","guid":{"rendered":"https:\/\/fushaco.com\/?post_type=product&#038;p=30853"},"modified":"2025-12-18T17:01:46","modified_gmt":"2025-12-18T17:01:46","slug":"fush-xk-042","status":"publish","type":"product","link":"https:\/\/fushaco.com\/sq\/produkt\/fush-xk-042\/","title":{"rendered":"Qirinj\u00eb Dekorativ\u00eb &#8211; FUSH-XK-042"},"content":{"rendered":"<p data-start=\"181\" data-end=\"534\">Sill nj\u00eb prekje dashurie dhe elegance n\u00eb \u00e7do ambient me k\u00ebt\u00eb <strong data-start=\"242\" data-end=\"274\">qiri artistik n\u00eb form\u00eb zemre<\/strong>, i cili paraqet nj\u00eb <strong data-start=\"295\" data-end=\"354\">sken\u00eb romantike t\u00eb dy t\u00eb dashuruarve n\u00ebn drit\u00ebn e h\u00ebn\u00ebs<\/strong>.<br data-start=\"355\" data-end=\"358\" \/>I punuar me detaje delikate dhe dizajn 3D, ky qiri \u00ebsht\u00eb perfekt p\u00ebr t\u00eb krijuar nj\u00eb atmosfer\u00eb t\u00eb ngroht\u00eb dhe t\u00eb ve\u00e7ant\u00eb \u2014 qoft\u00eb si dekor, dhurat\u00eb dashurie apo element festiv.<\/p>","protected":false},"excerpt":{"rendered":"<h3 data-start=\"541\" data-end=\"576\"><strong data-start=\"545\" data-end=\"574\">Karakteristikat kryesore:<\/strong><\/h3>\n<ul data-start=\"577\" data-end=\"1001\">\n<li data-start=\"577\" data-end=\"631\">\n<p data-start=\"579\" data-end=\"631\"><strong data-start=\"582\" data-end=\"593\">Ngjyr\u00eb:<\/strong> E bardh\u00eb e past\u00ebr me pamje elegante<\/p>\n<\/li>\n<li data-start=\"632\" data-end=\"706\">\n<p data-start=\"634\" data-end=\"706\"><strong data-start=\"637\" data-end=\"648\">Dizajn:<\/strong> Zem\u00ebr 3D me sken\u00eb romantike dhe detaje t\u00eb h\u00ebn\u00ebs e yjeve<\/p>\n<\/li>\n<li data-start=\"707\" data-end=\"785\">\n<p data-start=\"709\" data-end=\"785\"><strong data-start=\"712\" data-end=\"726\">Materiali:<\/strong> Dyll soje<\/p>\n<\/li>\n<li data-start=\"786\" data-end=\"839\">\n<p data-start=\"788\" data-end=\"839\"><strong data-start=\"791\" data-end=\"803\">P\u00ebrmasa:<\/strong> 9.00cm<\/p>\n<\/li>\n<li data-start=\"840\" data-end=\"914\">\n<p data-start=\"842\" data-end=\"914\"><strong data-start=\"845\" data-end=\"858\">P\u00ebrdorim:<\/strong> P\u00ebr dekorim romantik, dhurata apo ambiente relaksuese<\/p>\n<\/li>\n<li data-start=\"915\" data-end=\"1001\">\n<p data-start=\"917\" data-end=\"1001\">\u00a0<strong data-start=\"920\" data-end=\"946\">Rastet e p\u00ebrshtatshme:<\/strong> Fejesa, dasma, Sh\u00ebn Valentini, dhurata p\u00ebr partnerin<\/p>\n<\/li>\n<\/ul>","protected":false},"featured_media":30740,"template":"","meta":[],"product_brand":[],"product_cat":[326],"product_tag":[],"class_list":{"0":"post-30853","1":"product","2":"type-product","3":"status-publish","4":"has-post-thumbnail","6":"product_cat-qirinje","8":"first","9":"instock","10":"taxable","11":"shipping-taxable","12":"purchasable","13":"product-type-simple"},"group_of_quantity":0,"min_quantity":0,"max_quantity":"","exclude_order_quantity_value_rules":"no","exclude_category_quantity_rules":"no","combine_variations":"no","jetpack_sharing_enabled":true,"_links":{"self":[{"href":"https:\/\/fushaco.com\/sq\/wp-json\/wp\/v2\/product\/30853","targetHints":{"allow":["GET"]}}],"collection":[{"href":"https:\/\/fushaco.com\/sq\/wp-json\/wp\/v2\/product"}],"about":[{"href":"https:\/\/fushaco.com\/sq\/wp-json\/wp\/v2\/types\/product"}],"version-history":[{"count":4,"href":"https:\/\/fushaco.com\/sq\/wp-json\/wp\/v2\/product\/30853\/revisions"}],"predecessor-version":[{"id":33327,"href":"https:\/\/fushaco.com\/sq\/wp-json\/wp\/v2\/product\/30853\/revisions\/33327"}],"wp:featuredmedia":[{"embeddable":true,"href":"https:\/\/fushaco.com\/sq\/wp-json\/wp\/v2\/media\/30740"}],"wp:attachment":[{"href":"https:\/\/fushaco.com\/sq\/wp-json\/wp\/v2\/media?parent=30853"}],"wp:term":[{"taxonomy":"product_brand","embeddable":true,"href":"https:\/\/fushaco.com\/sq\/wp-json\/wp\/v2\/product_brand?post=30853"},{"taxonomy":"product_cat","embeddable":true,"href":"https:\/\/fushaco.com\/sq\/wp-json\/wp\/v2\/product_cat?post=30853"},{"taxonomy":"product_tag","embeddable":true,"href":"https:\/\/fushaco.com\/sq\/wp-json\/wp\/v2\/product_tag?post=30853"}],"curies":[{"name":"wp","href":"https:\/\/api.w.org\/{rel}","templated":true}]}}