{"id":30857,"date":"2025-10-20T11:36:04","date_gmt":"2025-10-20T11:36:04","guid":{"rendered":"https:\/\/fushaco.com\/?post_type=product&#038;p=30857"},"modified":"2025-12-18T17:01:42","modified_gmt":"2025-12-18T17:01:42","slug":"fush-xk-044","status":"publish","type":"product","link":"https:\/\/fushaco.com\/sq\/produkt\/fush-xk-044\/","title":{"rendered":"Qirinj\u00eb Dekorativ\u00eb &#8211; FUSH-XK-044"},"content":{"rendered":"<p>Ky <strong data-start=\"159\" data-end=\"194\">qiri dekorativ \u201cSleeping Angel\u201d<\/strong> sjell nj\u00eb prekje qet\u00ebsie dhe spiritualiteti n\u00eb \u00e7do ambient. I punuar me kujdes n\u00eb form\u00ebn e nj\u00eb engj\u00eblli t\u00eb vog\u00ebl q\u00eb fle, ky dizajn unik simbolizon paqe, dashuri dhe mbrojtje. \u00cbsht\u00eb nj\u00eb aksesor perfekt p\u00ebr sht\u00ebpi, dhurata pag\u00ebzimi, apo momente t\u00eb ve\u00e7anta kujtese.<\/p>","protected":false},"excerpt":{"rendered":"<p data-start=\"461\" data-end=\"490\"><strong data-start=\"464\" data-end=\"488\">Detajet e produktit:<\/strong><\/p>\n<ul data-start=\"491\" data-end=\"763\">\n<li data-start=\"530\" data-end=\"574\">\n<p data-start=\"532\" data-end=\"574\"><strong data-start=\"532\" data-end=\"542\">Forma:<\/strong> Engj\u00ebll q\u00eb fle mbi baz\u00eb ovale<\/p>\n<\/li>\n<li data-start=\"575\" data-end=\"608\">\n<p data-start=\"577\" data-end=\"608\"><strong data-start=\"577\" data-end=\"588\">Ngjyra:<\/strong> E bardh\u00eb e past\u00ebr<\/p>\n<\/li>\n<li data-start=\"609\" data-end=\"678\">\n<p data-start=\"611\" data-end=\"678\"><strong data-start=\"611\" data-end=\"625\">Materiali:<\/strong> Dyell soje<\/p>\n<\/li>\n<li data-start=\"679\" data-end=\"710\">\n<p data-start=\"681\" data-end=\"710\"><strong data-start=\"681\" data-end=\"694\">Madh\u00ebsia:<\/strong> 7.50cm<\/p>\n<\/li>\n<li data-start=\"711\" data-end=\"763\">\n<p data-start=\"713\" data-end=\"763\"><strong data-start=\"713\" data-end=\"726\">P\u00ebrdorim:<\/strong> Dekorativ<\/p>\n<\/li>\n<\/ul>","protected":false},"featured_media":30741,"template":"","meta":[],"product_brand":[],"product_cat":[326],"product_tag":[],"class_list":{"0":"post-30857","1":"product","2":"type-product","3":"status-publish","4":"has-post-thumbnail","6":"product_cat-qirinje","8":"first","9":"instock","10":"taxable","11":"shipping-taxable","12":"purchasable","13":"product-type-simple"},"group_of_quantity":0,"min_quantity":0,"max_quantity":"","exclude_order_quantity_value_rules":"no","exclude_category_quantity_rules":"no","combine_variations":"no","jetpack_sharing_enabled":true,"_links":{"self":[{"href":"https:\/\/fushaco.com\/sq\/wp-json\/wp\/v2\/product\/30857","targetHints":{"allow":["GET"]}}],"collection":[{"href":"https:\/\/fushaco.com\/sq\/wp-json\/wp\/v2\/product"}],"about":[{"href":"https:\/\/fushaco.com\/sq\/wp-json\/wp\/v2\/types\/product"}],"version-history":[{"count":5,"href":"https:\/\/fushaco.com\/sq\/wp-json\/wp\/v2\/product\/30857\/revisions"}],"predecessor-version":[{"id":33326,"href":"https:\/\/fushaco.com\/sq\/wp-json\/wp\/v2\/product\/30857\/revisions\/33326"}],"wp:featuredmedia":[{"embeddable":true,"href":"https:\/\/fushaco.com\/sq\/wp-json\/wp\/v2\/media\/30741"}],"wp:attachment":[{"href":"https:\/\/fushaco.com\/sq\/wp-json\/wp\/v2\/media?parent=30857"}],"wp:term":[{"taxonomy":"product_brand","embeddable":true,"href":"https:\/\/fushaco.com\/sq\/wp-json\/wp\/v2\/product_brand?post=30857"},{"taxonomy":"product_cat","embeddable":true,"href":"https:\/\/fushaco.com\/sq\/wp-json\/wp\/v2\/product_cat?post=30857"},{"taxonomy":"product_tag","embeddable":true,"href":"https:\/\/fushaco.com\/sq\/wp-json\/wp\/v2\/product_tag?post=30857"}],"curies":[{"name":"wp","href":"https:\/\/api.w.org\/{rel}","templated":true}]}}