{"id":30885,"date":"2025-10-27T13:15:05","date_gmt":"2025-10-27T13:15:05","guid":{"rendered":"https:\/\/fushaco.com\/?post_type=product&#038;p=30885"},"modified":"2026-04-14T15:48:04","modified_gmt":"2026-04-14T15:48:04","slug":"fush090","status":"publish","type":"product","link":"https:\/\/fushaco.com\/sq\/produkt\/fush090\/","title":{"rendered":"Mini Projektor Llamp\u00eb Wireless Charger  &#8211; FUSH090"},"content":{"rendered":"<p data-start=\"146\" data-end=\"422\">Sillni nj\u00eb ndri\u00e7im t\u00eb ngroht\u00eb dhe atmosfer\u00eb relaksuese n\u00eb \u00e7do ambient me k\u00ebt\u00eb <strong data-start=\"224\" data-end=\"265\">llamb\u00eb dekorative n\u00eb form\u00eb fari detar<\/strong>. Me dizajn elegant dhe detaje t\u00eb arta, kjo llamb\u00eb \u00ebsht\u00eb perfekte p\u00ebr <strong data-start=\"335\" data-end=\"419\">dhoma gjumi, zyra, dhoma ndenjeje apo si dhurat\u00eb unike p\u00ebr nj\u00eb person t\u00eb ve\u00e7ant\u00eb<\/strong>.<\/p>\n<p data-start=\"424\" data-end=\"611\">E krijuar nga materiale cil\u00ebsore, ajo ofron <strong data-start=\"468\" data-end=\"491\">ndri\u00e7im t\u00eb but\u00eb ne form\u00eb h\u00ebne LED<\/strong> q\u00eb krijon nj\u00eb ndjesi qet\u00ebsie dhe romantizmi, duke e b\u00ebr\u00eb ideale p\u00ebr p\u00ebrdorim gjat\u00eb nat\u00ebs apo p\u00ebr dekor sht\u00ebpie moderne.<\/p>","protected":false},"excerpt":{"rendered":"<h3 data-start=\"557\" data-end=\"584\"><strong data-start=\"561\" data-end=\"582\">Ve\u00e7orit\u00eb Kryesore<\/strong><\/h3>\n<ul data-start=\"585\" data-end=\"980\">\n<li data-start=\"585\" data-end=\"662\">\n<p data-start=\"587\" data-end=\"662\">\ud83d\udca1 <strong data-start=\"590\" data-end=\"606\">Dizajn unik:<\/strong> Form\u00eb fari detar me detaje elegante n\u00eb ngjyr\u00eb t\u00eb art\u00eb ne form\u00eb h\u00ebne<\/p>\n<\/li>\n<li data-start=\"585\" data-end=\"662\">\u00a0 \u00a0 \u00a0<strong>Bluetooth speakers: <\/strong>Mundesi lidhje me telefon\u00eb t\u00eb vendos\u00ebsh muzik\u00eb.<\/li>\n<li data-start=\"663\" data-end=\"730\">\n<p data-start=\"665\" data-end=\"730\">\ud83d\udd6f\ufe0f <strong data-start=\"669\" data-end=\"690\">Drit\u00eb e but\u00eb LED:<\/strong> Krijon ndri\u00e7im relaksues dhe romantik<\/p>\n<\/li>\n<li data-start=\"731\" data-end=\"806\">\n<p data-start=\"733\" data-end=\"806\">\u26a1 <b>Wireless Charger p\u00ebr celularin tuaj.\u00a0<\/b><\/p>\n<\/li>\n<li data-start=\"807\" data-end=\"892\">\n<p data-start=\"809\" data-end=\"892\">\ud83d\udd0b <strong data-start=\"812\" data-end=\"825\">Energjia:<\/strong> Funksionon me bateri dhe mbushet me kabllo USB<\/p>\n<\/li>\n<li data-start=\"893\" data-end=\"932\">\n<p data-start=\"895\" data-end=\"932\">\ud83d\udccf <strong data-start=\"898\" data-end=\"910\">P\u00ebrmasa:<\/strong> Rreth 25 cm lart\u00ebsi<\/p>\n<\/li>\n<li data-start=\"933\" data-end=\"980\">\n<p data-start=\"935\" data-end=\"980\">\ud83c\udfa8 <strong data-start=\"938\" data-end=\"949\">Ngjyr\u00eb:<\/strong> Ka mbi 6 lloje te ngjyrave.<\/p>\n<\/li>\n<\/ul>","protected":false},"featured_media":34332,"template":"","meta":[],"product_brand":[],"product_cat":[325],"product_tag":[],"class_list":{"0":"post-30885","1":"product","2":"type-product","3":"status-publish","4":"has-post-thumbnail","6":"product_cat-aksesore","8":"first","9":"instock","10":"sale","11":"taxable","12":"shipping-taxable","13":"purchasable","14":"product-type-simple"},"group_of_quantity":0,"min_quantity":0,"max_quantity":"","exclude_order_quantity_value_rules":"no","exclude_category_quantity_rules":"no","combine_variations":"no","jetpack_sharing_enabled":true,"_links":{"self":[{"href":"https:\/\/fushaco.com\/sq\/wp-json\/wp\/v2\/product\/30885","targetHints":{"allow":["GET"]}}],"collection":[{"href":"https:\/\/fushaco.com\/sq\/wp-json\/wp\/v2\/product"}],"about":[{"href":"https:\/\/fushaco.com\/sq\/wp-json\/wp\/v2\/types\/product"}],"version-history":[{"count":6,"href":"https:\/\/fushaco.com\/sq\/wp-json\/wp\/v2\/product\/30885\/revisions"}],"predecessor-version":[{"id":34338,"href":"https:\/\/fushaco.com\/sq\/wp-json\/wp\/v2\/product\/30885\/revisions\/34338"}],"wp:featuredmedia":[{"embeddable":true,"href":"https:\/\/fushaco.com\/sq\/wp-json\/wp\/v2\/media\/34332"}],"wp:attachment":[{"href":"https:\/\/fushaco.com\/sq\/wp-json\/wp\/v2\/media?parent=30885"}],"wp:term":[{"taxonomy":"product_brand","embeddable":true,"href":"https:\/\/fushaco.com\/sq\/wp-json\/wp\/v2\/product_brand?post=30885"},{"taxonomy":"product_cat","embeddable":true,"href":"https:\/\/fushaco.com\/sq\/wp-json\/wp\/v2\/product_cat?post=30885"},{"taxonomy":"product_tag","embeddable":true,"href":"https:\/\/fushaco.com\/sq\/wp-json\/wp\/v2\/product_tag?post=30885"}],"curies":[{"name":"wp","href":"https:\/\/api.w.org\/{rel}","templated":true}]}}