{"id":30898,"date":"2025-10-27T13:34:49","date_gmt":"2025-10-27T13:34:49","guid":{"rendered":"https:\/\/fushaco.com\/?post_type=product&#038;p=30898"},"modified":"2025-12-13T23:46:50","modified_gmt":"2025-12-13T23:46:50","slug":"fush092","status":"publish","type":"product","link":"https:\/\/fushaco.com\/sq\/produkt\/fush092\/","title":{"rendered":"Llamp\u00eb &#8211; FUSH092"},"content":{"rendered":"<h3 data-start=\"75\" data-end=\"152\"><strong data-start=\"79\" data-end=\"152\">Llampe Dekorative me Drit\u00eb LED me Ndryshim Ngjyrash \u2013 Kontroll me Touch<\/strong><\/h3>\n<p data-start=\"154\" data-end=\"461\">Sill magji dhe ngroht\u00ebsi n\u00eb \u00e7do ambient me llamp\u00ebn<strong data-start=\"197\" data-end=\"230\">\u00a0dekorative me drit\u00eb LED<\/strong>, nj\u00eb kombinim perfekt mes dizajnit t\u00eb \u00ebmb\u00ebl dhe teknologjis\u00eb moderne.<br data-start=\"300\" data-end=\"303\" \/>Kjo llamp\u00eb simpatike ndri\u00e7on me <strong data-start=\"333\" data-end=\"369\">ngjyra q\u00eb ndryshojn\u00eb vazhdimisht<\/strong>, duke krijuar nj\u00eb atmosfer\u00eb relaksuese, ideale p\u00ebr dhoma gjumi apo dhom\u00ebn e f\u00ebmij\u00ebve.<\/p>","protected":false},"excerpt":{"rendered":"<p data-start=\"463\" data-end=\"494\"><strong data-start=\"465\" data-end=\"494\">Karakteristikat kryesore:<\/strong><\/p>\n<ul data-start=\"495\" data-end=\"917\">\n<li data-start=\"495\" data-end=\"592\">\n<p data-start=\"497\" data-end=\"592\">\u00a0<strong data-start=\"500\" data-end=\"542\">Ndri\u00e7im LED me ngjyra t\u00eb shum\u00ebllojshme<\/strong> \u2013 ndryshon automatikisht ose me prekje (touch).<\/p>\n<\/li>\n<li data-start=\"593\" data-end=\"677\">\n<p data-start=\"595\" data-end=\"677\">\u00a0<strong data-start=\"598\" data-end=\"620\">Kontroll me prekje<\/strong> \u2013 ndiz, fik dhe ndrysho ngjyrat thjesht duke e prekur.<\/p>\n<\/li>\n<li data-start=\"678\" data-end=\"748\">\n<p data-start=\"680\" data-end=\"748\">\u00a0<strong data-start=\"683\" data-end=\"714\">Dizajn unik n\u00eb form\u00eb qenushi<\/strong>\u00a0\u2013 perfekt si dekor ose dhurat\u00eb.<\/p>\n<\/li>\n<li data-start=\"749\" data-end=\"830\">\n<p data-start=\"751\" data-end=\"830\"><strong data-start=\"754\" data-end=\"796\">Bateri e rikarikueshme \/ me kabllo USB<\/strong> \u2013 e leht\u00eb p\u00ebr ta p\u00ebrdorur kudo.<\/p>\n<\/li>\n<li data-start=\"831\" data-end=\"917\">\n<p data-start=\"833\" data-end=\"917\">\u00a0<strong data-start=\"836\" data-end=\"866\">Drit\u00eb e but\u00eb dhe qet\u00ebsuese<\/strong> \u2013 ideale p\u00ebr mbr\u00ebmje relaksuese ose si drit\u00eb nate.<\/p>\n<\/li>\n<\/ul>","protected":false},"featured_media":30899,"template":"","meta":[],"product_brand":[],"product_cat":[325],"product_tag":[],"class_list":{"0":"post-30898","1":"product","2":"type-product","3":"status-publish","4":"has-post-thumbnail","6":"product_cat-aksesore","8":"first","9":"instock","10":"sale","11":"taxable","12":"shipping-taxable","13":"purchasable","14":"product-type-simple"},"group_of_quantity":0,"min_quantity":0,"max_quantity":"","exclude_order_quantity_value_rules":"no","exclude_category_quantity_rules":"no","combine_variations":"no","jetpack_sharing_enabled":true,"_links":{"self":[{"href":"https:\/\/fushaco.com\/sq\/wp-json\/wp\/v2\/product\/30898","targetHints":{"allow":["GET"]}}],"collection":[{"href":"https:\/\/fushaco.com\/sq\/wp-json\/wp\/v2\/product"}],"about":[{"href":"https:\/\/fushaco.com\/sq\/wp-json\/wp\/v2\/types\/product"}],"version-history":[{"count":4,"href":"https:\/\/fushaco.com\/sq\/wp-json\/wp\/v2\/product\/30898\/revisions"}],"predecessor-version":[{"id":32960,"href":"https:\/\/fushaco.com\/sq\/wp-json\/wp\/v2\/product\/30898\/revisions\/32960"}],"wp:featuredmedia":[{"embeddable":true,"href":"https:\/\/fushaco.com\/sq\/wp-json\/wp\/v2\/media\/30899"}],"wp:attachment":[{"href":"https:\/\/fushaco.com\/sq\/wp-json\/wp\/v2\/media?parent=30898"}],"wp:term":[{"taxonomy":"product_brand","embeddable":true,"href":"https:\/\/fushaco.com\/sq\/wp-json\/wp\/v2\/product_brand?post=30898"},{"taxonomy":"product_cat","embeddable":true,"href":"https:\/\/fushaco.com\/sq\/wp-json\/wp\/v2\/product_cat?post=30898"},{"taxonomy":"product_tag","embeddable":true,"href":"https:\/\/fushaco.com\/sq\/wp-json\/wp\/v2\/product_tag?post=30898"}],"curies":[{"name":"wp","href":"https:\/\/api.w.org\/{rel}","templated":true}]}}