{"id":30927,"date":"2025-10-27T17:33:38","date_gmt":"2025-10-27T17:33:38","guid":{"rendered":"https:\/\/fushaco.com\/?post_type=product&#038;p=30927"},"modified":"2025-12-23T10:59:31","modified_gmt":"2025-12-23T10:59:31","slug":"fush101","status":"publish","type":"product","link":"https:\/\/fushaco.com\/sq\/produkt\/fush101\/","title":{"rendered":"Lule Artificiale Gypsophila \u2013 FUSH101"},"content":{"rendered":"<p data-start=\"161\" data-end=\"431\">Shtoni nj\u00eb prekje delikate dhe romantike n\u00eb dekorin tuaj me k\u00ebt\u00eb <strong data-start=\"226\" data-end=\"287\">deg\u00eb artificiale me lule t\u00eb vogla <\/strong>. Me form\u00eb elegante dhe detaje t\u00eb im\u00ebta, kjo deg\u00eb \u00ebsht\u00eb e p\u00ebrkryer p\u00ebr <strong data-start=\"358\" data-end=\"428\">aranxhime florale, dekorime dasmash, evente apo ambiente sht\u00ebpiake<\/strong>.<\/p>\n<p data-start=\"433\" data-end=\"580\">Materialet cil\u00ebsore i japin nj\u00eb pamje natyrale dhe jet\u00ebgjat\u00ebsi t\u00eb lart\u00eb, duke e b\u00ebr\u00eb ideale p\u00ebr p\u00ebrdorim afatgjat\u00eb pa pasur nevoj\u00eb p\u00ebr mir\u00ebmbajtje.<\/p>","protected":false},"excerpt":{"rendered":"<h3 data-start=\"587\" data-end=\"612\"><strong data-start=\"591\" data-end=\"612\">Ve\u00e7orit\u00eb Kryesore<\/strong><\/h3>\n<ul data-start=\"613\" data-end=\"959\">\n<li data-start=\"674\" data-end=\"737\">\n<p data-start=\"676\" data-end=\"737\"><strong data-start=\"679\" data-end=\"693\">Materiali:<\/strong> P\u00eblhur\u00eb sintetike dhe plastik\u00eb rezistente<\/p>\n<\/li>\n<li data-start=\"738\" data-end=\"770\">\n<p data-start=\"740\" data-end=\"770\"><strong data-start=\"743\" data-end=\"756\">Gjat\u00ebsia:<\/strong> 62cm<\/p>\n<\/li>\n<li data-start=\"771\" data-end=\"826\">\n<p data-start=\"773\" data-end=\"826\"><strong data-start=\"776\" data-end=\"787\">Dizajn:<\/strong> Deg\u00eb me shum\u00eb lule t\u00eb vogla delikate<\/p>\n<\/li>\n<li data-start=\"827\" data-end=\"894\">\n<p data-start=\"829\" data-end=\"894\"><strong data-start=\"832\" data-end=\"846\">P\u00ebrdorimi:<\/strong> P\u00ebr dekorime sht\u00ebpie, vazo, evente dhe buqeta<\/p>\n<\/li>\n<li data-start=\"895\" data-end=\"959\">\n<p data-start=\"897\" data-end=\"959\">\u00a0<strong data-start=\"901\" data-end=\"917\">Mir\u00ebmbajtje:<\/strong> Pa nevoj\u00eb p\u00ebr uj\u00eb apo kujdes t\u00eb ve\u00e7ant\u00eb<\/p>\n<\/li>\n<\/ul>","protected":false},"featured_media":30928,"template":"","meta":[],"product_brand":[],"product_cat":[307],"product_tag":[],"class_list":{"0":"post-30927","1":"product","2":"type-product","3":"status-publish","4":"has-post-thumbnail","6":"product_cat-lule-artificiale","8":"first","9":"instock","10":"taxable","11":"shipping-taxable","12":"purchasable","13":"product-type-variable"},"group_of_quantity":0,"min_quantity":0,"max_quantity":"","exclude_order_quantity_value_rules":"no","exclude_category_quantity_rules":"no","combine_variations":"no","jetpack_sharing_enabled":true,"_links":{"self":[{"href":"https:\/\/fushaco.com\/sq\/wp-json\/wp\/v2\/product\/30927","targetHints":{"allow":["GET"]}}],"collection":[{"href":"https:\/\/fushaco.com\/sq\/wp-json\/wp\/v2\/product"}],"about":[{"href":"https:\/\/fushaco.com\/sq\/wp-json\/wp\/v2\/types\/product"}],"version-history":[{"count":7,"href":"https:\/\/fushaco.com\/sq\/wp-json\/wp\/v2\/product\/30927\/revisions"}],"predecessor-version":[{"id":33589,"href":"https:\/\/fushaco.com\/sq\/wp-json\/wp\/v2\/product\/30927\/revisions\/33589"}],"wp:featuredmedia":[{"embeddable":true,"href":"https:\/\/fushaco.com\/sq\/wp-json\/wp\/v2\/media\/30928"}],"wp:attachment":[{"href":"https:\/\/fushaco.com\/sq\/wp-json\/wp\/v2\/media?parent=30927"}],"wp:term":[{"taxonomy":"product_brand","embeddable":true,"href":"https:\/\/fushaco.com\/sq\/wp-json\/wp\/v2\/product_brand?post=30927"},{"taxonomy":"product_cat","embeddable":true,"href":"https:\/\/fushaco.com\/sq\/wp-json\/wp\/v2\/product_cat?post=30927"},{"taxonomy":"product_tag","embeddable":true,"href":"https:\/\/fushaco.com\/sq\/wp-json\/wp\/v2\/product_tag?post=30927"}],"curies":[{"name":"wp","href":"https:\/\/api.w.org\/{rel}","templated":true}]}}