{"id":30954,"date":"2025-10-27T17:45:48","date_gmt":"2025-10-27T17:45:48","guid":{"rendered":"https:\/\/fushaco.com\/?post_type=product&#038;p=30954"},"modified":"2025-12-23T10:57:10","modified_gmt":"2025-12-23T10:57:10","slug":"fush116","status":"publish","type":"product","link":"https:\/\/fushaco.com\/sq\/produkt\/fush116\/","title":{"rendered":"Zambak Artificial p\u00ebr Vazo &#038; Aranzhime &#8211; FUSH116"},"content":{"rendered":"<p data-start=\"164\" data-end=\"491\">Shtoni ngroht\u00ebsi dhe eleganc\u00eb n\u00eb \u00e7do ambient me k\u00ebt\u00eb <strong data-start=\"217\" data-end=\"256\">lule artificiale<\/strong>, e cila imiton n\u00eb m\u00ebnyr\u00eb perfekte bukurin\u00eb natyrale t\u00eb zambakut tropikal (amaryllis). Me petale t\u00eb detajuara dhe ngjyra delikate, kjo lule \u00ebsht\u00eb nj\u00eb zgjedhje e shk\u00eblqyer p\u00ebr <strong data-start=\"431\" data-end=\"488\">dekorime sht\u00ebpie, dasma, evente apo dhurata simbolike<\/strong>.<\/p>\n<p data-start=\"493\" data-end=\"651\">P\u00ebrb\u00ebrja e saj nga <strong data-start=\"512\" data-end=\"533\">materiale premium<\/strong> siguron jet\u00ebgjat\u00ebsi, q\u00ebndrueshm\u00ebri dhe pamje natyrale gjat\u00eb gjith\u00eb vitit \u2014 pa pasur nevoj\u00eb p\u00ebr uj\u00eb apo kujdes shtes\u00eb.<\/p>","protected":false},"excerpt":{"rendered":"<h3 data-start=\"658\" data-end=\"683\"><strong data-start=\"662\" data-end=\"683\">Ve\u00e7orit\u00eb Kryesore<\/strong><\/h3>\n<ul data-start=\"684\" data-end=\"1055\">\n<li data-start=\"752\" data-end=\"813\">\n<p data-start=\"754\" data-end=\"813\"><strong data-start=\"757\" data-end=\"771\">Materiali:<\/strong> Fiber e but\u00eb, ndjeshmeria 100%<\/p>\n<\/li>\n<li data-start=\"752\" data-end=\"813\"><strong>Fija ka 3 Koka t\u00eb Lules s\u00eb zambakut<\/strong><\/li>\n<li data-start=\"814\" data-end=\"846\">\n<p data-start=\"816\" data-end=\"846\"><strong data-start=\"819\" data-end=\"832\">Gjat\u00ebsia:<\/strong> 61cm<\/p>\n<\/li>\n<li data-start=\"847\" data-end=\"912\">\n<p data-start=\"849\" data-end=\"912\"><strong data-start=\"852\" data-end=\"863\">Dizajn:<\/strong> Lule artificiale me 3 zambak\u00eb t\u00eb hapur n\u00eb maj\u00eb<\/p>\n<\/li>\n<li data-start=\"913\" data-end=\"990\">\n<p data-start=\"915\" data-end=\"990\"><strong data-start=\"918\" data-end=\"932\">P\u00ebrdorimi:<\/strong> P\u00ebr vazo, buqeta, dekorime ambientesh, dasma dhe evente<\/p>\n<\/li>\n<li data-start=\"991\" data-end=\"1055\">\n<p data-start=\"993\" data-end=\"1055\">\u00a0<strong data-start=\"997\" data-end=\"1013\">Mir\u00ebmbajtje:<\/strong> Pa nevoj\u00eb p\u00ebr uj\u00eb apo kujdes t\u00eb ve\u00e7ant\u00eb<\/p>\n<\/li>\n<\/ul>","protected":false},"featured_media":30958,"template":"","meta":[],"product_brand":[],"product_cat":[307],"product_tag":[],"class_list":{"0":"post-30954","1":"product","2":"type-product","3":"status-publish","4":"has-post-thumbnail","6":"product_cat-lule-artificiale","8":"first","9":"instock","10":"taxable","11":"shipping-taxable","12":"purchasable","13":"product-type-variable"},"group_of_quantity":0,"min_quantity":0,"max_quantity":"","exclude_order_quantity_value_rules":"no","exclude_category_quantity_rules":"no","combine_variations":"no","jetpack_sharing_enabled":true,"_links":{"self":[{"href":"https:\/\/fushaco.com\/sq\/wp-json\/wp\/v2\/product\/30954","targetHints":{"allow":["GET"]}}],"collection":[{"href":"https:\/\/fushaco.com\/sq\/wp-json\/wp\/v2\/product"}],"about":[{"href":"https:\/\/fushaco.com\/sq\/wp-json\/wp\/v2\/types\/product"}],"version-history":[{"count":7,"href":"https:\/\/fushaco.com\/sq\/wp-json\/wp\/v2\/product\/30954\/revisions"}],"predecessor-version":[{"id":33585,"href":"https:\/\/fushaco.com\/sq\/wp-json\/wp\/v2\/product\/30954\/revisions\/33585"}],"wp:featuredmedia":[{"embeddable":true,"href":"https:\/\/fushaco.com\/sq\/wp-json\/wp\/v2\/media\/30958"}],"wp:attachment":[{"href":"https:\/\/fushaco.com\/sq\/wp-json\/wp\/v2\/media?parent=30954"}],"wp:term":[{"taxonomy":"product_brand","embeddable":true,"href":"https:\/\/fushaco.com\/sq\/wp-json\/wp\/v2\/product_brand?post=30954"},{"taxonomy":"product_cat","embeddable":true,"href":"https:\/\/fushaco.com\/sq\/wp-json\/wp\/v2\/product_cat?post=30954"},{"taxonomy":"product_tag","embeddable":true,"href":"https:\/\/fushaco.com\/sq\/wp-json\/wp\/v2\/product_tag?post=30954"}],"curies":[{"name":"wp","href":"https:\/\/api.w.org\/{rel}","templated":true}]}}