{"id":30964,"date":"2025-10-27T17:49:11","date_gmt":"2025-10-27T17:49:11","guid":{"rendered":"https:\/\/fushaco.com\/?post_type=product&#038;p=30964"},"modified":"2026-05-09T20:05:45","modified_gmt":"2026-05-09T20:05:45","slug":"fush119","status":"publish","type":"product","link":"https:\/\/fushaco.com\/sq\/produkt\/fush119\/","title":{"rendered":"Kapele &#8211; FUSH119"},"content":{"rendered":"<p data-start=\"158\" data-end=\"390\">Festoni dit\u00eblindjen me stil me k\u00ebt\u00eb <strong data-start=\"194\" data-end=\"237\">kapel\u00eb t\u00eb mrekullueshme<\/strong>! Me dizajn t\u00eb \u00ebmb\u00ebl n\u00eb ngjyr\u00eb roz\u00eb ose blu dhe pika t\u00eb bardha, kjo kapel\u00eb \u00ebsht\u00eb perfekte p\u00ebr femijet q\u00eb duan t\u00eb ndihen special n\u00eb dit\u00ebn e tyre t\u00eb ve\u00e7ant\u00eb.<\/p>\n<p data-start=\"392\" data-end=\"632\">Kapela \u00ebsht\u00eb e leht\u00eb, e rehatshme p\u00ebr t\u2019u mbajtur dhe e pajisur me <strong data-start=\"459\" data-end=\"475\">rrip elastik<\/strong>, duke q\u00ebndruar e sigurt gjat\u00eb gjith\u00eb fest\u00ebs.<\/p>","protected":false},"excerpt":{"rendered":"<h3 data-start=\"639\" data-end=\"664\"><strong data-start=\"643\" data-end=\"664\">Ve\u00e7orit\u00eb Kryesore<\/strong><\/h3>\n<ul data-start=\"665\" data-end=\"1088\">\n<li data-start=\"736\" data-end=\"797\">\n<p data-start=\"738\" data-end=\"797\"><strong data-start=\"741\" data-end=\"755\">Materiali:<\/strong> Karton cil\u00ebsor me tekstur\u00eb t\u00eb ndritshme<\/p>\n<\/li>\n<li data-start=\"798\" data-end=\"852\">\n<p data-start=\"800\" data-end=\"852\"><strong data-start=\"803\" data-end=\"813\">Dekor:<\/strong> Pompone roz\u00eb ose blu n\u00eb maj\u00eb dhe rreth baz\u00ebs<\/p>\n<\/li>\n<li data-start=\"853\" data-end=\"911\">\n<p data-start=\"855\" data-end=\"911\"><strong data-start=\"858\" data-end=\"871\">Madh\u00ebsia:<\/strong> 19cm<\/p>\n<\/li>\n<li data-start=\"912\" data-end=\"1012\">\n<p data-start=\"914\" data-end=\"1012\"><strong data-start=\"917\" data-end=\"931\">P\u00ebrdorimi:<\/strong> Ideale p\u00ebr dit\u00eblindje, festa, evente familjare apo fotografi festive<\/p>\n<\/li>\n<li data-start=\"1013\" data-end=\"1088\">\n<p data-start=\"1015\" data-end=\"1088\">\u00a0<strong data-start=\"1018\" data-end=\"1037\">Karakteristika:<\/strong> Rrip elastik p\u00ebr vendosje t\u00eb leht\u00eb dhe t\u00eb sigurt<\/p>\n<\/li>\n<\/ul>","protected":false},"featured_media":30965,"template":"","meta":[],"product_brand":[],"product_cat":[325,312],"product_tag":[],"class_list":{"0":"post-30964","1":"product","2":"type-product","3":"status-publish","4":"has-post-thumbnail","6":"product_cat-aksesore","7":"product_cat-baby-shower","9":"first","10":"instock","11":"taxable","12":"shipping-taxable","13":"purchasable","14":"product-type-variable"},"group_of_quantity":0,"min_quantity":0,"max_quantity":"","exclude_order_quantity_value_rules":"no","exclude_category_quantity_rules":"no","combine_variations":"no","jetpack_sharing_enabled":true,"_links":{"self":[{"href":"https:\/\/fushaco.com\/sq\/wp-json\/wp\/v2\/product\/30964","targetHints":{"allow":["GET"]}}],"collection":[{"href":"https:\/\/fushaco.com\/sq\/wp-json\/wp\/v2\/product"}],"about":[{"href":"https:\/\/fushaco.com\/sq\/wp-json\/wp\/v2\/types\/product"}],"version-history":[{"count":5,"href":"https:\/\/fushaco.com\/sq\/wp-json\/wp\/v2\/product\/30964\/revisions"}],"predecessor-version":[{"id":32959,"href":"https:\/\/fushaco.com\/sq\/wp-json\/wp\/v2\/product\/30964\/revisions\/32959"}],"wp:featuredmedia":[{"embeddable":true,"href":"https:\/\/fushaco.com\/sq\/wp-json\/wp\/v2\/media\/30965"}],"wp:attachment":[{"href":"https:\/\/fushaco.com\/sq\/wp-json\/wp\/v2\/media?parent=30964"}],"wp:term":[{"taxonomy":"product_brand","embeddable":true,"href":"https:\/\/fushaco.com\/sq\/wp-json\/wp\/v2\/product_brand?post=30964"},{"taxonomy":"product_cat","embeddable":true,"href":"https:\/\/fushaco.com\/sq\/wp-json\/wp\/v2\/product_cat?post=30964"},{"taxonomy":"product_tag","embeddable":true,"href":"https:\/\/fushaco.com\/sq\/wp-json\/wp\/v2\/product_tag?post=30964"}],"curies":[{"name":"wp","href":"https:\/\/api.w.org\/{rel}","templated":true}]}}