{"id":31399,"date":"2025-11-01T17:28:56","date_gmt":"2025-11-01T17:28:56","guid":{"rendered":"https:\/\/fushaco.com\/?post_type=product&#038;p=31399"},"modified":"2025-12-18T16:16:36","modified_gmt":"2025-12-18T16:16:36","slug":"fush222","status":"publish","type":"product","link":"https:\/\/fushaco.com\/sq\/produkt\/fush222\/","title":{"rendered":"Llamb\u00eb Dekorative Luksoze me Pupla &#8211; FUSH222"},"content":{"rendered":"<p>Shto nj\u00eb prekje unike dhe t\u00eb sofistikuar n\u00eb ambientin t\u00ebnd me <strong data-start=\"227\" data-end=\"291\">llambadarin dekorativ me baz\u00eb ari dhe kapak pend\u00ebsh elegante<\/strong>.<br data-start=\"292\" data-end=\"295\" \/>Kjo llamb\u00eb kombinon <strong data-start=\"315\" data-end=\"349\">dizajnin klasik me luks modern<\/strong>, duke sjell\u00eb nj\u00eb ndri\u00e7im t\u00eb ngroht\u00eb dhe atmosfer\u00eb relaksuese n\u00eb \u00e7do cep t\u00eb sht\u00ebpis\u00eb.<\/p>","protected":false},"excerpt":{"rendered":"<p data-start=\"436\" data-end=\"467\"><strong data-start=\"436\" data-end=\"465\">Karakteristikat kryesore:<\/strong><\/p>\n<ul data-start=\"468\" data-end=\"862\">\n<li data-start=\"468\" data-end=\"555\">\n<p data-start=\"470\" data-end=\"555\"><strong data-start=\"474\" data-end=\"513\">Kapak me pend\u00eb t\u00eb buta dhe elegante<\/strong> \u2013 krijon nj\u00eb efekt romantik dhe delikat<\/p>\n<\/li>\n<li data-start=\"556\" data-end=\"631\">\n<p data-start=\"558\" data-end=\"631\"><strong data-start=\"561\" data-end=\"592\">Korniz\u00eb metalike ngjyr\u00eb ari<\/strong> \u2013 e q\u00ebndrueshme dhe me pamje luksoze<\/p>\n<\/li>\n<li data-start=\"632\" data-end=\"725\">\n<p data-start=\"634\" data-end=\"725\"><strong data-start=\"637\" data-end=\"667\">Ndri\u00e7im i but\u00eb &amp; i ngroht\u00eb<\/strong> \u2013 perfekt p\u00ebr sallon, dhom\u00eb gjumi apo ambient relaksues<\/p>\n<\/li>\n<li data-start=\"726\" data-end=\"792\">\n<p data-start=\"728\" data-end=\"792\"><strong data-start=\"730\" data-end=\"752\">Materiale cil\u00ebsore<\/strong> \u2013 garanton jet\u00ebgjat\u00ebsi dhe stabilitet<\/p>\n<\/li>\n<li data-start=\"793\" data-end=\"862\">\n<p data-start=\"795\" data-end=\"862\"><strong data-start=\"798\" data-end=\"825\">Dizajn modern &amp; elegant<\/strong> \u2013 p\u00ebrshtatet me \u00e7do stil interieri<\/p>\n<\/li>\n<\/ul>","protected":false},"featured_media":31400,"template":"","meta":[],"product_brand":[],"product_cat":[306],"product_tag":[],"class_list":{"0":"post-31399","1":"product","2":"type-product","3":"status-publish","4":"has-post-thumbnail","6":"product_cat-dekore","8":"first","9":"instock","10":"sale","11":"taxable","12":"shipping-taxable","13":"purchasable","14":"product-type-simple"},"group_of_quantity":0,"min_quantity":0,"max_quantity":"","exclude_order_quantity_value_rules":"no","exclude_category_quantity_rules":"no","combine_variations":"no","jetpack_sharing_enabled":true,"_links":{"self":[{"href":"https:\/\/fushaco.com\/sq\/wp-json\/wp\/v2\/product\/31399","targetHints":{"allow":["GET"]}}],"collection":[{"href":"https:\/\/fushaco.com\/sq\/wp-json\/wp\/v2\/product"}],"about":[{"href":"https:\/\/fushaco.com\/sq\/wp-json\/wp\/v2\/types\/product"}],"version-history":[{"count":4,"href":"https:\/\/fushaco.com\/sq\/wp-json\/wp\/v2\/product\/31399\/revisions"}],"predecessor-version":[{"id":33262,"href":"https:\/\/fushaco.com\/sq\/wp-json\/wp\/v2\/product\/31399\/revisions\/33262"}],"wp:featuredmedia":[{"embeddable":true,"href":"https:\/\/fushaco.com\/sq\/wp-json\/wp\/v2\/media\/31400"}],"wp:attachment":[{"href":"https:\/\/fushaco.com\/sq\/wp-json\/wp\/v2\/media?parent=31399"}],"wp:term":[{"taxonomy":"product_brand","embeddable":true,"href":"https:\/\/fushaco.com\/sq\/wp-json\/wp\/v2\/product_brand?post=31399"},{"taxonomy":"product_cat","embeddable":true,"href":"https:\/\/fushaco.com\/sq\/wp-json\/wp\/v2\/product_cat?post=31399"},{"taxonomy":"product_tag","embeddable":true,"href":"https:\/\/fushaco.com\/sq\/wp-json\/wp\/v2\/product_tag?post=31399"}],"curies":[{"name":"wp","href":"https:\/\/api.w.org\/{rel}","templated":true}]}}