{"id":31402,"date":"2025-11-01T17:31:00","date_gmt":"2025-11-01T17:31:00","guid":{"rendered":"https:\/\/fushaco.com\/?post_type=product&#038;p=31402"},"modified":"2026-03-18T10:49:42","modified_gmt":"2026-03-18T10:49:42","slug":"fush239","status":"publish","type":"product","link":"https:\/\/fushaco.com\/sq\/produkt\/fush239\/","title":{"rendered":"FUSH239"},"content":{"rendered":"<p>Shto nj\u00eb prekje luksi dhe moderniteti n\u00eb sht\u00ebpin\u00eb t\u00ebnde me <strong data-start=\"221\" data-end=\"261\">llambadarin dyshemeje me ndri\u00e7im LED<\/strong>.<br data-start=\"262\" data-end=\"265\" \/>Dizajni i tij elegant me <strong data-start=\"290\" data-end=\"307\">struktur\u00eb ari<\/strong> dhe <strong data-start=\"312\" data-end=\"363\">kupola transparente me tekstur\u00eb vertikale<\/strong> krijon nj\u00eb ndri\u00e7im t\u00eb ngroht\u00eb dhe t\u00eb sofistikuar, perfekt p\u00ebr \u00e7do hap\u00ebsir\u00eb moderne.<\/p>","protected":false},"excerpt":{"rendered":"<p data-start=\"451\" data-end=\"482\"><strong data-start=\"451\" data-end=\"480\">Karakteristikat kryesore:<\/strong><\/p>\n<ul data-start=\"483\" data-end=\"859\">\n<li data-start=\"483\" data-end=\"566\">\n<p data-start=\"485\" data-end=\"566\"><strong data-start=\"488\" data-end=\"503\">Ndri\u00e7im LED<\/strong> i integruar \u2013 konsum i ul\u00ebt energjie dhe jet\u00ebgjat\u00ebsi e lart\u00eb<\/p>\n<\/li>\n<li data-start=\"567\" data-end=\"634\">\n<p data-start=\"569\" data-end=\"634\"><strong data-start=\"572\" data-end=\"603\">Korniz\u00eb metalike ngjyr\u00eb ari<\/strong> \u2013 elegante dhe e q\u00ebndrueshme<\/p>\n<\/li>\n<li data-start=\"635\" data-end=\"711\">\n<p data-start=\"637\" data-end=\"711\"><strong data-start=\"640\" data-end=\"675\">Kupola qelqi me dizajn vertikal<\/strong> p\u00ebr shp\u00ebrndarje t\u00eb but\u00eb t\u00eb drit\u00ebs<\/p>\n<\/li>\n<li data-start=\"712\" data-end=\"786\">\n<p data-start=\"714\" data-end=\"786\"><strong data-start=\"717\" data-end=\"741\">Dizajn shum\u00ebnivel\u00ebsh<\/strong> \u2013 kombinim estetik i formave dhe lart\u00ebsive<\/p>\n<\/li>\n<li data-start=\"787\" data-end=\"859\">\n<p data-start=\"789\" data-end=\"859\">\u00a0<strong data-start=\"791\" data-end=\"857\">Ndri\u00e7on ambientin me drit\u00eb t\u00eb ngroht\u00eb dhe atmosfer\u00eb relaksuese<\/strong><\/p>\n<\/li>\n<\/ul>","protected":false},"featured_media":31403,"template":"","meta":[],"product_brand":[],"product_cat":[306],"product_tag":[],"class_list":{"0":"post-31402","1":"product","2":"type-product","3":"status-publish","4":"has-post-thumbnail","6":"product_cat-dekore","8":"first","9":"instock","10":"sale","11":"taxable","12":"shipping-taxable","13":"purchasable","14":"product-type-simple"},"group_of_quantity":0,"min_quantity":0,"max_quantity":"","exclude_order_quantity_value_rules":"no","exclude_category_quantity_rules":"no","combine_variations":"no","jetpack_sharing_enabled":true,"_links":{"self":[{"href":"https:\/\/fushaco.com\/sq\/wp-json\/wp\/v2\/product\/31402","targetHints":{"allow":["GET"]}}],"collection":[{"href":"https:\/\/fushaco.com\/sq\/wp-json\/wp\/v2\/product"}],"about":[{"href":"https:\/\/fushaco.com\/sq\/wp-json\/wp\/v2\/types\/product"}],"version-history":[{"count":3,"href":"https:\/\/fushaco.com\/sq\/wp-json\/wp\/v2\/product\/31402\/revisions"}],"predecessor-version":[{"id":31881,"href":"https:\/\/fushaco.com\/sq\/wp-json\/wp\/v2\/product\/31402\/revisions\/31881"}],"wp:featuredmedia":[{"embeddable":true,"href":"https:\/\/fushaco.com\/sq\/wp-json\/wp\/v2\/media\/31403"}],"wp:attachment":[{"href":"https:\/\/fushaco.com\/sq\/wp-json\/wp\/v2\/media?parent=31402"}],"wp:term":[{"taxonomy":"product_brand","embeddable":true,"href":"https:\/\/fushaco.com\/sq\/wp-json\/wp\/v2\/product_brand?post=31402"},{"taxonomy":"product_cat","embeddable":true,"href":"https:\/\/fushaco.com\/sq\/wp-json\/wp\/v2\/product_cat?post=31402"},{"taxonomy":"product_tag","embeddable":true,"href":"https:\/\/fushaco.com\/sq\/wp-json\/wp\/v2\/product_tag?post=31402"}],"curies":[{"name":"wp","href":"https:\/\/api.w.org\/{rel}","templated":true}]}}