{"id":31413,"date":"2025-11-01T17:46:10","date_gmt":"2025-11-01T17:46:10","guid":{"rendered":"https:\/\/fushaco.com\/?post_type=product&#038;p=31413"},"modified":"2026-01-29T22:04:51","modified_gmt":"2026-01-29T22:04:51","slug":"fush259","status":"publish","type":"product","link":"https:\/\/fushaco.com\/sq\/produkt\/fush259\/","title":{"rendered":"Aksesor\u00eb &#8211; FUSH259"},"content":{"rendered":"<p>P\u00ebrjeto nj\u00eb eksperienc\u00eb relaksuese dhe efektive kujdesi p\u00ebr flok\u00ebt me <strong data-start=\"482\" data-end=\"534\">fur\u00e7\u00ebn multifunksionale masazhuese dhe pastruese<\/strong>, e krijuar p\u00ebr t\u00eb stimuluar qarkullimin e gjakut n\u00eb skalp dhe p\u00ebr t\u00eb ndihmuar n\u00eb pastrimin e thell\u00eb t\u00eb flok\u00ebve.<br data-start=\"646\" data-end=\"649\" \/>Kjo fur\u00e7\u00eb moderne kombinon <strong data-start=\"676\" data-end=\"730\">masazh t\u00eb but\u00eb, pastrim efektiv dhe dizajn elegant<\/strong>, p\u00ebr nj\u00eb ndjesi mir\u00ebqenieje \u00e7do dit\u00eb.<\/p>","protected":false},"excerpt":{"rendered":"<p data-start=\"772\" data-end=\"803\"><strong data-start=\"772\" data-end=\"801\">Karakteristikat kryesore:<\/strong><\/p>\n<ul data-start=\"804\" data-end=\"1279\">\n<li data-start=\"804\" data-end=\"909\">\n<p data-start=\"806\" data-end=\"909\"><strong data-start=\"812\" data-end=\"842\">Masazh relaksues i skalpit<\/strong> \u2013 ndihmon n\u00eb reduktimin e stresit dhe stimulon rritjen e flok\u00ebve<\/p>\n<\/li>\n<li data-start=\"910\" data-end=\"1008\">\n<p data-start=\"912\" data-end=\"1008\"><strong data-start=\"915\" data-end=\"960\">Depozit\u00eb e integruar p\u00ebr shampo ose serum<\/strong> \u2013 p\u00ebr aplikim t\u00eb leht\u00eb gjat\u00eb larjes<\/p>\n<\/li>\n<li data-start=\"1009\" data-end=\"1078\">\n<p data-start=\"1011\" data-end=\"1078\"><strong data-start=\"1014\" data-end=\"1041\">Fije fleksib\u00ebl silikoni<\/strong> q\u00eb pastrojn\u00eb skalpin pa e irrituar<\/p>\n<\/li>\n<li data-start=\"1079\" data-end=\"1139\">\n<p data-start=\"1081\" data-end=\"1139\"><strong data-start=\"1084\" data-end=\"1112\">Buton praktik aktivizimi<\/strong> p\u00ebr kontroll t\u00eb thjesht\u00eb<\/p>\n<\/li>\n<li data-start=\"1140\" data-end=\"1207\">\n<p data-start=\"1142\" data-end=\"1207\"><strong data-start=\"1145\" data-end=\"1177\">Dizajn ergonomik dhe elegant<\/strong><\/p>\n<\/li>\n<li data-start=\"1208\" data-end=\"1279\">\n<p data-start=\"1210\" data-end=\"1279\"><strong data-start=\"1213\" data-end=\"1241\">Mund\u00ebsi p\u00ebrdorimi me uj\u00eb<\/strong> \u2013 ideale p\u00ebr dush ose larje flok\u00ebsh<\/p>\n<\/li>\n<\/ul>","protected":false},"featured_media":31419,"template":"","meta":[],"product_brand":[],"product_cat":[325],"product_tag":[],"class_list":{"0":"post-31413","1":"product","2":"type-product","3":"status-publish","4":"has-post-thumbnail","6":"product_cat-aksesore","8":"first","9":"instock","10":"sale","11":"taxable","12":"shipping-taxable","13":"purchasable","14":"product-type-variable"},"group_of_quantity":0,"min_quantity":0,"max_quantity":"","exclude_order_quantity_value_rules":"no","exclude_category_quantity_rules":"no","combine_variations":"no","jetpack_sharing_enabled":true,"_links":{"self":[{"href":"https:\/\/fushaco.com\/sq\/wp-json\/wp\/v2\/product\/31413","targetHints":{"allow":["GET"]}}],"collection":[{"href":"https:\/\/fushaco.com\/sq\/wp-json\/wp\/v2\/product"}],"about":[{"href":"https:\/\/fushaco.com\/sq\/wp-json\/wp\/v2\/types\/product"}],"version-history":[{"count":4,"href":"https:\/\/fushaco.com\/sq\/wp-json\/wp\/v2\/product\/31413\/revisions"}],"predecessor-version":[{"id":32956,"href":"https:\/\/fushaco.com\/sq\/wp-json\/wp\/v2\/product\/31413\/revisions\/32956"}],"wp:featuredmedia":[{"embeddable":true,"href":"https:\/\/fushaco.com\/sq\/wp-json\/wp\/v2\/media\/31419"}],"wp:attachment":[{"href":"https:\/\/fushaco.com\/sq\/wp-json\/wp\/v2\/media?parent=31413"}],"wp:term":[{"taxonomy":"product_brand","embeddable":true,"href":"https:\/\/fushaco.com\/sq\/wp-json\/wp\/v2\/product_brand?post=31413"},{"taxonomy":"product_cat","embeddable":true,"href":"https:\/\/fushaco.com\/sq\/wp-json\/wp\/v2\/product_cat?post=31413"},{"taxonomy":"product_tag","embeddable":true,"href":"https:\/\/fushaco.com\/sq\/wp-json\/wp\/v2\/product_tag?post=31413"}],"curies":[{"name":"wp","href":"https:\/\/api.w.org\/{rel}","templated":true}]}}