{"id":31428,"date":"2025-11-01T17:48:48","date_gmt":"2025-11-01T17:48:48","guid":{"rendered":"https:\/\/fushaco.com\/?post_type=product&#038;p=31428"},"modified":"2026-03-16T11:09:39","modified_gmt":"2026-03-16T11:09:39","slug":"fush340-341","status":"publish","type":"product","link":"https:\/\/fushaco.com\/sq\/produkt\/fush340-341\/","title":{"rendered":"Llamb\u00eb Dekorative LED p\u00ebr Ambient &#038; Evente &#8211; FUSH340-341"},"content":{"rendered":"","protected":false},"excerpt":{"rendered":"<p data-start=\"41\" data-end=\"192\"><strong data-start=\"41\" data-end=\"70\">Llamb\u00eb dekorative moderne<\/strong> me dizajn elegant dhe minimalist, ideale p\u00ebr t\u00eb krijuar nj\u00eb atmosfer\u00eb t\u00eb ngroht\u00eb dhe luksoze n\u00eb \u00e7do hap\u00ebsir\u00eb t\u00eb sht\u00ebpis\u00eb.<\/p>\n<p data-start=\"194\" data-end=\"225\">\u2728 <strong data-start=\"196\" data-end=\"225\">Karakteristikat kryesore:<\/strong><\/p>\n<ul data-start=\"227\" data-end=\"513\">\n<li data-section-id=\"kx5dnu\" data-start=\"227\" data-end=\"269\">\n<p data-start=\"229\" data-end=\"269\">\ud83d\udca1 Dizajn modern me <strong data-start=\"249\" data-end=\"269\">sfera dekorative<\/strong><\/p>\n<\/li>\n<li data-section-id=\"1r7shb5\" data-start=\"270\" data-end=\"318\">\n<p data-start=\"272\" data-end=\"318\">\ud83d\udfe1 Struktur\u00eb metalike me <strong data-start=\"297\" data-end=\"318\">ngjyr\u00eb ari (gold)<\/strong><\/p>\n<\/li>\n<li data-section-id=\"nenlw7\" data-start=\"319\" data-end=\"361\">\n<p data-start=\"321\" data-end=\"361\">\ud83c\udf1f Ndri\u00e7im i but\u00eb dhe ambient i k\u00ebndsh\u00ebm<\/p>\n<\/li>\n<li data-section-id=\"17pqux0\" data-start=\"362\" data-end=\"430\">\n<p data-start=\"364\" data-end=\"430\">\ud83c\udfe0 E p\u00ebrshtatshme p\u00ebr <strong data-start=\"386\" data-end=\"430\">dhom\u00eb dite, dhom\u00eb gjumi, hotel, apo zyre<\/strong><\/p>\n<\/li>\n<li data-section-id=\"rsbzvj\" data-start=\"431\" data-end=\"476\">\n<p data-start=\"433\" data-end=\"476\">\ud83c\udfa8 Kombinon stilin <strong data-start=\"452\" data-end=\"476\">modern dhe dekorativ<\/strong><\/p>\n<\/li>\n<li data-section-id=\"1uizi4j\" data-start=\"477\" data-end=\"513\">\n<p data-start=\"479\" data-end=\"513\">\ud83d\udd0c Funksionon me energji elektrike<\/p>\n<\/li>\n<\/ul>\n<p data-start=\"515\" data-end=\"657\">Kjo llamb\u00eb \u00ebsht\u00eb jo vet\u00ebm nj\u00eb burim drite, por edhe nj\u00eb <strong data-start=\"571\" data-end=\"606\">element dekorativ shum\u00eb elegant<\/strong>, q\u00eb i jep ambientit nj\u00eb pamje moderne dhe luksoze.<\/p>","protected":false},"featured_media":31421,"template":"","meta":[],"product_brand":[],"product_cat":[306],"product_tag":[],"class_list":{"0":"post-31428","1":"product","2":"type-product","3":"status-publish","4":"has-post-thumbnail","6":"product_cat-dekore","8":"first","9":"instock","10":"taxable","11":"shipping-taxable","12":"purchasable","13":"product-type-variable"},"group_of_quantity":0,"min_quantity":0,"max_quantity":"","exclude_order_quantity_value_rules":"no","exclude_category_quantity_rules":"no","combine_variations":"no","jetpack_sharing_enabled":true,"_links":{"self":[{"href":"https:\/\/fushaco.com\/sq\/wp-json\/wp\/v2\/product\/31428","targetHints":{"allow":["GET"]}}],"collection":[{"href":"https:\/\/fushaco.com\/sq\/wp-json\/wp\/v2\/product"}],"about":[{"href":"https:\/\/fushaco.com\/sq\/wp-json\/wp\/v2\/types\/product"}],"version-history":[{"count":3,"href":"https:\/\/fushaco.com\/sq\/wp-json\/wp\/v2\/product\/31428\/revisions"}],"predecessor-version":[{"id":35241,"href":"https:\/\/fushaco.com\/sq\/wp-json\/wp\/v2\/product\/31428\/revisions\/35241"}],"wp:featuredmedia":[{"embeddable":true,"href":"https:\/\/fushaco.com\/sq\/wp-json\/wp\/v2\/media\/31421"}],"wp:attachment":[{"href":"https:\/\/fushaco.com\/sq\/wp-json\/wp\/v2\/media?parent=31428"}],"wp:term":[{"taxonomy":"product_brand","embeddable":true,"href":"https:\/\/fushaco.com\/sq\/wp-json\/wp\/v2\/product_brand?post=31428"},{"taxonomy":"product_cat","embeddable":true,"href":"https:\/\/fushaco.com\/sq\/wp-json\/wp\/v2\/product_cat?post=31428"},{"taxonomy":"product_tag","embeddable":true,"href":"https:\/\/fushaco.com\/sq\/wp-json\/wp\/v2\/product_tag?post=31428"}],"curies":[{"name":"wp","href":"https:\/\/api.w.org\/{rel}","templated":true}]}}