{"id":31431,"date":"2025-11-01T17:49:49","date_gmt":"2025-11-01T17:49:49","guid":{"rendered":"https:\/\/fushaco.com\/?post_type=product&#038;p=31431"},"modified":"2025-12-18T16:14:38","modified_gmt":"2025-12-18T16:14:38","slug":"fush353","status":"publish","type":"product","link":"https:\/\/fushaco.com\/sq\/produkt\/fush353\/","title":{"rendered":"Rrjet\u00eb Ndri\u00e7uese LED e Art\u00eb 5 Metra &#8211; FUSH353"},"content":{"rendered":"<p>Krijo nj\u00eb atmosfer\u00eb magjike dhe moderne me <strong data-start=\"197\" data-end=\"238\">dritat dekorative LED n\u00eb form\u00eb rrjete<\/strong>, me ndri\u00e7im t\u00eb ftoht\u00eb t\u00eb bardh\u00eb q\u00eb i jep \u00e7do hap\u00ebsire nj\u00eb pamje t\u00eb past\u00ebr dhe elegante.<br data-start=\"326\" data-end=\"329\" \/>Ideale p\u00ebr <strong data-start=\"340\" data-end=\"408\">dasma, festa, dekor muri, dritare, ballkone apo ambiente biznesi<\/strong>, k\u00ebto drita jan\u00eb kombinimi perfekt midis stilit minimalist dhe ndri\u00e7imit t\u00eb fuqish\u00ebm.<\/p>","protected":false},"excerpt":{"rendered":"<p data-start=\"498\" data-end=\"529\"><strong data-start=\"498\" data-end=\"527\">Karakteristikat kryesore:<\/strong><\/p>\n<ul data-start=\"530\" data-end=\"896\">\n<li data-start=\"530\" data-end=\"588\">\n<p data-start=\"532\" data-end=\"588\">Rrjet\u00eb LED me ndri\u00e7im t\u00eb bardh\u00eb t\u00eb ftoht\u00eb<\/p>\n<\/li>\n<li data-start=\"589\" data-end=\"635\">\n<p data-start=\"591\" data-end=\"635\">Pamje elegante dhe moderne p\u00ebr \u00e7do ambient<\/p>\n<\/li>\n<li data-start=\"589\" data-end=\"635\">Gjatesia 5metra me 1 meter gjeresi<\/li>\n<li data-start=\"636\" data-end=\"697\">\n<p data-start=\"638\" data-end=\"697\">E leht\u00eb p\u00ebr t\u2019u vendosur n\u00eb mur, perde, dritare apo tavan<\/p>\n<\/li>\n<li data-start=\"698\" data-end=\"754\">\n<p data-start=\"700\" data-end=\"754\">Konsum i ul\u00ebt energjie dhe jet\u00ebgjat\u00ebsi shum\u00eb e lart\u00eb<\/p>\n<\/li>\n<li data-start=\"755\" data-end=\"836\">\n<p data-start=\"757\" data-end=\"836\">P\u00ebrshtatshme p\u00ebr p\u00ebrdorim t\u00eb brendsh\u00ebm dhe t\u00eb jasht\u00ebm (n\u00eb vende t\u00eb mbrojtura)<\/p>\n<\/li>\n<li data-start=\"837\" data-end=\"896\">\n<p data-start=\"839\" data-end=\"896\">Furnizim me priz\u00eb elektrike p\u00ebr p\u00ebrdorim t\u00eb q\u00ebndruesh\u00ebm<\/p>\n<\/li>\n<\/ul>","protected":false},"featured_media":32203,"template":"","meta":[],"product_brand":[],"product_cat":[306],"product_tag":[],"class_list":{"0":"post-31431","1":"product","2":"type-product","3":"status-publish","4":"has-post-thumbnail","6":"product_cat-dekore","8":"first","9":"instock","10":"sale","11":"taxable","12":"shipping-taxable","13":"purchasable","14":"product-type-variable"},"group_of_quantity":0,"min_quantity":0,"max_quantity":"","exclude_order_quantity_value_rules":"no","exclude_category_quantity_rules":"no","combine_variations":"no","jetpack_sharing_enabled":true,"_links":{"self":[{"href":"https:\/\/fushaco.com\/sq\/wp-json\/wp\/v2\/product\/31431","targetHints":{"allow":["GET"]}}],"collection":[{"href":"https:\/\/fushaco.com\/sq\/wp-json\/wp\/v2\/product"}],"about":[{"href":"https:\/\/fushaco.com\/sq\/wp-json\/wp\/v2\/types\/product"}],"version-history":[{"count":6,"href":"https:\/\/fushaco.com\/sq\/wp-json\/wp\/v2\/product\/31431\/revisions"}],"predecessor-version":[{"id":33259,"href":"https:\/\/fushaco.com\/sq\/wp-json\/wp\/v2\/product\/31431\/revisions\/33259"}],"wp:featuredmedia":[{"embeddable":true,"href":"https:\/\/fushaco.com\/sq\/wp-json\/wp\/v2\/media\/32203"}],"wp:attachment":[{"href":"https:\/\/fushaco.com\/sq\/wp-json\/wp\/v2\/media?parent=31431"}],"wp:term":[{"taxonomy":"product_brand","embeddable":true,"href":"https:\/\/fushaco.com\/sq\/wp-json\/wp\/v2\/product_brand?post=31431"},{"taxonomy":"product_cat","embeddable":true,"href":"https:\/\/fushaco.com\/sq\/wp-json\/wp\/v2\/product_cat?post=31431"},{"taxonomy":"product_tag","embeddable":true,"href":"https:\/\/fushaco.com\/sq\/wp-json\/wp\/v2\/product_tag?post=31431"}],"curies":[{"name":"wp","href":"https:\/\/api.w.org\/{rel}","templated":true}]}}