{"id":31434,"date":"2025-11-01T17:50:23","date_gmt":"2025-11-01T17:50:23","guid":{"rendered":"https:\/\/fushaco.com\/?post_type=product&#038;p=31434"},"modified":"2025-12-18T16:14:20","modified_gmt":"2025-12-18T16:14:20","slug":"fush354","status":"publish","type":"product","link":"https:\/\/fushaco.com\/sq\/produkt\/fush354\/","title":{"rendered":"Rrjet\u00eb Ndri\u00e7uese LED e Art\u00eb 10 Metra &#8211; FUSH354"},"content":{"rendered":"<p>Krijo nj\u00eb atmosfer\u00eb magjike me <strong data-start=\"186\" data-end=\"227\">dritat dekorative LED n\u00eb form\u00eb rrjete<\/strong>, perfekte p\u00ebr dasma, festa, dekor muri apo ambient sht\u00ebpie.<br data-start=\"287\" data-end=\"290\" \/>Me ndri\u00e7im <strong data-start=\"301\" data-end=\"325\">t\u00eb ngroht\u00eb e t\u00eb but\u00eb<\/strong>, ky model i sjell \u00e7do hap\u00ebsire ndjesin\u00eb e ngroht\u00ebsis\u00eb dhe eleganc\u00ebs, duke e b\u00ebr\u00eb ideale p\u00ebr p\u00ebrdorim t\u00eb p\u00ebrditsh\u00ebm apo p\u00ebr raste speciale.<\/p>","protected":false},"excerpt":{"rendered":"<p data-start=\"468\" data-end=\"499\"><strong data-start=\"468\" data-end=\"497\">Karakteristikat kryesore:<\/strong><\/p>\n<ul data-start=\"500\" data-end=\"835\">\n<li data-start=\"500\" data-end=\"562\">\n<p data-start=\"502\" data-end=\"562\">Rrjet\u00eb ndri\u00e7uese LED me shp\u00ebrndarje t\u00eb barabart\u00eb t\u00eb drit\u00ebs<\/p>\n<\/li>\n<li data-start=\"563\" data-end=\"625\">\n<p data-start=\"565\" data-end=\"625\">Drit\u00eb e ngroht\u00eb q\u00eb krijon atmosfer\u00eb relaksuese dhe festive<\/p>\n<\/li>\n<li data-start=\"563\" data-end=\"625\">Gjatesia 10 Metra me 1 Meter gjeresi<\/li>\n<li data-start=\"626\" data-end=\"717\">\n<p data-start=\"628\" data-end=\"717\">P\u00ebrdorim i shum\u00ebllojsh\u00ebm: mur, perde, ballkon, tavan, foto corner, apo ambient eventesh<\/p>\n<\/li>\n<li data-start=\"718\" data-end=\"784\">\n<p data-start=\"720\" data-end=\"784\">E leht\u00eb p\u00ebr instalim dhe p\u00ebrdorim \u2013 mjafton t\u00eb lidhet me priz\u00eb<\/p>\n<\/li>\n<li data-start=\"785\" data-end=\"835\">\n<p data-start=\"787\" data-end=\"835\">Konsum i ul\u00ebt energjie dhe jet\u00ebgjat\u00ebsi e lart\u00eb<\/p>\n<\/li>\n<\/ul>","protected":false},"featured_media":32202,"template":"","meta":[],"product_brand":[],"product_cat":[306],"product_tag":[],"class_list":{"0":"post-31434","1":"product","2":"type-product","3":"status-publish","4":"has-post-thumbnail","6":"product_cat-dekore","8":"first","9":"instock","10":"sale","11":"taxable","12":"shipping-taxable","13":"purchasable","14":"product-type-variable"},"group_of_quantity":0,"min_quantity":0,"max_quantity":"","exclude_order_quantity_value_rules":"no","exclude_category_quantity_rules":"no","combine_variations":"no","jetpack_sharing_enabled":true,"_links":{"self":[{"href":"https:\/\/fushaco.com\/sq\/wp-json\/wp\/v2\/product\/31434","targetHints":{"allow":["GET"]}}],"collection":[{"href":"https:\/\/fushaco.com\/sq\/wp-json\/wp\/v2\/product"}],"about":[{"href":"https:\/\/fushaco.com\/sq\/wp-json\/wp\/v2\/types\/product"}],"version-history":[{"count":7,"href":"https:\/\/fushaco.com\/sq\/wp-json\/wp\/v2\/product\/31434\/revisions"}],"predecessor-version":[{"id":33258,"href":"https:\/\/fushaco.com\/sq\/wp-json\/wp\/v2\/product\/31434\/revisions\/33258"}],"wp:featuredmedia":[{"embeddable":true,"href":"https:\/\/fushaco.com\/sq\/wp-json\/wp\/v2\/media\/32202"}],"wp:attachment":[{"href":"https:\/\/fushaco.com\/sq\/wp-json\/wp\/v2\/media?parent=31434"}],"wp:term":[{"taxonomy":"product_brand","embeddable":true,"href":"https:\/\/fushaco.com\/sq\/wp-json\/wp\/v2\/product_brand?post=31434"},{"taxonomy":"product_cat","embeddable":true,"href":"https:\/\/fushaco.com\/sq\/wp-json\/wp\/v2\/product_cat?post=31434"},{"taxonomy":"product_tag","embeddable":true,"href":"https:\/\/fushaco.com\/sq\/wp-json\/wp\/v2\/product_tag?post=31434"}],"curies":[{"name":"wp","href":"https:\/\/api.w.org\/{rel}","templated":true}]}}