{"id":31513,"date":"2025-11-02T14:33:50","date_gmt":"2025-11-02T14:33:50","guid":{"rendered":"https:\/\/fushaco.com\/?post_type=product&#038;p=31513"},"modified":"2026-04-13T15:45:01","modified_gmt":"2026-04-13T15:45:01","slug":"fush075-076","status":"publish","type":"product","link":"https:\/\/fushaco.com\/sq\/produkt\/fush075-076\/","title":{"rendered":"Arush Pellushi &#8211; FUSH075-076"},"content":{"rendered":"<p data-start=\"157\" data-end=\"405\">Nj\u00eb ari lod\u00ebr i but\u00eb dhe i adhuruesh\u00ebm q\u00eb sjell buz\u00ebqeshje n\u00eb \u00e7do moment! Me kapel\u00ebn e tij festive dhe fjongon elegante, ky ari \u00ebsht\u00eb dhurata perfekte p\u00ebr dit\u00eblindje, festa apo p\u00ebr t\u2019i sjell\u00eb g\u00ebzim dikujt t\u00eb dashur.<\/p>","protected":false},"excerpt":{"rendered":"<p data-start=\"877\" data-end=\"906\"><strong data-start=\"877\" data-end=\"906\">Karakteristikat kryesore:<\/strong><\/p>\n<ul data-start=\"907\" data-end=\"1167\">\n<li data-start=\"907\" data-end=\"947\">\n<p data-start=\"909\" data-end=\"947\">Material super i but\u00eb dhe cil\u00ebsor<\/p>\n<\/li>\n<li data-start=\"907\" data-end=\"947\">\n<p data-start=\"909\" data-end=\"947\">Dizajn festiv me kapel\u00eb shum\u00ebngjyr\u00ebshe<\/p>\n<\/li>\n<li data-start=\"994\" data-end=\"1044\">\n<p data-start=\"996\" data-end=\"1044\">Fjongo elegante me detaje t\u00eb ngjyrosura<\/p>\n<\/li>\n<li data-start=\"1045\" data-end=\"1093\">\n<p data-start=\"1047\" data-end=\"1093\">Dhurat\u00eb perfekte p\u00ebr f\u00ebmij\u00eb dhe t\u00eb dashur<\/p>\n<\/li>\n<li data-start=\"1094\" data-end=\"1167\">\n<p data-start=\"1096\" data-end=\"1167\">Leht\u00eb p\u00ebr t\u2019u pastruar dhe rezistent ndaj p\u00ebrdorimit t\u00eb p\u00ebrditsh\u00ebm<\/p>\n<\/li>\n<li data-start=\"1094\" data-end=\"1167\">Lartesia &#8211; 52cm<\/li>\n<\/ul>","protected":false},"featured_media":31509,"template":"","meta":[],"product_brand":[],"product_cat":[282],"product_tag":[],"class_list":{"0":"post-31513","1":"product","2":"type-product","3":"status-publish","4":"has-post-thumbnail","6":"product_cat-arusha-pelushi","8":"first","9":"instock","10":"sale","11":"taxable","12":"shipping-taxable","13":"purchasable","14":"product-type-variable","15":"has-default-attributes"},"group_of_quantity":0,"min_quantity":0,"max_quantity":"","exclude_order_quantity_value_rules":"no","exclude_category_quantity_rules":"no","combine_variations":"no","jetpack_sharing_enabled":true,"_links":{"self":[{"href":"https:\/\/fushaco.com\/sq\/wp-json\/wp\/v2\/product\/31513","targetHints":{"allow":["GET"]}}],"collection":[{"href":"https:\/\/fushaco.com\/sq\/wp-json\/wp\/v2\/product"}],"about":[{"href":"https:\/\/fushaco.com\/sq\/wp-json\/wp\/v2\/types\/product"}],"version-history":[{"count":5,"href":"https:\/\/fushaco.com\/sq\/wp-json\/wp\/v2\/product\/31513\/revisions"}],"predecessor-version":[{"id":32994,"href":"https:\/\/fushaco.com\/sq\/wp-json\/wp\/v2\/product\/31513\/revisions\/32994"}],"wp:featuredmedia":[{"embeddable":true,"href":"https:\/\/fushaco.com\/sq\/wp-json\/wp\/v2\/media\/31509"}],"wp:attachment":[{"href":"https:\/\/fushaco.com\/sq\/wp-json\/wp\/v2\/media?parent=31513"}],"wp:term":[{"taxonomy":"product_brand","embeddable":true,"href":"https:\/\/fushaco.com\/sq\/wp-json\/wp\/v2\/product_brand?post=31513"},{"taxonomy":"product_cat","embeddable":true,"href":"https:\/\/fushaco.com\/sq\/wp-json\/wp\/v2\/product_cat?post=31513"},{"taxonomy":"product_tag","embeddable":true,"href":"https:\/\/fushaco.com\/sq\/wp-json\/wp\/v2\/product_tag?post=31513"}],"curies":[{"name":"wp","href":"https:\/\/api.w.org\/{rel}","templated":true}]}}