{"id":31523,"date":"2025-11-02T14:34:53","date_gmt":"2025-11-02T14:34:53","guid":{"rendered":"https:\/\/fushaco.com\/?post_type=product&#038;p=31523"},"modified":"2025-12-19T10:20:27","modified_gmt":"2025-12-19T10:20:27","slug":"fush077","status":"publish","type":"product","link":"https:\/\/fushaco.com\/sq\/produkt\/fush077\/","title":{"rendered":"Arush Pellushi &#8211; FUSH077"},"content":{"rendered":"<p>Ky <strong data-start=\"163\" data-end=\"201\">ari pelushi elegant <\/strong>\u00ebsht\u00eb kombinimi perfekt i \u00ebmb\u00eblsis\u00eb dhe stilit luksoz. Me <strong data-start=\"260\" data-end=\"286\">material shum\u00eb t\u00eb but\u00eb<\/strong> dhe <strong data-start=\"291\" data-end=\"318\">detaje t\u00eb arta delikate<\/strong>, \u00ebsht\u00eb dhurata ideale p\u00ebr \u00e7do rast \u2013 dit\u00eblindje, p\u00ebrvjetor apo thjesht p\u00ebr t\u00eb shprehur dashurin\u00eb tuaj.<\/p>","protected":false},"excerpt":{"rendered":"<p data-start=\"425\" data-end=\"456\"><strong data-start=\"425\" data-end=\"454\">Karakteristikat kryesore:<\/strong><\/p>\n<ul data-start=\"457\" data-end=\"777\">\n<li data-start=\"457\" data-end=\"538\">\n<p data-start=\"459\" data-end=\"538\">Pelush me cil\u00ebsi premium, jasht\u00ebzakonisht i but\u00eb dhe i rehatsh\u00ebm p\u00ebr p\u00ebrqafim<\/p>\n<\/li>\n<li data-start=\"539\" data-end=\"592\">\n<p data-start=\"541\" data-end=\"592\">Fjongo e art\u00eb elegante q\u00eb i jep nj\u00eb pamje luksoze<\/p>\n<\/li>\n<li data-start=\"593\" data-end=\"655\">\n<p data-start=\"595\" data-end=\"655\">Detaje t\u00eb q\u00ebndisura me zemra dhe simbole dashurie n\u00eb k\u00ebmb\u00eb<\/p>\n<\/li>\n<li data-start=\"656\" data-end=\"714\">\n<p data-start=\"658\" data-end=\"714\">Dizajn klasik me buz\u00ebqeshje t\u00eb \u00ebmb\u00ebl dhe sy t\u00eb ngroht\u00eb<\/p>\n<\/li>\n<li data-start=\"715\" data-end=\"777\">\n<p data-start=\"717\" data-end=\"777\">Ideal p\u00ebr dhurata romantike, dit\u00eblindje ose dekor n\u00eb dhom\u00eb<\/p>\n<\/li>\n<li data-start=\"715\" data-end=\"777\">Lartesia &#8211; 75cm<\/li>\n<\/ul>","protected":false},"featured_media":31518,"template":"","meta":[],"product_brand":[],"product_cat":[282],"product_tag":[],"class_list":{"0":"post-31523","1":"product","2":"type-product","3":"status-publish","4":"has-post-thumbnail","6":"product_cat-arusha-pelushi","8":"first","9":"instock","10":"sale","11":"taxable","12":"shipping-taxable","13":"purchasable","14":"product-type-simple"},"group_of_quantity":0,"min_quantity":0,"max_quantity":"","exclude_order_quantity_value_rules":"no","exclude_category_quantity_rules":"no","combine_variations":"no","jetpack_sharing_enabled":true,"_links":{"self":[{"href":"https:\/\/fushaco.com\/sq\/wp-json\/wp\/v2\/product\/31523","targetHints":{"allow":["GET"]}}],"collection":[{"href":"https:\/\/fushaco.com\/sq\/wp-json\/wp\/v2\/product"}],"about":[{"href":"https:\/\/fushaco.com\/sq\/wp-json\/wp\/v2\/types\/product"}],"version-history":[{"count":5,"href":"https:\/\/fushaco.com\/sq\/wp-json\/wp\/v2\/product\/31523\/revisions"}],"predecessor-version":[{"id":32981,"href":"https:\/\/fushaco.com\/sq\/wp-json\/wp\/v2\/product\/31523\/revisions\/32981"}],"wp:featuredmedia":[{"embeddable":true,"href":"https:\/\/fushaco.com\/sq\/wp-json\/wp\/v2\/media\/31518"}],"wp:attachment":[{"href":"https:\/\/fushaco.com\/sq\/wp-json\/wp\/v2\/media?parent=31523"}],"wp:term":[{"taxonomy":"product_brand","embeddable":true,"href":"https:\/\/fushaco.com\/sq\/wp-json\/wp\/v2\/product_brand?post=31523"},{"taxonomy":"product_cat","embeddable":true,"href":"https:\/\/fushaco.com\/sq\/wp-json\/wp\/v2\/product_cat?post=31523"},{"taxonomy":"product_tag","embeddable":true,"href":"https:\/\/fushaco.com\/sq\/wp-json\/wp\/v2\/product_tag?post=31523"}],"curies":[{"name":"wp","href":"https:\/\/api.w.org\/{rel}","templated":true}]}}