{"id":31525,"date":"2025-11-02T14:35:48","date_gmt":"2025-11-02T14:35:48","guid":{"rendered":"https:\/\/fushaco.com\/?post_type=product&#038;p=31525"},"modified":"2025-12-16T09:22:23","modified_gmt":"2025-12-16T09:22:23","slug":"fush078","status":"publish","type":"product","link":"https:\/\/fushaco.com\/sq\/produkt\/fush078\/","title":{"rendered":"Loder Pellushi Naruto &#8211; FUSH078"},"content":{"rendered":"<p>Zbulo fuqin\u00eb e shpirtit ninja me k\u00ebt\u00eb <strong data-start=\"186\" data-end=\"221\">lod\u00ebr pelushi t\u00eb Naruto Uzumaki<\/strong>, personazhi m\u00eb i dashur nga seria legjendare <em data-start=\"267\" data-end=\"275\">Naruto<\/em>!<br data-start=\"276\" data-end=\"279\" \/>E b\u00ebr\u00eb nga <strong data-start=\"290\" data-end=\"348\">material pelushi super i but\u00eb dhe i sigurt p\u00ebr f\u00ebmij\u00ebt<\/strong>, kjo lod\u00ebr \u00ebsht\u00eb perfekte p\u00ebr p\u00ebrqafime, loj\u00eb ose si pjes\u00eb e koleksionit t\u00eb \u00e7do fansi anime.<\/p>","protected":false},"excerpt":{"rendered":"<p data-start=\"445\" data-end=\"476\"><strong data-start=\"445\" data-end=\"474\">Karakteristikat kryesore:<\/strong><\/p>\n<ul data-start=\"477\" data-end=\"850\">\n<li data-start=\"477\" data-end=\"546\">\n<p data-start=\"479\" data-end=\"546\">Material pelushi me cil\u00ebsi t\u00eb lart\u00eb, shum\u00eb i but\u00eb dhe i rehatsh\u00ebm<\/p>\n<\/li>\n<li data-start=\"547\" data-end=\"664\">\n<p data-start=\"549\" data-end=\"664\">Detaje autentike: veshja portokalli, shalli i kok\u00ebs me simbolin \u201cLeaf Village\u201d dhe flok\u00ebt e verdh\u00eb karakteristik\u00eb<\/p>\n<\/li>\n<li data-start=\"665\" data-end=\"721\">\n<p data-start=\"667\" data-end=\"721\">I leht\u00eb dhe i q\u00ebndruesh\u00ebm p\u00ebr p\u00ebrdorim t\u00eb p\u00ebrditsh\u00ebm<\/p>\n<\/li>\n<li data-start=\"722\" data-end=\"795\">\n<p data-start=\"724\" data-end=\"795\">Ideal si dhurat\u00eb p\u00ebr fansa t\u00eb anime-ve ose f\u00ebmij\u00eb q\u00eb adhurojn\u00eb heronj<\/p>\n<\/li>\n<li data-start=\"722\" data-end=\"795\">Lartesia 20cm<\/li>\n<\/ul>","protected":false},"featured_media":31526,"template":"","meta":[],"product_brand":[],"product_cat":[282],"product_tag":[],"class_list":{"0":"post-31525","1":"product","2":"type-product","3":"status-publish","4":"has-post-thumbnail","6":"product_cat-arusha-pelushi","8":"first","9":"instock","10":"taxable","11":"shipping-taxable","12":"purchasable","13":"product-type-simple"},"group_of_quantity":0,"min_quantity":0,"max_quantity":"","exclude_order_quantity_value_rules":"no","exclude_category_quantity_rules":"no","combine_variations":"no","jetpack_sharing_enabled":true,"_links":{"self":[{"href":"https:\/\/fushaco.com\/sq\/wp-json\/wp\/v2\/product\/31525","targetHints":{"allow":["GET"]}}],"collection":[{"href":"https:\/\/fushaco.com\/sq\/wp-json\/wp\/v2\/product"}],"about":[{"href":"https:\/\/fushaco.com\/sq\/wp-json\/wp\/v2\/types\/product"}],"version-history":[{"count":5,"href":"https:\/\/fushaco.com\/sq\/wp-json\/wp\/v2\/product\/31525\/revisions"}],"predecessor-version":[{"id":32993,"href":"https:\/\/fushaco.com\/sq\/wp-json\/wp\/v2\/product\/31525\/revisions\/32993"}],"wp:featuredmedia":[{"embeddable":true,"href":"https:\/\/fushaco.com\/sq\/wp-json\/wp\/v2\/media\/31526"}],"wp:attachment":[{"href":"https:\/\/fushaco.com\/sq\/wp-json\/wp\/v2\/media?parent=31525"}],"wp:term":[{"taxonomy":"product_brand","embeddable":true,"href":"https:\/\/fushaco.com\/sq\/wp-json\/wp\/v2\/product_brand?post=31525"},{"taxonomy":"product_cat","embeddable":true,"href":"https:\/\/fushaco.com\/sq\/wp-json\/wp\/v2\/product_cat?post=31525"},{"taxonomy":"product_tag","embeddable":true,"href":"https:\/\/fushaco.com\/sq\/wp-json\/wp\/v2\/product_tag?post=31525"}],"curies":[{"name":"wp","href":"https:\/\/api.w.org\/{rel}","templated":true}]}}